{"id":1884,"date":"2019-11-13T08:05:45","date_gmt":"2019-11-13T08:05:45","guid":{"rendered":"https:\/\/kosmeetika24.eu\/?post_type=product&#038;p=1884"},"modified":"2025-09-16T12:26:21","modified_gmt":"2025-09-16T09:26:21","slug":"bruno-vassari-kianty-pate-duva-2","status":"publish","type":"product","link":"https:\/\/kosmeetika24.eu\/et\/toode\/bruno-vassari-kianty-pate-duva-2\/","title":{"rendered":"BRUNO VASSARI Kianty kortsudevastane toitekreem"},"content":{"rendered":"<p>Toitekreem <em>Pat\u00e8 D`uva<\/em> pakub vananemisvastast hooldust: eemaldab peened kortsud ning l\u00fckkab edasi uute tekkimise. Eemaldab \u00f5rnalt surnud naharakud ning stimuleerib rakkude uuenemist. Taastab naha kiulise struktuuri, niisutab, \u00fchtlustab nahatooni ja omab noorendavat toimet.<\/p>\n<p>Seda saab kasutada massaa\u017eiks.<\/p>\n<p>Naha v\u00e4limust parandav kreem sobib erinevatele nahat\u00fc\u00fcpidele: elutu, kuiv, kare, l\u00f5tv, kortsude v\u00f5i peente miimikakortsukestega nahk.<\/p>\n<p>Kreemis kombineeritakse alfah\u00fcdroks\u00fchapete ja pol\u00fcfenoolide toime.<\/p>\n<p><strong>TOIMEAINED<\/strong><\/p>\n<ul>\n<li>Viinamarjaekstrakt<\/li>\n<li>Alfah\u00fcdroks\u00fchapped (piimhape, gl\u00fckoolhape)<\/li>\n<li>Koolap\u00e4hkliekstrakt<\/li>\n<li>E-vitamiin<\/li>\n<li>P\u00e4ikesekaitsefilter<\/li>\n<\/ul>\n<p><strong>TOIME<\/strong><\/p>\n<ul>\n<li>Viinamarjaekstrakt sisaldab pol\u00fcfenoolide suurt kontsentratsiooni, toimides vananemisvastaselt, antioks\u00fcdantselt, pinguldavalt ja toniseerivalt.<\/li>\n<li>Gl\u00fckool- ja piimhape on alfah\u00fcdroks\u00fchapped, mis vastutavad naha elastsuse ja pingulduse eest; kiirendavad surnud rakkude eemaldamist ning v\u00e4hendavad sarvkihi paksust; v\u00e4hendavad kortse ning ennetavad nende esinemist; muudavad nahatooni selgemaks ja \u00fchtlasemaks; v\u00e4hendavad p\u00e4ikese p\u00f5hjustatud nahalaike.<\/li>\n<li>Koolap\u00e4hkliekstrakt aitab minimeerida v\u00f5imalikku naha\u00e4rritust ja seda eriti tundlikul nahal.<\/li>\n<li>E-vitamiin toimib antioks\u00fcdandina.<\/li>\n<li>P\u00e4ikesekaitsefilter kaitseb kahjuliku UV-kiirguse eest.<\/li>\n<\/ul>\n<p><strong>KOOSTIS<\/strong><\/p>\n<p>AQUA (WATER), PROPYLENE GLYCOL, PARAFFINUM LIQUIDIUM (MINERA OLI), CAPRYLIC\/CAPRIC TRIGLYCERIDE, LACTIC ACID, GLYCERY STEARATE, PEG-100 STEARATE, ISOPROPYL PALMITATE, CETYL ALCOHOL, SODIUM HYDROXIDE, CETY ACETATE, CLYCOLIC ACID, PALMITIC ACID, DIMETHICONE,\u00a0 ETHYLHEXYL METHOXYCINNAMATE, MYRISTIC ACID, VITIS VINIFERA (GRAPE) SEED EXTRACT, COLA NITIDA (KOLA) SEED EXTRACT, ARAHIDIC ACID, HYDROGENATED LECITHIN, BUTYLENE GLYCOL, STEARIC ACID, LANOLIN ALCOHOL, STEARATE ACETATE, OLEYL ACETATE, THOCOPHERYL ACETATE, DISODIUM EDTA, ACETYLATED LANOLIN ALCOHOL, PENTYLENE GLYCOL, 2-BROMO-NITHROPANE-1,3-DOIL, BHT, HEXYL SINNAMAL, BENZYL SALICYLATE, LINALOOL, PALMITOYL HYDROXYPROPYLTRIMONIUM AYLOPECTIN\/GLYCERIN CROSSPOLYMER, POLYACYLAMIDE, C13-14 ISOPARAFFIN, LAURETH-7, PARFUM (FRAGRANCE), CITRONELLOL, HYDROXCIITRONELLAL, ALPHA-ISOMETHYL IONONE, 1,2-HEXNEDIOL, CAPRYLYL GLYCOL, SODIUM CHLORIDE, METHYLPARABEN, PROPYLPARABEN.<\/p>\n","protected":false},"excerpt":{"rendered":"<p>Professionaalseks kasutamiseks m\u00f5eldud antioks\u00fcdantse toimega vananemisvastane kreem, mis aitab siluda peenemad kortsud.<\/p>\n<p>&nbsp;<\/p>\n<p>200 ml<\/p>\n","protected":false},"featured_media":2007,"template":"","meta":{"om_disable_all_campaigns":false,"_monsterinsights_skip_tracking":false,"_monsterinsights_sitenote_active":false,"_monsterinsights_sitenote_note":"","_monsterinsights_sitenote_category":0,"_uf_show_specific_survey":0,"_uf_disable_surveys":false,"site-sidebar-layout":"default","site-content-layout":"","ast-site-content-layout":"default","site-content-style":"default","site-sidebar-style":"default","ast-global-header-display":"","ast-banner-title-visibility":"","ast-main-header-display":"","ast-hfb-above-header-display":"","ast-hfb-below-header-display":"","ast-hfb-mobile-header-display":"","site-post-title":"","ast-breadcrumbs-content":"","ast-featured-img":"","footer-sml-layout":"","theme-transparent-header-meta":"default","adv-header-id-meta":"","stick-header-meta":"","header-above-stick-meta":"","header-main-stick-meta":"","header-below-stick-meta":"","astra-migrate-meta-layouts":"set","ast-page-background-enabled":"default","ast-page-background-meta":{"desktop":{"background-color":"var(--ast-global-color-4)","background-image":"","background-repeat":"repeat","background-position":"center center","background-size":"auto","background-attachment":"scroll","background-type":"","background-media":"","overlay-type":"","overlay-color":"","overlay-opacity":"","overlay-gradient":""},"tablet":{"background-color":"","background-image":"","background-repeat":"repeat","background-position":"center center","background-size":"auto","background-attachment":"scroll","background-type":"","background-media":"","overlay-type":"","overlay-color":"","overlay-opacity":"","overlay-gradient":""},"mobile":{"background-color":"","background-image":"","background-repeat":"repeat","background-position":"center center","background-size":"auto","background-attachment":"scroll","background-type":"","background-media":"","overlay-type":"","overlay-color":"","overlay-opacity":"","overlay-gradient":""}},"ast-content-background-meta":{"desktop":{"background-color":"var(--ast-global-color-5)","background-image":"","background-repeat":"repeat","background-position":"center center","background-size":"auto","background-attachment":"scroll","background-type":"","background-media":"","overlay-type":"","overlay-color":"","overlay-opacity":"","overlay-gradient":""},"tablet":{"background-color":"var(--ast-global-color-5)","background-image":"","background-repeat":"repeat","background-position":"center center","background-size":"auto","background-attachment":"scroll","background-type":"","background-media":"","overlay-type":"","overlay-color":"","overlay-opacity":"","overlay-gradient":""},"mobile":{"background-color":"var(--ast-global-color-5)","background-image":"","background-repeat":"repeat","background-position":"center center","background-size":"auto","background-attachment":"scroll","background-type":"","background-media":"","overlay-type":"","overlay-color":"","overlay-opacity":"","overlay-gradient":""}}},"product_brand":[],"product_cat":[115,108],"product_tag":[],"class_list":{"0":"post-1884","1":"product","2":"type-product","3":"status-publish","4":"has-post-thumbnail","6":"product_cat-kreemid-profitooted","7":"product_cat-profitooted","8":"desktop-align-center","9":"tablet-align-left","10":"mobile-align-left","12":"first","13":"instock","14":"taxable","15":"shipping-taxable","16":"product-type-simple","17":"add-to-wishlist-before_image"},"aioseo_notices":[],"_links":{"self":[{"href":"https:\/\/kosmeetika24.eu\/et\/wp-json\/wp\/v2\/product\/1884","targetHints":{"allow":["GET"]}}],"collection":[{"href":"https:\/\/kosmeetika24.eu\/et\/wp-json\/wp\/v2\/product"}],"about":[{"href":"https:\/\/kosmeetika24.eu\/et\/wp-json\/wp\/v2\/types\/product"}],"version-history":[{"count":2,"href":"https:\/\/kosmeetika24.eu\/et\/wp-json\/wp\/v2\/product\/1884\/revisions"}],"predecessor-version":[{"id":10445,"href":"https:\/\/kosmeetika24.eu\/et\/wp-json\/wp\/v2\/product\/1884\/revisions\/10445"}],"wp:featuredmedia":[{"embeddable":true,"href":"https:\/\/kosmeetika24.eu\/et\/wp-json\/wp\/v2\/media\/2007"}],"wp:attachment":[{"href":"https:\/\/kosmeetika24.eu\/et\/wp-json\/wp\/v2\/media?parent=1884"}],"wp:term":[{"taxonomy":"product_brand","embeddable":true,"href":"https:\/\/kosmeetika24.eu\/et\/wp-json\/wp\/v2\/product_brand?post=1884"},{"taxonomy":"product_cat","embeddable":true,"href":"https:\/\/kosmeetika24.eu\/et\/wp-json\/wp\/v2\/product_cat?post=1884"},{"taxonomy":"product_tag","embeddable":true,"href":"https:\/\/kosmeetika24.eu\/et\/wp-json\/wp\/v2\/product_tag?post=1884"}],"curies":[{"name":"wp","href":"https:\/\/api.w.org\/{rel}","templated":true}]}}