{"id":1878,"date":"2019-11-13T08:05:39","date_gmt":"2019-11-13T08:05:39","guid":{"rendered":"https:\/\/kosmeetika24.eu\/?post_type=product&#038;p=1878"},"modified":"2024-12-27T12:59:04","modified_gmt":"2024-12-27T09:59:04","slug":"bruno-vassari-kianty-pate-duva","status":"publish","type":"product","link":"https:\/\/kosmeetika24.eu\/et\/toode\/bruno-vassari-kianty-pate-duva\/","title":{"rendered":"BRUNO VASSARI Kianty kortsudevastane toitekreem"},"content":{"rendered":"<p>Toitekreem<em> Pat\u00e8 D`uva<\/em> pakub vananemisvastast hooldust: eemaldab peened kortsud ning l\u00fckkab edasi uute tekkimise. Eemaldab \u00f5rnalt surnud naharakud ning stimuleerib rakkude uuenemist. Taastab naha kiulise struktuuri, niisutab, \u00fchtlustab nahatooni ja omab noorendavat toimet. Seda saab kasutada massaa\u017eiks.<\/p>\n<p>Naha v\u00e4limust parandav kreem sobib erinevatele nahat\u00fc\u00fcpidele: kortsude v\u00f5i peente miimikakortsukestega nahk, elutu nahk, kuiv nahk, kare nahk, l\u00f5tv nahk.<\/p>\n<p>Kreemis kombineeritakse alfah\u00fcdroks\u00fchapete ja pol\u00fcfenoolide toime.<\/p>\n<p><strong>PEAMISED TOIMEAINED<\/strong><\/p>\n<ul>\n<li>Viinamarjaekstrakt<\/li>\n<li>Alfah\u00fcdroks\u00fchapped (piimhape, gl\u00fckoolhape)<\/li>\n<li>Koolap\u00e4hkliekstrakt<\/li>\n<li>E-vitamiin<\/li>\n<li>P\u00e4ikesekaitsefilter<\/li>\n<\/ul>\n<p><strong>TOIME<\/strong><\/p>\n<ul>\n<li>Viinamarjaekstrakt sisaldab pol\u00fcfenoolide suurt kontsentratsiooni, toimides vananemisvastaselt, antioks\u00fcdantselt, pinguldavalt ja toniseerivalt.<\/li>\n<li>Gl\u00fckool- ja piimhape on alfah\u00fcdroks\u00fchapped, mis vastutavad naha elastsuse ja pingulduse eest; kiirendavad surnud rakkude eemaldamist ning v\u00e4hendavad sarvkihi paksust; v\u00e4hendavad kortse ning ennetavad nende esinemist; muudavad nahatooni selgemaks ja \u00fchtlasemaks; v\u00e4hendavad p\u00e4ikese p\u00f5hjustatud nahalaike.<\/li>\n<li>\u00a0Koolap\u00e4hkliekstrakt aitab minimeerida v\u00f5imalikku naha\u00e4rritust ja seda eriti tundlikul nahal.<\/li>\n<li>\u00a0E-vitamiin toimib antioks\u00fcdandina.<\/li>\n<li>\u00a0P\u00e4ikesekaitsefilter kaitseb kahjuliku UV-kiirguse eest.<\/li>\n<\/ul>\n<p><strong>KASUTAMINE<\/strong><\/p>\n<ul>\n<li>Nahk puhastada eelnevalt nt tootega <a href=\"https:\/\/kosmeetika24.eu\/toode\/bruno-vassari-kianty-rugiada-di-vigna\/\">BRUNO VASSARI Kianty v\u00e4rskendav puhastusvaht<\/a>.<\/li>\n<li>Nahk toniseerida eelnevalt nt tootega <a href=\"https:\/\/kosmeetika24.eu\/toode\/bruno-vassari-kianty-pioggia-di-vigna\/\">BRUNO VASSARI Kianty vananemisvastane losjoon 200ml<\/a>.<\/li>\n<li>Kreem kanda \u00f5htul kergete masseerivate liigutustega eelnevalt puhastatud nahale. Sobib kasutamiseks nii hommikul kui \u00f5htul.<\/li>\n<\/ul>\n<p><strong>KOOSTIS<\/strong><\/p>\n<p>AQUA (WATER), PROPYLENE GLYCOL, PARAFFINUM LIQUIDUM (MINERAL OIL), CAPRYLIC\/CAPRIC\u00a0 TRILGYCERIDE, LACTIC ACID, GLYCERYL STEARATE, PEG-100 STEARATE, ISOPROPYL PALMITATE, CETYL ALCHOL, SODIUM HYDROXIDE, CETYL ACETATE, GLYCOLIC ACID, PALMITIC ACID, ETHYLHEXYL METHOXYCINNAMATE, MYRISTIC ACID, VITIS VINIFERA (GRAPE) SEED EXTRACT, COLA NITIDA (KOLA) SEED EXTRACT, ARACHIDIC ACID, HYDROGENATED LECITHIN, DIMETHICONE, BUTYLENE GLYCOL, STEARIC ACID, LANOLIN ALCOHOL, STEARYL ACETATE, OLEYL ACETATE, TOCOPHERYL ACETATE, DISODIUM EDTA, ACETYLATED LANOLIN ALCOHOL, PENTYLENE GLYCOL, 2-BROMO-2-NITROPROPANE-1,3-DOIL. BHT, HEXYL CINNAMAL, BUTYLPHENYL METHYLPROPIONAL, BENZYL SALICYLATE, LINALOOL, PALMITOYL HYDROXYPROPYLTRIMONIUM AMYLOPECTIN\/GLYCERIN CROSSPOLYMER, POLYACRYLAMIDE, C13-14 ISOPARAFFIN, LAURETH-7, PARFUM (FRAGRANCE), CITRONELLOL, HYDROXYCITRONELLAL, ALPHA-ISOMETHYL IONONE, 1,2-HEXANEDIOL, CAPRYLYL GLYCOL, HYDROXYISOHEXYL 3-CYCLOHEXENE CARBOXALDEYDE, SODIUM CHLORIDE, METHYLPARABEN, PROPYLPARABEN.<\/p>\n<p><span style=\"color: #000000;\"><span style=\"font-family: Roboto, sans-serif;\"><span style=\"font-size: small;\"><span style=\"font-size: xx-small;\">1710.- \u20ac\/l<\/span><\/span><\/span><\/span><\/p>\n","protected":false},"excerpt":{"rendered":"<p>50 ml<\/p>\n<p>Antioks\u00fcdantse toimega vananemisvastane kreem, mis aitab siluda peenemad kortsud.<\/p>\n","protected":false},"featured_media":2004,"template":"","meta":{"om_disable_all_campaigns":false,"_monsterinsights_skip_tracking":false,"_monsterinsights_sitenote_active":false,"_monsterinsights_sitenote_note":"","_monsterinsights_sitenote_category":0,"_uf_show_specific_survey":0,"_uf_disable_surveys":false,"site-sidebar-layout":"default","site-content-layout":"","ast-site-content-layout":"default","site-content-style":"default","site-sidebar-style":"default","ast-global-header-display":"","ast-banner-title-visibility":"","ast-main-header-display":"","ast-hfb-above-header-display":"","ast-hfb-below-header-display":"","ast-hfb-mobile-header-display":"","site-post-title":"","ast-breadcrumbs-content":"","ast-featured-img":"","footer-sml-layout":"","theme-transparent-header-meta":"default","adv-header-id-meta":"","stick-header-meta":"","header-above-stick-meta":"","header-main-stick-meta":"","header-below-stick-meta":"","astra-migrate-meta-layouts":"set","ast-page-background-enabled":"default","ast-page-background-meta":{"desktop":{"background-color":"var(--ast-global-color-4)","background-image":"","background-repeat":"repeat","background-position":"center center","background-size":"auto","background-attachment":"scroll","background-type":"","background-media":"","overlay-type":"","overlay-color":"","overlay-opacity":"","overlay-gradient":""},"tablet":{"background-color":"","background-image":"","background-repeat":"repeat","background-position":"center center","background-size":"auto","background-attachment":"scroll","background-type":"","background-media":"","overlay-type":"","overlay-color":"","overlay-opacity":"","overlay-gradient":""},"mobile":{"background-color":"","background-image":"","background-repeat":"repeat","background-position":"center center","background-size":"auto","background-attachment":"scroll","background-type":"","background-media":"","overlay-type":"","overlay-color":"","overlay-opacity":"","overlay-gradient":""}},"ast-content-background-meta":{"desktop":{"background-color":"var(--ast-global-color-5)","background-image":"","background-repeat":"repeat","background-position":"center center","background-size":"auto","background-attachment":"scroll","background-type":"","background-media":"","overlay-type":"","overlay-color":"","overlay-opacity":"","overlay-gradient":""},"tablet":{"background-color":"var(--ast-global-color-5)","background-image":"","background-repeat":"repeat","background-position":"center center","background-size":"auto","background-attachment":"scroll","background-type":"","background-media":"","overlay-type":"","overlay-color":"","overlay-opacity":"","overlay-gradient":""},"mobile":{"background-color":"var(--ast-global-color-5)","background-image":"","background-repeat":"repeat","background-position":"center center","background-size":"auto","background-attachment":"scroll","background-type":"","background-media":"","overlay-type":"","overlay-color":"","overlay-opacity":"","overlay-gradient":""}}},"product_brand":[],"product_cat":[75,15],"product_tag":[],"class_list":{"0":"post-1878","1":"product","2":"type-product","3":"status-publish","4":"has-post-thumbnail","6":"product_cat-kreemid-naole","7":"product_cat-naole","8":"desktop-align-center","9":"tablet-align-left","10":"mobile-align-left","12":"first","13":"instock","14":"taxable","15":"shipping-taxable","16":"purchasable","17":"product-type-simple","18":"add-to-wishlist-before_image"},"aioseo_notices":[],"_links":{"self":[{"href":"https:\/\/kosmeetika24.eu\/et\/wp-json\/wp\/v2\/product\/1878","targetHints":{"allow":["GET"]}}],"collection":[{"href":"https:\/\/kosmeetika24.eu\/et\/wp-json\/wp\/v2\/product"}],"about":[{"href":"https:\/\/kosmeetika24.eu\/et\/wp-json\/wp\/v2\/types\/product"}],"version-history":[{"count":3,"href":"https:\/\/kosmeetika24.eu\/et\/wp-json\/wp\/v2\/product\/1878\/revisions"}],"predecessor-version":[{"id":8943,"href":"https:\/\/kosmeetika24.eu\/et\/wp-json\/wp\/v2\/product\/1878\/revisions\/8943"}],"wp:featuredmedia":[{"embeddable":true,"href":"https:\/\/kosmeetika24.eu\/et\/wp-json\/wp\/v2\/media\/2004"}],"wp:attachment":[{"href":"https:\/\/kosmeetika24.eu\/et\/wp-json\/wp\/v2\/media?parent=1878"}],"wp:term":[{"taxonomy":"product_brand","embeddable":true,"href":"https:\/\/kosmeetika24.eu\/et\/wp-json\/wp\/v2\/product_brand?post=1878"},{"taxonomy":"product_cat","embeddable":true,"href":"https:\/\/kosmeetika24.eu\/et\/wp-json\/wp\/v2\/product_cat?post=1878"},{"taxonomy":"product_tag","embeddable":true,"href":"https:\/\/kosmeetika24.eu\/et\/wp-json\/wp\/v2\/product_tag?post=1878"}],"curies":[{"name":"wp","href":"https:\/\/api.w.org\/{rel}","templated":true}]}}