{"id":1877,"date":"2019-11-13T07:34:40","date_gmt":"2019-11-13T07:34:40","guid":{"rendered":"https:\/\/kosmeetika24.eu\/?post_type=product&#038;p=1877"},"modified":"2024-12-27T12:59:34","modified_gmt":"2024-12-27T09:59:34","slug":"bruno-vassari-kianty-mosto","status":"publish","type":"product","link":"https:\/\/kosmeetika24.eu\/et\/toode\/bruno-vassari-kianty-mosto\/","title":{"rendered":"BRUNO VASSARI Kianty hooldav vedel p\u00e4evakreem"},"content":{"rendered":"<p>Pol\u00fcfenoolide ja mikroelementidega rikastatud vedel p\u00e4evakreem <em>Kianty Mosto<\/em> omab niisutavat toimet, uuendab nahka ja kaitseb keskkonnam\u00f5jude eest.<\/p>\n<p>Sobib normaalsele ja kombineeritud vananevale nahale.<\/p>\n<p><strong>PEAMISED TOIMEAINED<\/strong><\/p>\n<ul>\n<li>Viinamarja pol\u00fcfenoolid<\/li>\n<li>Mineraalained<\/li>\n<li>A-, E- ja B5-vitamiin<\/li>\n<li>UVB-filter<\/li>\n<li>Merevetikaekstrakt<\/li>\n<li>Sheav\u00f5i<\/li>\n<\/ul>\n<p><strong>TOIME<\/strong><\/p>\n<ul>\n<li>Viinamarja pol\u00fcfenoolid on v\u00e4ga head vabade radikaalide vastased ained. Kaitsevad kollageeni ja elastiini, toimides kui vananemisvastased toimeained.<\/li>\n<li>Mineraalained niisutavad ja l\u00f5\u00f5gastavad nahka ning stimuleerivad samas rakkude metabolismi.<\/li>\n<li>Vitamiinid aitavad nahka kaitsta ja uuendada.<\/li>\n<li>UVB-filter on p\u00e4ikesekaitsefilter kaitseb nahka ultraviolettkiirguse eest, mis p\u00f5hjustab nahalaikude tekkimist ja enneaegset vananemist.<\/li>\n<li>Merevetikaekstrakt sisaldab joodi ja mineraalsooli, mis on rikkad mineraalainete poolest.<\/li>\n<li>Sheav\u00f5i tugevdab naha h\u00fcdrolipiidkihti ja kaitseb kahjulike v\u00e4liskeskkonna m\u00f5jude eest.<\/li>\n<\/ul>\n<p><strong>KASUTAMINE<\/strong><\/p>\n<ul>\n<li>Nahk puhastada eelnevalt nt tootega <a href=\"https:\/\/kosmeetika24.eu\/toode\/bruno-vassari-kianty-rugiada-di-vigna\/\">BRUNO VASSARI Kianty v\u00e4rskendav puhastusvaht<\/a>.<\/li>\n<li>Nahk toniseerida eelnevalt nt tootega <a href=\"https:\/\/kosmeetika24.eu\/toode\/bruno-vassari-kianty-pioggia-di-vigna\/\">BRUNO VASSARI Kianty vananemisvastane losjoon 200ml<\/a>.<\/li>\n<li>Kreem kanda n\u00e4ole, kaelale ja dekolteepiirkonda.<\/li>\n<\/ul>\n<p><strong>KOOSTIS<\/strong><\/p>\n<p>AQUA (WATER), CYCLOPENTASILOXANE, BUTYLENE GLYCOL, GLYCERIN, SQUALANE, ETHYLHEXYL METHOXYCINNAMATE, BUTYROSPEMUM PARKII (SHEA) BUTTER, DIMETHICONE, PORPHYRA UMBILICALIS EXTRACT, LAMINARIA DIGITATA EXTRACT, CRITHMUM MARITMUM EXTRACTENTEROMORPHA COMPRESSA EXTRACT, ASCOPHYLLUM NODOSUM EXTRACT, FUCUS VESICULOSUS ( BLADDERWRACK) EXTRACT, SODIUM HYALURONATE, VITIS VINIFERA(GRAPE) SEED EXTRACT, POLYACRYLAMIDE, PHENOXYETHANOL, C13-14 ISOPARAFFIN, PROPYLENE GLYCOL, PANTHENOL, CHLORPHENESIN, XANTHAN GUM, METHYLPARABEN, TIETHANOLAMINE, ALCOHOL DENAT, ACRYLATES\/C10-30 ALKYL ACRYLATE CROSSPOLYMER, LAURETH-7, PEG-40 HYDROGENATED CASTOR OIL, TOCOPHERYL ACETATE, DISODIUM EDTA, TOCOPHEROL, ZINCASPARTATE, COPPER ASPARTATE, MAGNESIUM ASPARTATE, MANGANESE ASPARTATE, BIOSACCHARIDE GUM-1, HEXYL CINNAMAL, BHT, PARFUM (FRAGRANCE), BENZYL SALICYLATE, LINALOOL, CITRONELLOL, HYDROXYCITRONELLAL, ALPHA- ISOMETHYL IONONE.<\/p>\n<p><span style=\"color: #000000;\"><span style=\"font-family: Roboto, sans-serif;\"><span style=\"font-size: small;\"><span style=\"font-size: xx-small;\">1854.80 \u20ac\/l<\/span><\/span><\/span><\/span><\/p>\n","protected":false},"excerpt":{"rendered":"<p>50 ml<\/p>\n<p>Kerge niisutav p\u00e4evakreem, millel on vananemisvastane toime.<\/p>\n<p>&nbsp;<\/p>\n","protected":false},"featured_media":1882,"template":"","meta":{"om_disable_all_campaigns":false,"_monsterinsights_skip_tracking":false,"_monsterinsights_sitenote_active":false,"_monsterinsights_sitenote_note":"","_monsterinsights_sitenote_category":0,"_uf_show_specific_survey":0,"_uf_disable_surveys":false,"site-sidebar-layout":"default","site-content-layout":"","ast-site-content-layout":"default","site-content-style":"default","site-sidebar-style":"default","ast-global-header-display":"","ast-banner-title-visibility":"","ast-main-header-display":"","ast-hfb-above-header-display":"","ast-hfb-below-header-display":"","ast-hfb-mobile-header-display":"","site-post-title":"","ast-breadcrumbs-content":"","ast-featured-img":"","footer-sml-layout":"","theme-transparent-header-meta":"default","adv-header-id-meta":"","stick-header-meta":"","header-above-stick-meta":"","header-main-stick-meta":"","header-below-stick-meta":"","astra-migrate-meta-layouts":"set","ast-page-background-enabled":"default","ast-page-background-meta":{"desktop":{"background-color":"var(--ast-global-color-4)","background-image":"","background-repeat":"repeat","background-position":"center center","background-size":"auto","background-attachment":"scroll","background-type":"","background-media":"","overlay-type":"","overlay-color":"","overlay-opacity":"","overlay-gradient":""},"tablet":{"background-color":"","background-image":"","background-repeat":"repeat","background-position":"center center","background-size":"auto","background-attachment":"scroll","background-type":"","background-media":"","overlay-type":"","overlay-color":"","overlay-opacity":"","overlay-gradient":""},"mobile":{"background-color":"","background-image":"","background-repeat":"repeat","background-position":"center center","background-size":"auto","background-attachment":"scroll","background-type":"","background-media":"","overlay-type":"","overlay-color":"","overlay-opacity":"","overlay-gradient":""}},"ast-content-background-meta":{"desktop":{"background-color":"var(--ast-global-color-5)","background-image":"","background-repeat":"repeat","background-position":"center center","background-size":"auto","background-attachment":"scroll","background-type":"","background-media":"","overlay-type":"","overlay-color":"","overlay-opacity":"","overlay-gradient":""},"tablet":{"background-color":"var(--ast-global-color-5)","background-image":"","background-repeat":"repeat","background-position":"center center","background-size":"auto","background-attachment":"scroll","background-type":"","background-media":"","overlay-type":"","overlay-color":"","overlay-opacity":"","overlay-gradient":""},"mobile":{"background-color":"var(--ast-global-color-5)","background-image":"","background-repeat":"repeat","background-position":"center center","background-size":"auto","background-attachment":"scroll","background-type":"","background-media":"","overlay-type":"","overlay-color":"","overlay-opacity":"","overlay-gradient":""}}},"product_brand":[],"product_cat":[75,15],"product_tag":[],"class_list":{"0":"post-1877","1":"product","2":"type-product","3":"status-publish","4":"has-post-thumbnail","6":"product_cat-kreemid-naole","7":"product_cat-naole","8":"desktop-align-center","9":"tablet-align-left","10":"mobile-align-left","12":"first","13":"instock","14":"taxable","15":"shipping-taxable","16":"purchasable","17":"product-type-simple","18":"add-to-wishlist-before_image"},"aioseo_notices":[],"_links":{"self":[{"href":"https:\/\/kosmeetika24.eu\/et\/wp-json\/wp\/v2\/product\/1877","targetHints":{"allow":["GET"]}}],"collection":[{"href":"https:\/\/kosmeetika24.eu\/et\/wp-json\/wp\/v2\/product"}],"about":[{"href":"https:\/\/kosmeetika24.eu\/et\/wp-json\/wp\/v2\/types\/product"}],"version-history":[{"count":3,"href":"https:\/\/kosmeetika24.eu\/et\/wp-json\/wp\/v2\/product\/1877\/revisions"}],"predecessor-version":[{"id":8944,"href":"https:\/\/kosmeetika24.eu\/et\/wp-json\/wp\/v2\/product\/1877\/revisions\/8944"}],"wp:featuredmedia":[{"embeddable":true,"href":"https:\/\/kosmeetika24.eu\/et\/wp-json\/wp\/v2\/media\/1882"}],"wp:attachment":[{"href":"https:\/\/kosmeetika24.eu\/et\/wp-json\/wp\/v2\/media?parent=1877"}],"wp:term":[{"taxonomy":"product_brand","embeddable":true,"href":"https:\/\/kosmeetika24.eu\/et\/wp-json\/wp\/v2\/product_brand?post=1877"},{"taxonomy":"product_cat","embeddable":true,"href":"https:\/\/kosmeetika24.eu\/et\/wp-json\/wp\/v2\/product_cat?post=1877"},{"taxonomy":"product_tag","embeddable":true,"href":"https:\/\/kosmeetika24.eu\/et\/wp-json\/wp\/v2\/product_tag?post=1877"}],"curies":[{"name":"wp","href":"https:\/\/api.w.org\/{rel}","templated":true}]}}