{"id":1863,"date":"2019-11-12T13:09:10","date_gmt":"2019-11-12T13:09:10","guid":{"rendered":"https:\/\/kosmeetika24.eu\/?post_type=product&#038;p=1863"},"modified":"2026-03-27T14:34:58","modified_gmt":"2026-03-27T11:34:58","slug":"bruno-vassari-kianty-rugiada-di-vigna","status":"publish","type":"product","link":"https:\/\/kosmeetika24.eu\/et\/toode\/bruno-vassari-kianty-rugiada-di-vigna\/","title":{"rendered":"BRUNO VASSARI Kianty v\u00e4rskendav puhastusvaht"},"content":{"rendered":"<p>Kianty pol\u00fcfenoolidega n\u00e4ovaht <em>Rugiada di Vigna<\/em> puhastab nahka \u00f5rnalt, neutraliseerib vee toimet ja omab t\u00e4iendavt niisutavat toimet. Vaht, mis kantakse otse niisutatud nahale, puhastab t\u00e4iuslikult mustuse ja meigi ning arvestab tundliku naha \u00f5rnusega.<\/p>\n<p>Sobib k\u00f5igile nahat\u00fc\u00fcpidele, isegi tundlikule nahale.<\/p>\n<p><strong>PEAMISED TOIMEAINED<\/strong><\/p>\n<ul>\n<li>Viinamarjaekstrakt<\/li>\n<li>Mineraalained (magneesium, tsink, vask ja mangaan)<\/li>\n<li>Niisutavad ained: gl\u00fckoolid<\/li>\n<\/ul>\n<p><strong>TOIME<\/strong><\/p>\n<ul>\n<li>Viinamarjaekstrakt sisaldab pol\u00fcfenoolide suurt kontsentratsiooni, toimides vananemisvastaselt, antioks\u00fcdantselt, pinguldavalt ja toniseerivalt.<\/li>\n<li>Mineraalained niisutavad ja rahustavad nahka, stimuleerivad rakkude ainevahetust.<\/li>\n<\/ul>\n<p><strong>KASUTAMINE<\/strong><\/p>\n<ul>\n<li>Pudeli raputamine enne kasutamist ei ole vajalik.<\/li>\n<li>Vaht kanda masseerivate liigutuste abil eelnevalt niisutatud nahale, loputada veega ning kuivatada ilma nahka h\u00f5\u00f5rumata. Sobib kasutamiseks nii hommikul kui \u00f5htul.<\/li>\n<li>Seej\u00e4rel nahk toniseerida nt tootega <a href=\"https:\/\/kosmeetika24.eu\/toode\/bruno-vassari-kianty-pioggia-di-vigna\/\">BRUNO VASSARI Kianty vananemisvastane losjoon 200ml<\/a>.<\/li>\n<\/ul>\n<p><strong>KOOSTIS<\/strong><\/p>\n<p><span style=\"font-size: 14px;\">AQUA (WATER), GLYCERIN, BUTYLENE GLYCOL, SODIUM, LAURETH SULFATE, PEG-200 HYDROGENATED GLYCERYL PALMITATE, DISODIUM COCOAMPHODIACETATE, PEG-7 GLYCERYL COCOATE, VITIS VINIFERA (GRAPE) SEED EXTRACT, PROPYLENE GLYCOL, PHENOXYETHANOL, COCAMIDOPROPYL, BETAINE, SODIUM CHLORIDE, METHYLPARABEN, ETHYLPARABEN, BUTYLPARABEN, SODIUM BENZOATE, PROPYLPARABEN, HEXYL CINNAMAL, BUTYLPHENYL METHYLPROPIONAL, ZINC ASPARTATE, COPPER ASPARTATE, MAGNESIUM ASPARTATE, MANGANESE ASPARTATE, POTASSIUM SORBATE, PARFUM (FRAGRANCE), DISODIUM EDTA, CITRIC ACID.<\/span><\/p>\n<p><span style=\"color: #000000;\"><span style=\"font-family: Roboto, sans-serif;\"><span style=\"font-size: small;\"><span style=\"font-size: xx-small;\">398.46 \u20ac\/l<\/span><\/span><\/span><\/span><\/p>\n","protected":false},"excerpt":{"rendered":"<p>150 ml<\/p>\n<p>Niisutava toimega kerge n\u00e4opuhastusvaht, millel on vananemisvastane toime.<\/p>\n","protected":false},"featured_media":6455,"template":"","meta":{"om_disable_all_campaigns":false,"_monsterinsights_skip_tracking":false,"_monsterinsights_sitenote_active":false,"_monsterinsights_sitenote_note":"","_monsterinsights_sitenote_category":0,"_uf_show_specific_survey":0,"_uf_disable_surveys":false,"site-sidebar-layout":"default","site-content-layout":"","ast-site-content-layout":"default","site-content-style":"default","site-sidebar-style":"default","ast-global-header-display":"","ast-banner-title-visibility":"","ast-main-header-display":"","ast-hfb-above-header-display":"","ast-hfb-below-header-display":"","ast-hfb-mobile-header-display":"","site-post-title":"","ast-breadcrumbs-content":"","ast-featured-img":"","footer-sml-layout":"","theme-transparent-header-meta":"default","adv-header-id-meta":"","stick-header-meta":"","header-above-stick-meta":"","header-main-stick-meta":"","header-below-stick-meta":"","astra-migrate-meta-layouts":"set","ast-page-background-enabled":"default","ast-page-background-meta":{"desktop":{"background-color":"var(--ast-global-color-4)","background-image":"","background-repeat":"repeat","background-position":"center center","background-size":"auto","background-attachment":"scroll","background-type":"","background-media":"","overlay-type":"","overlay-color":"","overlay-opacity":"","overlay-gradient":""},"tablet":{"background-color":"","background-image":"","background-repeat":"repeat","background-position":"center center","background-size":"auto","background-attachment":"scroll","background-type":"","background-media":"","overlay-type":"","overlay-color":"","overlay-opacity":"","overlay-gradient":""},"mobile":{"background-color":"","background-image":"","background-repeat":"repeat","background-position":"center center","background-size":"auto","background-attachment":"scroll","background-type":"","background-media":"","overlay-type":"","overlay-color":"","overlay-opacity":"","overlay-gradient":""}},"ast-content-background-meta":{"desktop":{"background-color":"var(--ast-global-color-5)","background-image":"","background-repeat":"repeat","background-position":"center center","background-size":"auto","background-attachment":"scroll","background-type":"","background-media":"","overlay-type":"","overlay-color":"","overlay-opacity":"","overlay-gradient":""},"tablet":{"background-color":"var(--ast-global-color-5)","background-image":"","background-repeat":"repeat","background-position":"center center","background-size":"auto","background-attachment":"scroll","background-type":"","background-media":"","overlay-type":"","overlay-color":"","overlay-opacity":"","overlay-gradient":""},"mobile":{"background-color":"var(--ast-global-color-5)","background-image":"","background-repeat":"repeat","background-position":"center center","background-size":"auto","background-attachment":"scroll","background-type":"","background-media":"","overlay-type":"","overlay-color":"","overlay-opacity":"","overlay-gradient":""}}},"product_brand":[],"product_cat":[15,73,361,432],"product_tag":[],"class_list":{"0":"post-1863","1":"product","2":"type-product","3":"status-publish","4":"has-post-thumbnail","6":"product_cat-naole","7":"product_cat-puhastustooted","8":"product_cat-puhastusvaht","9":"product_cat-top-tooted","10":"desktop-align-center","11":"tablet-align-left","12":"mobile-align-left","14":"first","15":"instock","16":"taxable","17":"shipping-taxable","18":"purchasable","19":"product-type-simple","20":"add-to-wishlist-before_image"},"aioseo_notices":[],"_links":{"self":[{"href":"https:\/\/kosmeetika24.eu\/et\/wp-json\/wp\/v2\/product\/1863","targetHints":{"allow":["GET"]}}],"collection":[{"href":"https:\/\/kosmeetika24.eu\/et\/wp-json\/wp\/v2\/product"}],"about":[{"href":"https:\/\/kosmeetika24.eu\/et\/wp-json\/wp\/v2\/types\/product"}],"version-history":[{"count":3,"href":"https:\/\/kosmeetika24.eu\/et\/wp-json\/wp\/v2\/product\/1863\/revisions"}],"predecessor-version":[{"id":8948,"href":"https:\/\/kosmeetika24.eu\/et\/wp-json\/wp\/v2\/product\/1863\/revisions\/8948"}],"wp:featuredmedia":[{"embeddable":true,"href":"https:\/\/kosmeetika24.eu\/et\/wp-json\/wp\/v2\/media\/6455"}],"wp:attachment":[{"href":"https:\/\/kosmeetika24.eu\/et\/wp-json\/wp\/v2\/media?parent=1863"}],"wp:term":[{"taxonomy":"product_brand","embeddable":true,"href":"https:\/\/kosmeetika24.eu\/et\/wp-json\/wp\/v2\/product_brand?post=1863"},{"taxonomy":"product_cat","embeddable":true,"href":"https:\/\/kosmeetika24.eu\/et\/wp-json\/wp\/v2\/product_cat?post=1863"},{"taxonomy":"product_tag","embeddable":true,"href":"https:\/\/kosmeetika24.eu\/et\/wp-json\/wp\/v2\/product_tag?post=1863"}],"curies":[{"name":"wp","href":"https:\/\/api.w.org\/{rel}","templated":true}]}}