{"id":1814,"date":"2019-11-12T08:51:49","date_gmt":"2019-11-12T08:51:49","guid":{"rendered":"https:\/\/kosmeetika24.eu\/?post_type=product&#038;p=1814"},"modified":"2024-12-27T12:47:00","modified_gmt":"2024-12-27T09:47:00","slug":"bruno-vassari-aha-glycolic-treatment","status":"publish","type":"product","link":"https:\/\/kosmeetika24.eu\/et\/toode\/bruno-vassari-aha-glycolic-treatment\/","title":{"rendered":"BRUNO VASSARI AHA professionaalne hooldus alfah\u00fcdroks\u00fchapetega"},"content":{"rendered":"<p>Hooldus <em>AHA Glycolic Treatment<\/em> kiirendab loomulikku koorimist ja aktiveerib rakkude uuenemist. J\u00e4tab naha siledaks, pehmeks, pinguldatuks ja elastseks. V\u00e4hendab kortse, annab nahale noore ja s\u00e4rava v\u00e4limuse.<\/p>\n<p>Sobib k\u00f5igile nahat\u00fc\u00fcpidele, v\u00e4lja arvatud v\u00e4ga tundlikule nahale.<\/p>\n<p><strong>PEAMISED TOIMEAINED<\/strong><\/p>\n<ul>\n<li>30% gl\u00fckoolhape<\/li>\n<li>pH 4,5<\/li>\n<\/ul>\n<p><strong>TOIME<\/strong><\/p>\n<p>Gl\u00fckoolhape aitab kaasa nahapinnale kogunenud surnud rakkude loomulikule eemaldamisele, tasakaalustab naha pH-d. V\u00f5imendab kollageeni ja elastiini s\u00fcnteesi, muutes naha elastsemaks.<\/p>\n<p><strong>KASUTAMINE<\/strong><\/p>\n<ol>\n<li>Valmistada nahk ette, kasutades toodet <a href=\"https:\/\/kosmeetika24.eu\/toode\/bruno-vassari-aha-skin-cleanser\/\">BRUNO VASSARI AHA gl\u00fckoolhappega puhastusvahend<\/a>.<\/li>\n<li>J\u00e4rgmisena kanda lehvikpintsliga nahale hooldusvahend.<\/li>\n<li>Lasta hooldusel m\u00f5juda 10\u201312 minutit ning eemaldada siis rohke veega.<\/li>\n<\/ol>\n<p>Kraapiv tunne on tavap\u00e4rane, ent see peaks olema ainult veidi ebamugav.<\/p>\n<p>Teatud piirkondades v\u00f5ib esineda punetus, mis kaob m\u00f5ne minuti p\u00e4rast.<\/p>\n<p><strong>KOOSTIS<\/strong><\/p>\n<p>AQUA (WATER), GLYCOLIC ACID, ALCOHOL DENAT., AMMONIUM HYDROXIDE, HYDROXYETHYLCELLULOSE, SODIUM\u00a0 CHLORIDE.<\/p>\n","protected":false},"excerpt":{"rendered":"<p>Kortsudevastane ja rakkude uuenemist kiirendav hooldus alfah\u00fcdroks\u00fchapetega.<\/p>\n<p>&nbsp;<\/p>\n<p>Komplekt 10 x 3ml<\/p>\n<p>&nbsp;<\/p>\n","protected":false},"featured_media":3239,"template":"","meta":{"om_disable_all_campaigns":false,"_monsterinsights_skip_tracking":false,"_monsterinsights_sitenote_active":false,"_monsterinsights_sitenote_note":"","_monsterinsights_sitenote_category":0,"_uf_show_specific_survey":0,"_uf_disable_surveys":false,"site-sidebar-layout":"default","site-content-layout":"","ast-site-content-layout":"default","site-content-style":"default","site-sidebar-style":"default","ast-global-header-display":"","ast-banner-title-visibility":"","ast-main-header-display":"","ast-hfb-above-header-display":"","ast-hfb-below-header-display":"","ast-hfb-mobile-header-display":"","site-post-title":"","ast-breadcrumbs-content":"","ast-featured-img":"","footer-sml-layout":"","theme-transparent-header-meta":"default","adv-header-id-meta":"","stick-header-meta":"","header-above-stick-meta":"","header-main-stick-meta":"","header-below-stick-meta":"","astra-migrate-meta-layouts":"set","ast-page-background-enabled":"default","ast-page-background-meta":{"desktop":{"background-color":"var(--ast-global-color-4)","background-image":"","background-repeat":"repeat","background-position":"center center","background-size":"auto","background-attachment":"scroll","background-type":"","background-media":"","overlay-type":"","overlay-color":"","overlay-opacity":"","overlay-gradient":""},"tablet":{"background-color":"","background-image":"","background-repeat":"repeat","background-position":"center center","background-size":"auto","background-attachment":"scroll","background-type":"","background-media":"","overlay-type":"","overlay-color":"","overlay-opacity":"","overlay-gradient":""},"mobile":{"background-color":"","background-image":"","background-repeat":"repeat","background-position":"center center","background-size":"auto","background-attachment":"scroll","background-type":"","background-media":"","overlay-type":"","overlay-color":"","overlay-opacity":"","overlay-gradient":""}},"ast-content-background-meta":{"desktop":{"background-color":"var(--ast-global-color-5)","background-image":"","background-repeat":"repeat","background-position":"center center","background-size":"auto","background-attachment":"scroll","background-type":"","background-media":"","overlay-type":"","overlay-color":"","overlay-opacity":"","overlay-gradient":""},"tablet":{"background-color":"var(--ast-global-color-5)","background-image":"","background-repeat":"repeat","background-position":"center center","background-size":"auto","background-attachment":"scroll","background-type":"","background-media":"","overlay-type":"","overlay-color":"","overlay-opacity":"","overlay-gradient":""},"mobile":{"background-color":"var(--ast-global-color-5)","background-image":"","background-repeat":"repeat","background-position":"center center","background-size":"auto","background-attachment":"scroll","background-type":"","background-media":"","overlay-type":"","overlay-color":"","overlay-opacity":"","overlay-gradient":""}}},"product_brand":[],"product_cat":[48,80,15],"product_tag":[],"class_list":{"0":"post-1814","1":"product","2":"type-product","3":"status-publish","4":"has-post-thumbnail","6":"product_cat-komplektid","7":"product_cat-kontsentraadid","8":"product_cat-naole","9":"desktop-align-center","10":"tablet-align-left","11":"mobile-align-left","13":"first","14":"instock","15":"taxable","16":"shipping-taxable","17":"purchasable","18":"product-type-simple","19":"add-to-wishlist-before_image"},"aioseo_notices":[],"_links":{"self":[{"href":"https:\/\/kosmeetika24.eu\/et\/wp-json\/wp\/v2\/product\/1814","targetHints":{"allow":["GET"]}}],"collection":[{"href":"https:\/\/kosmeetika24.eu\/et\/wp-json\/wp\/v2\/product"}],"about":[{"href":"https:\/\/kosmeetika24.eu\/et\/wp-json\/wp\/v2\/types\/product"}],"version-history":[{"count":3,"href":"https:\/\/kosmeetika24.eu\/et\/wp-json\/wp\/v2\/product\/1814\/revisions"}],"predecessor-version":[{"id":7184,"href":"https:\/\/kosmeetika24.eu\/et\/wp-json\/wp\/v2\/product\/1814\/revisions\/7184"}],"wp:featuredmedia":[{"embeddable":true,"href":"https:\/\/kosmeetika24.eu\/et\/wp-json\/wp\/v2\/media\/3239"}],"wp:attachment":[{"href":"https:\/\/kosmeetika24.eu\/et\/wp-json\/wp\/v2\/media?parent=1814"}],"wp:term":[{"taxonomy":"product_brand","embeddable":true,"href":"https:\/\/kosmeetika24.eu\/et\/wp-json\/wp\/v2\/product_brand?post=1814"},{"taxonomy":"product_cat","embeddable":true,"href":"https:\/\/kosmeetika24.eu\/et\/wp-json\/wp\/v2\/product_cat?post=1814"},{"taxonomy":"product_tag","embeddable":true,"href":"https:\/\/kosmeetika24.eu\/et\/wp-json\/wp\/v2\/product_tag?post=1814"}],"curies":[{"name":"wp","href":"https:\/\/api.w.org\/{rel}","templated":true}]}}