{"id":1811,"date":"2019-11-12T08:15:39","date_gmt":"2019-11-12T08:15:39","guid":{"rendered":"https:\/\/kosmeetika24.eu\/?post_type=product&#038;p=1811"},"modified":"2024-12-27T12:46:21","modified_gmt":"2024-12-27T09:46:21","slug":"bruno-vassari-aha-glycolic-cream-10","status":"publish","type":"product","link":"https:\/\/kosmeetika24.eu\/et\/toode\/bruno-vassari-aha-glycolic-cream-10\/","title":{"rendered":"BRUNO VASSARI AHA gl\u00fckoolhappe 10% kreem"},"content":{"rendered":"<div class=\"field field-name-body field-type-text-with-summary field-label-hidden\">\n<div class=\"field-items\">\n<div class=\"field-item even\">\n<p>Kreem <em>Aha Glycolic Cream 10\u00a0<\/em> sisaldab 10 % gl\u00fckoolhapet. See parandab ja pehmendab naha tekstuuri, eemaldab kahjustunud naha pindmised kihid ja stimuleerib rakkude uuenemist. Matistab ja \u00fchtlustab naha tooni ning hoiab \u00e4ra pigmendilaikude ilmumise. Sisaldab p\u00e4ikesekaitsefiltreid.<\/p>\n<\/div>\n<\/div>\n<\/div>\n<p>Sobib paksule, rasusele, aknelisele, h\u00fcperpigmentatsiooniga, vananenud, h\u00fcperkeratoosiga, fotovananenud ja\/v\u00f5i\u00a0p\u00f5hjalikku uuenemist vajavale nahale.<\/p>\n<p><strong>PEAMISED TOIMEAINED<\/strong><\/p>\n<ul>\n<li>10% gl\u00fckoolhape<\/li>\n<li>Niisutavad ained: gl\u00fckool, parafiin.<\/li>\n<li>Koolap\u00e4hkli ekstrakt<\/li>\n<li>E-vitamiin<\/li>\n<li>P\u00e4ikesekaitsefilter<\/li>\n<\/ul>\n<p><strong>TOIME<\/strong><\/p>\n<ul>\n<li>Gl\u00fckoolhape koorib keemiliselt marrasknaha \u00fclemisi kihte.<\/li>\n<li>Niisutava ained niisutavad, pehmendavad naha tekstuuri. Nahk muutub s\u00e4ravaks ja siledaks.<\/li>\n<li>Koolap\u00e4hkli ekstraktil on toniseerivad ja kongestiooni v\u00e4hendavad omadused. See minimeerib peente kortsude esinemise.<\/li>\n<li>E-vitamiin toimib antioks\u00fcdandina, mis kaitseb kollageeni ja elastiini kiude.<\/li>\n<\/ul>\n<p><strong>KOOSTIS<\/strong><\/p>\n<p>AQUA (WATER, CLYCOLIC ACID, PROLYLENE GLYCOL, PARAFFINUM LIQUIDIUM (MINERAL OIL), GLYCERYL STEARATE, PEG-100 STEARATE, ISOPROPYL PALMITATE, BEMTONITECETYL, ACETATE, AMMONIUM HYDROXIDE, PALMITICIC ACID, DIMETHICONE, CETYL ALCOHOL, MAGNESIUM ALUMINIUM SILICATE, STEARIC ACID, ETHYLHEXYL METHOXYCINNAMATE, LANOLIN ALCOHOL, STEARYL ACETATE, XHANTHAN GUM, DISODIUM EDTA, TOCOPHERYL ACETATE, OLEYL ACETATE, ACETYLATED LANOLIN ALCOHOL, 2-BROMO-2-NITROPROPANE-1,3-DIOL, SODIUM CHLORIDE, BHT, ARACHIDIC ACID, MYRISTIC ACID, ASCORBYL PALMITATE, CITRIC ACID, METHYLPARABEN, PROPYLPARABEN, PARFUM (FRAGRANCE, BENZYL SALICYLATE, HEXYL CINNAMAL, LIMONENE, LINALOOL.<\/p>\n<p>&nbsp;<\/p>\n<p><span style=\"color: #000000;\"><span style=\"font-family: Roboto, sans-serif;\"><span style=\"font-size: small;\"><span style=\"font-size: xx-small;\">1565.20 \u20ac\/l<\/span><\/span><\/span><\/span><\/p>\n","protected":false},"excerpt":{"rendered":"<p>50 ml<\/p>\n<p>Asendamatu\u00a0\u00a0fotovananemise ja s\u00fcgavat regenereerimist vajava naha jaoks.<\/p>\n","protected":false},"featured_media":1859,"template":"","meta":{"om_disable_all_campaigns":false,"_monsterinsights_skip_tracking":false,"_monsterinsights_sitenote_active":false,"_monsterinsights_sitenote_note":"","_monsterinsights_sitenote_category":0,"_uf_show_specific_survey":0,"_uf_disable_surveys":false,"site-sidebar-layout":"default","site-content-layout":"","ast-site-content-layout":"default","site-content-style":"default","site-sidebar-style":"default","ast-global-header-display":"","ast-banner-title-visibility":"","ast-main-header-display":"","ast-hfb-above-header-display":"","ast-hfb-below-header-display":"","ast-hfb-mobile-header-display":"","site-post-title":"","ast-breadcrumbs-content":"","ast-featured-img":"","footer-sml-layout":"","theme-transparent-header-meta":"default","adv-header-id-meta":"","stick-header-meta":"","header-above-stick-meta":"","header-main-stick-meta":"","header-below-stick-meta":"","astra-migrate-meta-layouts":"set","ast-page-background-enabled":"default","ast-page-background-meta":{"desktop":{"background-color":"var(--ast-global-color-4)","background-image":"","background-repeat":"repeat","background-position":"center center","background-size":"auto","background-attachment":"scroll","background-type":"","background-media":"","overlay-type":"","overlay-color":"","overlay-opacity":"","overlay-gradient":""},"tablet":{"background-color":"","background-image":"","background-repeat":"repeat","background-position":"center center","background-size":"auto","background-attachment":"scroll","background-type":"","background-media":"","overlay-type":"","overlay-color":"","overlay-opacity":"","overlay-gradient":""},"mobile":{"background-color":"","background-image":"","background-repeat":"repeat","background-position":"center center","background-size":"auto","background-attachment":"scroll","background-type":"","background-media":"","overlay-type":"","overlay-color":"","overlay-opacity":"","overlay-gradient":""}},"ast-content-background-meta":{"desktop":{"background-color":"var(--ast-global-color-5)","background-image":"","background-repeat":"repeat","background-position":"center center","background-size":"auto","background-attachment":"scroll","background-type":"","background-media":"","overlay-type":"","overlay-color":"","overlay-opacity":"","overlay-gradient":""},"tablet":{"background-color":"var(--ast-global-color-5)","background-image":"","background-repeat":"repeat","background-position":"center center","background-size":"auto","background-attachment":"scroll","background-type":"","background-media":"","overlay-type":"","overlay-color":"","overlay-opacity":"","overlay-gradient":""},"mobile":{"background-color":"var(--ast-global-color-5)","background-image":"","background-repeat":"repeat","background-position":"center center","background-size":"auto","background-attachment":"scroll","background-type":"","background-media":"","overlay-type":"","overlay-color":"","overlay-opacity":"","overlay-gradient":""}}},"product_brand":[],"product_cat":[75,15],"product_tag":[],"class_list":{"0":"post-1811","1":"product","2":"type-product","3":"status-publish","4":"has-post-thumbnail","6":"product_cat-kreemid-naole","7":"product_cat-naole","8":"desktop-align-center","9":"tablet-align-left","10":"mobile-align-left","12":"first","13":"instock","14":"taxable","15":"shipping-taxable","16":"purchasable","17":"product-type-simple","18":"add-to-wishlist-before_image"},"aioseo_notices":[],"_links":{"self":[{"href":"https:\/\/kosmeetika24.eu\/et\/wp-json\/wp\/v2\/product\/1811","targetHints":{"allow":["GET"]}}],"collection":[{"href":"https:\/\/kosmeetika24.eu\/et\/wp-json\/wp\/v2\/product"}],"about":[{"href":"https:\/\/kosmeetika24.eu\/et\/wp-json\/wp\/v2\/types\/product"}],"version-history":[{"count":4,"href":"https:\/\/kosmeetika24.eu\/et\/wp-json\/wp\/v2\/product\/1811\/revisions"}],"predecessor-version":[{"id":2209,"href":"https:\/\/kosmeetika24.eu\/et\/wp-json\/wp\/v2\/product\/1811\/revisions\/2209"}],"wp:featuredmedia":[{"embeddable":true,"href":"https:\/\/kosmeetika24.eu\/et\/wp-json\/wp\/v2\/media\/1859"}],"wp:attachment":[{"href":"https:\/\/kosmeetika24.eu\/et\/wp-json\/wp\/v2\/media?parent=1811"}],"wp:term":[{"taxonomy":"product_brand","embeddable":true,"href":"https:\/\/kosmeetika24.eu\/et\/wp-json\/wp\/v2\/product_brand?post=1811"},{"taxonomy":"product_cat","embeddable":true,"href":"https:\/\/kosmeetika24.eu\/et\/wp-json\/wp\/v2\/product_cat?post=1811"},{"taxonomy":"product_tag","embeddable":true,"href":"https:\/\/kosmeetika24.eu\/et\/wp-json\/wp\/v2\/product_tag?post=1811"}],"curies":[{"name":"wp","href":"https:\/\/api.w.org\/{rel}","templated":true}]}}