{"id":1808,"date":"2019-11-11T14:22:49","date_gmt":"2019-11-11T14:22:49","guid":{"rendered":"https:\/\/kosmeetika24.eu\/?post_type=product&#038;p=1808"},"modified":"2024-12-27T12:45:46","modified_gmt":"2024-12-27T09:45:46","slug":"bruno-vassari-aha-multi-efect-cream","status":"publish","type":"product","link":"https:\/\/kosmeetika24.eu\/et\/toode\/bruno-vassari-aha-multi-efect-cream\/","title":{"rendered":"BRUNO VASSARI AHA kortsudevastane kreem AHA-ga"},"content":{"rendered":"<p>Vananemisvastane kreem<em> Multi-Effect Cream<\/em> k\u00f5rvaldab \u00f5rnalt surnud rakud ja stimuleerib naha uuenemist. Noorendab nahka ja niisutab nahka. \u00dchtlustab nahatooni, parandab jumet, silub nahapinda. Soovitatav rasusele nahale, vananenud v\u00f5i s\u00fcgavat uuendamist vajavale nahale. Korrap\u00e4rane kasutamine aitab minimeerida peeneid kortse.<\/p>\n<p>Sobib k\u00f5igile nahat\u00fc\u00fcpidele, v\u00e4lja arvatud v\u00e4ga tundlikule nahale.<\/p>\n<p><strong>PEAMISED TOIMEAINED<\/strong><\/p>\n<ul>\n<li>Alfah\u00fcdroks\u00fchapped (piimhape, gl\u00fckoolhape)<\/li>\n<li>Koolap\u00e4hkli ekstrakt<\/li>\n<li>Niisutav aine<\/li>\n<li>E-vitamiin<\/li>\n<li>P\u00e4ikesekaitsefilter<\/li>\n<\/ul>\n<p><strong>TOIME<\/strong><\/p>\n<ul>\n<li>Gl\u00fckool- ja piimhape segu suurendab gl\u00fckoosaminogl\u00fckaanide, kollageeni ja elastiini s\u00fcnteesi.<\/li>\n<li>Koolap\u00e4hkli ekstraktil on toniseerivad ja kongestiooni v\u00e4hendavad omadused. See minimeerib samuti \u00e4rrituse esinemist eriti tundlikul nahal.<\/li>\n<li>E-vitamiin kaitseb raku oks\u00fcdatsiooni eest.<\/li>\n<\/ul>\n<p><strong>KASUTAMINE<\/strong><\/p>\n<ul>\n<li>Kreem kanda pigem \u00f5htul kergete masseerivate liigutustega eelnevalt puhastatud nahale.<\/li>\n<li>Silmapiirkonna hooldusega j\u00e4tkates v\u00f5ib kasutada toodet <a href=\"https:\/\/kosmeetika24.eu\/toode\/bruno-vassari-the-specifics-vitamin-eye-cream\/\">BRUNO VASSARI The Specifics niisutav silmahoolduskreem<\/a>.<\/li>\n<\/ul>\n<p><strong>KOOSTIS<\/strong><\/p>\n<p>AQUA (WATER), PROPYLENE GLYCOL, PARAFFINUM LIQUIDUM (MINERAL OIL), CAPRYLIC\/CAPRIC TRIGLYCERIDE LACTIC ACID, GLYCERYL STEARATE, PEG-100 STEARATE, ISOPROPYL PALMITATE, CETYL ALCOHOL, SODIUMHYDROXIDE, CETYL ACETATE, GLYCOLIC ACID, PALMITIC ACID, ETHYLHEXYL METHOXYCINNAMATE, DIMETHICONE, TOCOPHERYL ACETATE, COLA NITID(KOLA)SEED EXTRACT, BUTYLENE GLYCIL, STEARIC ACID, LANOLIN ALCOHOL, STEARYL ACETATE, OLEYL ACETATE, DISODIUM EDTA, ACETYLATED LANOLIN ALCOHOL, 2-BROMO-2-NITROPROPANE-1,3-DIOL, BHT, ASCORBYL PALMITATE, CITRIC ACID, SODIUM CHLORIDE, METHYLPABEN, PROPYLPARABEN, ARACHIDIC ACID, MYRISTIC ACID, PARFUM (FRAGRANCE), HEXYL CINNAMAL, LIMONENE, LINALOOL, BENZYL SALICYLATE, BUTYLPHENYL METHYLPROPIONAL.<\/p>\n<p><span style=\"color: #000000;\"><span style=\"font-family: Roboto, sans-serif;\"><span style=\"font-size: small;\"><span style=\"font-size: xx-small;\">1422.- \u20ac\/l<\/span><\/span><\/span><\/span><\/p>\n","protected":false},"excerpt":{"rendered":"<p>50 ml<\/p>\n<p>Kreem stimuleerib naha uuenemist:<\/p>\n<p>k\u00f5rvaldab \u00f5rnalt surnud rakud, niisutab, silub ja \u00fchtlustab nahatooni.<\/p>\n<p>&nbsp;<\/p>\n","protected":false},"featured_media":1858,"template":"","meta":{"om_disable_all_campaigns":false,"_monsterinsights_skip_tracking":false,"_monsterinsights_sitenote_active":false,"_monsterinsights_sitenote_note":"","_monsterinsights_sitenote_category":0,"_uf_show_specific_survey":0,"_uf_disable_surveys":false,"site-sidebar-layout":"default","site-content-layout":"","ast-site-content-layout":"default","site-content-style":"default","site-sidebar-style":"default","ast-global-header-display":"","ast-banner-title-visibility":"","ast-main-header-display":"","ast-hfb-above-header-display":"","ast-hfb-below-header-display":"","ast-hfb-mobile-header-display":"","site-post-title":"","ast-breadcrumbs-content":"","ast-featured-img":"","footer-sml-layout":"","theme-transparent-header-meta":"default","adv-header-id-meta":"","stick-header-meta":"","header-above-stick-meta":"","header-main-stick-meta":"","header-below-stick-meta":"","astra-migrate-meta-layouts":"set","ast-page-background-enabled":"default","ast-page-background-meta":{"desktop":{"background-color":"var(--ast-global-color-4)","background-image":"","background-repeat":"repeat","background-position":"center center","background-size":"auto","background-attachment":"scroll","background-type":"","background-media":"","overlay-type":"","overlay-color":"","overlay-opacity":"","overlay-gradient":""},"tablet":{"background-color":"","background-image":"","background-repeat":"repeat","background-position":"center center","background-size":"auto","background-attachment":"scroll","background-type":"","background-media":"","overlay-type":"","overlay-color":"","overlay-opacity":"","overlay-gradient":""},"mobile":{"background-color":"","background-image":"","background-repeat":"repeat","background-position":"center center","background-size":"auto","background-attachment":"scroll","background-type":"","background-media":"","overlay-type":"","overlay-color":"","overlay-opacity":"","overlay-gradient":""}},"ast-content-background-meta":{"desktop":{"background-color":"var(--ast-global-color-5)","background-image":"","background-repeat":"repeat","background-position":"center center","background-size":"auto","background-attachment":"scroll","background-type":"","background-media":"","overlay-type":"","overlay-color":"","overlay-opacity":"","overlay-gradient":""},"tablet":{"background-color":"var(--ast-global-color-5)","background-image":"","background-repeat":"repeat","background-position":"center center","background-size":"auto","background-attachment":"scroll","background-type":"","background-media":"","overlay-type":"","overlay-color":"","overlay-opacity":"","overlay-gradient":""},"mobile":{"background-color":"var(--ast-global-color-5)","background-image":"","background-repeat":"repeat","background-position":"center center","background-size":"auto","background-attachment":"scroll","background-type":"","background-media":"","overlay-type":"","overlay-color":"","overlay-opacity":"","overlay-gradient":""}}},"product_brand":[],"product_cat":[80,75,15],"product_tag":[],"class_list":{"0":"post-1808","1":"product","2":"type-product","3":"status-publish","4":"has-post-thumbnail","6":"product_cat-kontsentraadid","7":"product_cat-kreemid-naole","8":"product_cat-naole","9":"desktop-align-center","10":"tablet-align-left","11":"mobile-align-left","13":"first","14":"instock","15":"taxable","16":"shipping-taxable","17":"purchasable","18":"product-type-simple","19":"add-to-wishlist-before_image"},"aioseo_notices":[],"_links":{"self":[{"href":"https:\/\/kosmeetika24.eu\/et\/wp-json\/wp\/v2\/product\/1808","targetHints":{"allow":["GET"]}}],"collection":[{"href":"https:\/\/kosmeetika24.eu\/et\/wp-json\/wp\/v2\/product"}],"about":[{"href":"https:\/\/kosmeetika24.eu\/et\/wp-json\/wp\/v2\/types\/product"}],"version-history":[{"count":3,"href":"https:\/\/kosmeetika24.eu\/et\/wp-json\/wp\/v2\/product\/1808\/revisions"}],"predecessor-version":[{"id":8953,"href":"https:\/\/kosmeetika24.eu\/et\/wp-json\/wp\/v2\/product\/1808\/revisions\/8953"}],"wp:featuredmedia":[{"embeddable":true,"href":"https:\/\/kosmeetika24.eu\/et\/wp-json\/wp\/v2\/media\/1858"}],"wp:attachment":[{"href":"https:\/\/kosmeetika24.eu\/et\/wp-json\/wp\/v2\/media?parent=1808"}],"wp:term":[{"taxonomy":"product_brand","embeddable":true,"href":"https:\/\/kosmeetika24.eu\/et\/wp-json\/wp\/v2\/product_brand?post=1808"},{"taxonomy":"product_cat","embeddable":true,"href":"https:\/\/kosmeetika24.eu\/et\/wp-json\/wp\/v2\/product_cat?post=1808"},{"taxonomy":"product_tag","embeddable":true,"href":"https:\/\/kosmeetika24.eu\/et\/wp-json\/wp\/v2\/product_tag?post=1808"}],"curies":[{"name":"wp","href":"https:\/\/api.w.org\/{rel}","templated":true}]}}