{"id":1796,"date":"2019-11-11T13:25:45","date_gmt":"2019-11-11T13:25:45","guid":{"rendered":"https:\/\/kosmeetika24.eu\/?post_type=product&#038;p=1796"},"modified":"2025-01-07T13:31:45","modified_gmt":"2025-01-07T10:31:45","slug":"bruno-vassari-anti-stress-anti-stress-daily-cream-dray-skin","status":"publish","type":"product","link":"https:\/\/kosmeetika24.eu\/et\/toode\/bruno-vassari-anti-stress-anti-stress-daily-cream-dray-skin\/","title":{"rendered":"BRUNO VASSARI Anti-Stress v\u00e4simusvastane p\u00e4evakreem (kuivale nahale)"},"content":{"rendered":"<p>P\u00e4evakreem <em>Anti-Stress Daily Cream<\/em> on rikastatud mikroelementide, vitamiinide, merevetikaekstrakti, sheav\u00f5i ja p\u00e4ikesekaitsefiltritega. Kreem leevendab naha\u00e4rritust. Tugevdab naha enesekaitsemehhanismi, taastab naha pH tasakaalu ja hoiab \u00e4ra enneaegse vananemise ilmingud.<\/p>\n<p>Kreemil on elustav ja toniseeriv toime, eriti v\u00e4sinud nahale.<\/p>\n<p>Vedel tekstuur sobib kuivale nahale.<\/p>\n<p><strong>PEAMISED TOIMEAINED<\/strong><\/p>\n<ul>\n<li>Mikroelemendid (magneesium, tsink, vask ja mangaan)<\/li>\n<li>\u00a0A-, E- ja B5-vitamiin<\/li>\n<li>\u00a0UVB-filter<\/li>\n<li>\u00a0Merevetikaekstrakt<\/li>\n<li>\u00a0Sheav\u00f5i<\/li>\n<li>\u00a0F\u00fckogeel<\/li>\n<\/ul>\n<p><strong>TOIME<\/strong><\/p>\n<ul>\n<li>\u00a0Mikroelementide kompleks toimib rakkude koguse suurendajana ning selle tulemuseks on pinguldatud, niisutatud ja kaitstud nahk.<\/li>\n<li>\u00a0Vitamiinid kaitsevad ja taastavad nahka.<\/li>\n<li>\u00a0UVB-filter on kaitseb UV-kiirguse eest, mis p\u00f5hjustab pruune nahalaike ja enneaegset\u00a0 vananemist.<\/li>\n<li>\u00a0Merevetikaekstrakt niisutab nahka.<\/li>\n<li>\u00a0Sheav\u00f5i niisutab, kaitseb ja on v\u00e4ga rikas toitvate toimeainete poolest.<\/li>\n<li>\u00a0F\u00fckogeel pehmendab ja niisutab nahka.<\/li>\n<\/ul>\n<p><strong>KASUTAMINE<\/strong><\/p>\n<ul>\n<li>Nahk puhastada eelnevalt nt tootega\u00a0<a href=\"https:\/\/kosmeetika24.eu\/toode\/bruno-vassari-anti-stress-self-foaming-cleanser\/\">BRUNO VASSARI Anti-Stress puhastusvaht<\/a>.<\/li>\n<li>Nahk toniseerida eelnevalt.<\/li>\n<li>P\u00e4evakreem kanda hommikul s\u00f5rmeotste abil n\u00e4ole, kaelale ja dekolteele.<\/li>\n<li>Silma\u00fcmbruse hooldamiseks kasutada nt toodet <a href=\"https:\/\/kosmeetika24.eu\/toode\/bruno-vassari-the-specifics-vitamin-eye-cream\/\">BRUNO VASSARI The Specifics niisutav silmahoolduskreem<\/a>.<\/li>\n<\/ul>\n<p><strong>KOOSTIS<\/strong><\/p>\n<p><span style=\"font-size: 14px;\">AQUA (WATER), CYCLOPENTASILOXANE, SQUALANE, BUTYLENE GLYCOL, GLYCERIN, C12-15 ALKYL BENZOATE, GLYCERYL STEARATE, PEG-100 STEARATE, BUTYROSPERMUM PARKII (SHEA)BUTTER, ETHYLHEXYL METHOXYCINNAMATE, CETYL ALCOHOL, PORPHYRA UMBILICALIS EXTRACT, LAMINARIA DIGITATA EXTRACT, CRITHMUM MARITIMUM EXTRACT, ENTEROMORPHA COMPRESSA EXTRACT, ASCOPHYLLUM NODOSUM EXTRACT, FUCUS VESICULOSUS (BLADDERWRACK) EXTRACT, PHENOXYETHANOL, POLYACRYLAMIDE, PROPYLENE GLYCOL, DIMETHICONOL, C13-14 ISOPARAFFIN, PANTHENOL, TOCOPHERYL ACETATE, METHYLPARABEN, CHLORPHENESIN, XANTHAN GUM, RETINYL PALMITATE, LAURETH-7, DISODIUM EDTA, ZINC ASPARTATE, COPPER ASPARTATE, MAGNESIUM ASPARTATE, MANGANESE ASPARTATE, BIOSACCHARIDE GUM-1, METHYLPROPANEDIOL, BHT, PARFUM (FRAGRANCE), LINALOOL, HEXYL CINNAMAL, BUTYLPHENYL METHYLPROPIONAL, ASCORBYL, PALMITATE, CITRONELLOL, LIMONENE, CITRIC ACID, GERANIOL, HYDROXYISOHEXYL 3-CYCLOHEXENE CARBOXALDEHYDE, TOCOPHEROL, ALPHA-ISOMETHYL IONONE, C.I. 42090 (FD&amp;C BLUE NO.1).<\/span><\/p>\n<p><span style=\"color: #000000;\"><span style=\"font-family: Roboto, sans-serif;\"><span style=\"font-size: small;\"><span style=\"font-size: xx-small;\">990.- \u20ac\/l<\/span><\/span><\/span><\/span><\/p>\n","protected":false},"excerpt":{"rendered":"<p>50 ml<\/p>\n<p>Vitamiinide ja mikroelementidega rikastatud p\u00e4evakreem, mis rahustab ja pehmendab stressis nahka.<\/p>\n","protected":false},"featured_media":1855,"template":"","meta":{"om_disable_all_campaigns":false,"_monsterinsights_skip_tracking":false,"_monsterinsights_sitenote_active":false,"_monsterinsights_sitenote_note":"","_monsterinsights_sitenote_category":0,"_uf_show_specific_survey":0,"_uf_disable_surveys":false,"site-sidebar-layout":"default","site-content-layout":"","ast-site-content-layout":"default","site-content-style":"default","site-sidebar-style":"default","ast-global-header-display":"","ast-banner-title-visibility":"","ast-main-header-display":"","ast-hfb-above-header-display":"","ast-hfb-below-header-display":"","ast-hfb-mobile-header-display":"","site-post-title":"","ast-breadcrumbs-content":"","ast-featured-img":"","footer-sml-layout":"","theme-transparent-header-meta":"default","adv-header-id-meta":"","stick-header-meta":"","header-above-stick-meta":"","header-main-stick-meta":"","header-below-stick-meta":"","astra-migrate-meta-layouts":"set","ast-page-background-enabled":"default","ast-page-background-meta":{"desktop":{"background-color":"var(--ast-global-color-4)","background-image":"","background-repeat":"repeat","background-position":"center center","background-size":"auto","background-attachment":"scroll","background-type":"","background-media":"","overlay-type":"","overlay-color":"","overlay-opacity":"","overlay-gradient":""},"tablet":{"background-color":"","background-image":"","background-repeat":"repeat","background-position":"center center","background-size":"auto","background-attachment":"scroll","background-type":"","background-media":"","overlay-type":"","overlay-color":"","overlay-opacity":"","overlay-gradient":""},"mobile":{"background-color":"","background-image":"","background-repeat":"repeat","background-position":"center center","background-size":"auto","background-attachment":"scroll","background-type":"","background-media":"","overlay-type":"","overlay-color":"","overlay-opacity":"","overlay-gradient":""}},"ast-content-background-meta":{"desktop":{"background-color":"var(--ast-global-color-5)","background-image":"","background-repeat":"repeat","background-position":"center center","background-size":"auto","background-attachment":"scroll","background-type":"","background-media":"","overlay-type":"","overlay-color":"","overlay-opacity":"","overlay-gradient":""},"tablet":{"background-color":"var(--ast-global-color-5)","background-image":"","background-repeat":"repeat","background-position":"center center","background-size":"auto","background-attachment":"scroll","background-type":"","background-media":"","overlay-type":"","overlay-color":"","overlay-opacity":"","overlay-gradient":""},"mobile":{"background-color":"var(--ast-global-color-5)","background-image":"","background-repeat":"repeat","background-position":"center center","background-size":"auto","background-attachment":"scroll","background-type":"","background-media":"","overlay-type":"","overlay-color":"","overlay-opacity":"","overlay-gradient":""}}},"product_brand":[],"product_cat":[75,15],"product_tag":[],"class_list":{"0":"post-1796","1":"product","2":"type-product","3":"status-publish","4":"has-post-thumbnail","6":"product_cat-kreemid-naole","7":"product_cat-naole","8":"desktop-align-center","9":"tablet-align-left","10":"mobile-align-left","12":"first","13":"instock","14":"taxable","15":"shipping-taxable","16":"purchasable","17":"product-type-simple","18":"add-to-wishlist-before_image"},"aioseo_notices":[],"_links":{"self":[{"href":"https:\/\/kosmeetika24.eu\/et\/wp-json\/wp\/v2\/product\/1796","targetHints":{"allow":["GET"]}}],"collection":[{"href":"https:\/\/kosmeetika24.eu\/et\/wp-json\/wp\/v2\/product"}],"about":[{"href":"https:\/\/kosmeetika24.eu\/et\/wp-json\/wp\/v2\/types\/product"}],"version-history":[{"count":2,"href":"https:\/\/kosmeetika24.eu\/et\/wp-json\/wp\/v2\/product\/1796\/revisions"}],"predecessor-version":[{"id":8954,"href":"https:\/\/kosmeetika24.eu\/et\/wp-json\/wp\/v2\/product\/1796\/revisions\/8954"}],"wp:featuredmedia":[{"embeddable":true,"href":"https:\/\/kosmeetika24.eu\/et\/wp-json\/wp\/v2\/media\/1855"}],"wp:attachment":[{"href":"https:\/\/kosmeetika24.eu\/et\/wp-json\/wp\/v2\/media?parent=1796"}],"wp:term":[{"taxonomy":"product_brand","embeddable":true,"href":"https:\/\/kosmeetika24.eu\/et\/wp-json\/wp\/v2\/product_brand?post=1796"},{"taxonomy":"product_cat","embeddable":true,"href":"https:\/\/kosmeetika24.eu\/et\/wp-json\/wp\/v2\/product_cat?post=1796"},{"taxonomy":"product_tag","embeddable":true,"href":"https:\/\/kosmeetika24.eu\/et\/wp-json\/wp\/v2\/product_tag?post=1796"}],"curies":[{"name":"wp","href":"https:\/\/api.w.org\/{rel}","templated":true}]}}