{"id":1795,"date":"2019-11-11T12:31:16","date_gmt":"2019-11-11T12:31:16","guid":{"rendered":"https:\/\/kosmeetika24.eu\/?post_type=product&#038;p=1795"},"modified":"2025-09-15T11:59:44","modified_gmt":"2025-09-15T08:59:44","slug":"bruno-vassari-anti-stress-self-foaming-cleanser","status":"publish","type":"product","link":"https:\/\/kosmeetika24.eu\/et\/toode\/bruno-vassari-anti-stress-self-foaming-cleanser\/","title":{"rendered":"BRUNO VASSARI Anti-Stress puhastusvaht"},"content":{"rendered":"<p>Vitamiinide ja mineraalidega puhastusvaht <em> Self Foaming Cleanser<\/em>\u00a0rahustab ja pehmendab stressis nahka.<\/p>\n<p>Sisaldab mikroelemente ja niisutavaid aineid.<\/p>\n<p>Eemaldab t\u00e4iuslikult nahalt lisaained ja meigi.<\/p>\n<p>Puhastamisel ei \u00e4rrita see nahka ja on lihtne kasutada.<\/p>\n<p>Sobib k\u00f5igile nahat\u00fc\u00fcpidele,\u00a0 eriti tundlikule nahale.<\/p>\n<p><strong>PEAMISED TOIMEAINED<\/strong><\/p>\n<ul>\n<li>Mikroelemendid: magneesium, tsink, vask ja mangaan.<\/li>\n<li>V\u00e4he \u00e4rritavad pindaktiivsed ained<\/li>\n<\/ul>\n<p><strong>TOIME<\/strong><\/p>\n<ul>\n<li>Vaht, mis kantakse otse niisutatud nahale, puhastab t\u00e4iuslikult mustuse ja meigi ning arvestab tundliku naha \u00f5rnusega.<\/li>\n<\/ul>\n<p><strong>KASUTAMINE<\/strong><\/p>\n<ul>\n<li>Puhastusvaht kanda eelnevalt niisutatud nahale, kuna siis on vahtu rohkem ja see on pehmem.<\/li>\n<li>Eemaldada veega ning kuivatada ilma nahka h\u00f5\u00f5rumata.<\/li>\n<li>Sobib kasutamiseks nii hommikul kui \u00f5htul.<\/li>\n<\/ul>\n<p><strong>KOOSTIS<\/strong><\/p>\n<p><span style=\"font-size: 14px;\">AQUA (WATER), GLYCERIN, BUTYLENE GLYCOL, SODIUM LAURETH SULFATE, PEG-200 HYDROGENATED GLYCERYL PALMATE, SISODIUM COCOAMPHODIACETATE, PEG-7 GLYCERYL COCOATE, COCAMIDOPROPYL BETAINE, SODIUM CHLORIDE, METHYLPARABEN, PHENOXYETHANOL, DISODIUM EDTA, CITRIC ACID, ETHYLPARABEN, BUTYLPARABEN, SODIUM BENZOATE, PROPYLPARABEN, ZINC ASPARTATE, COPPER ASPARTATE, MAGNESIUM ASPARTATE, MANGANESE ASPARTATE, PARFUM (FRAGRANCE), LINALOOL, HEXYL CINNAMAL, BUTYLPHENYL METHYLPROPIONAL.<\/span><\/p>\n<p><span style=\"color: #000000;\"><span style=\"font-family: Roboto, sans-serif;\"><span style=\"font-size: small;\"><span style=\"font-size: xx-small;\">255.- \u20ac\/l<\/span><\/span><\/span><\/span><\/p>\n","protected":false},"excerpt":{"rendered":"<p>150 ml<\/p>\n<p>Pehme puhastusvaht naha pesemiseks ja ettevalmistamiseks enne kosmeetilisi protseduure.<\/p>\n<p>Sobib eriti h\u00e4sti tundlikule nahale ja rosaatseaga nahale.<\/p>\n<p>Tootes sisalduvad mikroelemendid rikastavad nahka, mis see on eriti oluline vanuses 40+.<\/p>\n","protected":false},"featured_media":6456,"template":"","meta":{"om_disable_all_campaigns":false,"_monsterinsights_skip_tracking":false,"_monsterinsights_sitenote_active":false,"_monsterinsights_sitenote_note":"","_monsterinsights_sitenote_category":0,"_uf_show_specific_survey":0,"_uf_disable_surveys":false,"site-sidebar-layout":"default","site-content-layout":"","ast-site-content-layout":"default","site-content-style":"default","site-sidebar-style":"default","ast-global-header-display":"","ast-banner-title-visibility":"","ast-main-header-display":"","ast-hfb-above-header-display":"","ast-hfb-below-header-display":"","ast-hfb-mobile-header-display":"","site-post-title":"","ast-breadcrumbs-content":"","ast-featured-img":"","footer-sml-layout":"","theme-transparent-header-meta":"default","adv-header-id-meta":"","stick-header-meta":"","header-above-stick-meta":"","header-main-stick-meta":"","header-below-stick-meta":"","astra-migrate-meta-layouts":"set","ast-page-background-enabled":"default","ast-page-background-meta":{"desktop":{"background-color":"var(--ast-global-color-4)","background-image":"","background-repeat":"repeat","background-position":"center center","background-size":"auto","background-attachment":"scroll","background-type":"","background-media":"","overlay-type":"","overlay-color":"","overlay-opacity":"","overlay-gradient":""},"tablet":{"background-color":"","background-image":"","background-repeat":"repeat","background-position":"center center","background-size":"auto","background-attachment":"scroll","background-type":"","background-media":"","overlay-type":"","overlay-color":"","overlay-opacity":"","overlay-gradient":""},"mobile":{"background-color":"","background-image":"","background-repeat":"repeat","background-position":"center center","background-size":"auto","background-attachment":"scroll","background-type":"","background-media":"","overlay-type":"","overlay-color":"","overlay-opacity":"","overlay-gradient":""}},"ast-content-background-meta":{"desktop":{"background-color":"var(--ast-global-color-5)","background-image":"","background-repeat":"repeat","background-position":"center center","background-size":"auto","background-attachment":"scroll","background-type":"","background-media":"","overlay-type":"","overlay-color":"","overlay-opacity":"","overlay-gradient":""},"tablet":{"background-color":"var(--ast-global-color-5)","background-image":"","background-repeat":"repeat","background-position":"center center","background-size":"auto","background-attachment":"scroll","background-type":"","background-media":"","overlay-type":"","overlay-color":"","overlay-opacity":"","overlay-gradient":""},"mobile":{"background-color":"var(--ast-global-color-5)","background-image":"","background-repeat":"repeat","background-position":"center center","background-size":"auto","background-attachment":"scroll","background-type":"","background-media":"","overlay-type":"","overlay-color":"","overlay-opacity":"","overlay-gradient":""}}},"product_brand":[],"product_cat":[15,73,361],"product_tag":[],"class_list":{"0":"post-1795","1":"product","2":"type-product","3":"status-publish","4":"has-post-thumbnail","6":"product_cat-naole","7":"product_cat-puhastustooted","8":"product_cat-puhastusvaht","9":"desktop-align-center","10":"tablet-align-left","11":"mobile-align-left","13":"first","14":"instock","15":"taxable","16":"shipping-taxable","17":"purchasable","18":"product-type-simple","19":"add-to-wishlist-before_image"},"aioseo_notices":[],"_links":{"self":[{"href":"https:\/\/kosmeetika24.eu\/et\/wp-json\/wp\/v2\/product\/1795","targetHints":{"allow":["GET"]}}],"collection":[{"href":"https:\/\/kosmeetika24.eu\/et\/wp-json\/wp\/v2\/product"}],"about":[{"href":"https:\/\/kosmeetika24.eu\/et\/wp-json\/wp\/v2\/types\/product"}],"version-history":[{"count":3,"href":"https:\/\/kosmeetika24.eu\/et\/wp-json\/wp\/v2\/product\/1795\/revisions"}],"predecessor-version":[{"id":8955,"href":"https:\/\/kosmeetika24.eu\/et\/wp-json\/wp\/v2\/product\/1795\/revisions\/8955"}],"wp:featuredmedia":[{"embeddable":true,"href":"https:\/\/kosmeetika24.eu\/et\/wp-json\/wp\/v2\/media\/6456"}],"wp:attachment":[{"href":"https:\/\/kosmeetika24.eu\/et\/wp-json\/wp\/v2\/media?parent=1795"}],"wp:term":[{"taxonomy":"product_brand","embeddable":true,"href":"https:\/\/kosmeetika24.eu\/et\/wp-json\/wp\/v2\/product_brand?post=1795"},{"taxonomy":"product_cat","embeddable":true,"href":"https:\/\/kosmeetika24.eu\/et\/wp-json\/wp\/v2\/product_cat?post=1795"},{"taxonomy":"product_tag","embeddable":true,"href":"https:\/\/kosmeetika24.eu\/et\/wp-json\/wp\/v2\/product_tag?post=1795"}],"curies":[{"name":"wp","href":"https:\/\/api.w.org\/{rel}","templated":true}]}}