{"id":1770,"date":"2019-11-08T14:22:11","date_gmt":"2019-11-08T14:22:11","guid":{"rendered":"https:\/\/kosmeetika24.eu\/?post_type=product&#038;p=1770"},"modified":"2024-10-09T12:04:20","modified_gmt":"2024-10-09T09:04:20","slug":"bruno-vassari-withe-intensive-whitening-method","status":"publish","type":"product","link":"https:\/\/kosmeetika24.eu\/et\/toode\/bruno-vassari-withe-intensive-whitening-method\/","title":{"rendered":"BRUNO VASSARI White intensiivne pigmentatsioonivastane hooldus"},"content":{"rendered":"<p>Professionaalne hooldus <em>Intensive Whitening Method<\/em> sobib vananenud naha ja pigmentatsiooni probleemide korral. Protseduur toimib kortse siluvalt, tasandab naha pinna ja \u00fchtlustab n\u00e4o jume. Eesm\u00e4rgiks on v\u00e4hendada foto vananemise fenomeni.<\/p>\n<p>Sobib vananemisilmingutega nahale.<\/p>\n<p><strong>TOIMEAINED<\/strong><\/p>\n<ul>\n<li>Valgendav koorija &#8220;Whitening Peel with AHa + BHA + VIT C&#8221;: askorb\u00fc\u00fclgl\u00fckosiid, BHA, AHA.<\/li>\n<li>Valgendav kontsentraat &#8220;Intensive Whitening Concentrate&#8221;: askorb\u00fc\u00fclgl\u00fckosiid, niatsiinamiid ja lagritsaekstrakt.<\/li>\n<li>Valgendav mask &#8220;Intensive Whitening Mask&#8221;: askorb\u00fc\u00fclgl\u00fckosiid, Bio-Whitei kompleks.<\/li>\n<li>P\u00e4ikesekaitsega p\u00e4evakreem &#8220;Day Protection SPF15&#8221;: magneesiumaskorb\u00fc\u00fclfosfaat, E-vitamiin, naatriumh\u00fcaluronaat.<\/li>\n<\/ul>\n<p><strong>TOIME<\/strong><\/p>\n<ul>\n<li>Koorija parendab naha tekstuuri ja korrigeerib vananemise m\u00e4rke, sealhulgas ka pigmentatsiooni.<\/li>\n<li>Valgendav kontsentraat niisutab ning normaliseerib keramiidide tootmist. Toimib rahustavalt ja nahatooni \u00fchtlustavalt.<\/li>\n<li>Valgendav mask pidurdab melaniini s\u00fcnteesi ja annab s\u00e4ra. Sel on p\u00f5letikuvastane ja antioks\u00fcdantne toime.<\/li>\n<li>P\u00e4ikesekaitsega p\u00e4evakreemil on kaitsev toime, niisutab nahka, \u00fchtlustab nahapinna ja annab s\u00e4ra.<\/li>\n<\/ul>\n","protected":false},"excerpt":{"rendered":"<p>Professionaalne hooldus vananenud naha ja pigmentatsiooni probleemide korral.<\/p>\n<p>&nbsp;<\/p>\n<p><span style=\"font-size: 14px;\">Komplekt on m\u00f5eldud professionaalseks kasutamiseks 6 protseduuril:<\/span><\/p>\n<ul>\n<li><span style=\"font-size: 14px;\">koorija Whitening Peel with AHa + BHA + VIT C 30ml<\/span><\/li>\n<li><span style=\"font-size: 14px;\">kontsentraat Intensive Whitening Concentrate 3ml<\/span><\/li>\n<li><span style=\"font-size: 14px;\">mask Intensive Whitening Mask 30g<\/span><\/li>\n<li><span style=\"font-size: 14px;\">p\u00e4ikesekaitsega p\u00e4evakreem Day Protection SPF15 20ml<\/span><\/li>\n<\/ul>\n","protected":false},"featured_media":2396,"template":"","meta":{"om_disable_all_campaigns":false,"_monsterinsights_skip_tracking":false,"_monsterinsights_sitenote_active":false,"_monsterinsights_sitenote_note":"","_monsterinsights_sitenote_category":0,"_uf_show_specific_survey":0,"_uf_disable_surveys":false,"site-sidebar-layout":"default","site-content-layout":"","ast-site-content-layout":"","site-content-style":"default","site-sidebar-style":"default","ast-global-header-display":"","ast-banner-title-visibility":"","ast-main-header-display":"","ast-hfb-above-header-display":"","ast-hfb-below-header-display":"","ast-hfb-mobile-header-display":"","site-post-title":"","ast-breadcrumbs-content":"","ast-featured-img":"","footer-sml-layout":"","theme-transparent-header-meta":"","adv-header-id-meta":"","stick-header-meta":"","header-above-stick-meta":"","header-main-stick-meta":"","header-below-stick-meta":"","astra-migrate-meta-layouts":"default","ast-page-background-enabled":"default","ast-page-background-meta":{"desktop":{"background-color":"var(--ast-global-color-4)","background-image":"","background-repeat":"repeat","background-position":"center center","background-size":"auto","background-attachment":"scroll","background-type":"","background-media":"","overlay-type":"","overlay-color":"","overlay-opacity":"","overlay-gradient":""},"tablet":{"background-color":"","background-image":"","background-repeat":"repeat","background-position":"center center","background-size":"auto","background-attachment":"scroll","background-type":"","background-media":"","overlay-type":"","overlay-color":"","overlay-opacity":"","overlay-gradient":""},"mobile":{"background-color":"","background-image":"","background-repeat":"repeat","background-position":"center center","background-size":"auto","background-attachment":"scroll","background-type":"","background-media":"","overlay-type":"","overlay-color":"","overlay-opacity":"","overlay-gradient":""}},"ast-content-background-meta":{"desktop":{"background-color":"var(--ast-global-color-5)","background-image":"","background-repeat":"repeat","background-position":"center center","background-size":"auto","background-attachment":"scroll","background-type":"","background-media":"","overlay-type":"","overlay-color":"","overlay-opacity":"","overlay-gradient":""},"tablet":{"background-color":"var(--ast-global-color-5)","background-image":"","background-repeat":"repeat","background-position":"center center","background-size":"auto","background-attachment":"scroll","background-type":"","background-media":"","overlay-type":"","overlay-color":"","overlay-opacity":"","overlay-gradient":""},"mobile":{"background-color":"var(--ast-global-color-5)","background-image":"","background-repeat":"repeat","background-position":"center center","background-size":"auto","background-attachment":"scroll","background-type":"","background-media":"","overlay-type":"","overlay-color":"","overlay-opacity":"","overlay-gradient":""}}},"product_brand":[],"product_cat":[126,108,121],"product_tag":[],"class_list":{"0":"post-1770","1":"product","2":"type-product","3":"status-publish","4":"has-post-thumbnail","6":"product_cat-komplektid-profitooted","7":"product_cat-profitooted","8":"product_cat-vananemisilmingutega-nahale-profitooted","9":"desktop-align-center","10":"tablet-align-left","11":"mobile-align-left","13":"first","14":"instock","15":"taxable","16":"shipping-taxable","17":"product-type-simple","18":"add-to-wishlist-before_image"},"aioseo_notices":[],"_links":{"self":[{"href":"https:\/\/kosmeetika24.eu\/et\/wp-json\/wp\/v2\/product\/1770","targetHints":{"allow":["GET"]}}],"collection":[{"href":"https:\/\/kosmeetika24.eu\/et\/wp-json\/wp\/v2\/product"}],"about":[{"href":"https:\/\/kosmeetika24.eu\/et\/wp-json\/wp\/v2\/types\/product"}],"version-history":[{"count":2,"href":"https:\/\/kosmeetika24.eu\/et\/wp-json\/wp\/v2\/product\/1770\/revisions"}],"predecessor-version":[{"id":8958,"href":"https:\/\/kosmeetika24.eu\/et\/wp-json\/wp\/v2\/product\/1770\/revisions\/8958"}],"wp:featuredmedia":[{"embeddable":true,"href":"https:\/\/kosmeetika24.eu\/et\/wp-json\/wp\/v2\/media\/2396"}],"wp:attachment":[{"href":"https:\/\/kosmeetika24.eu\/et\/wp-json\/wp\/v2\/media?parent=1770"}],"wp:term":[{"taxonomy":"product_brand","embeddable":true,"href":"https:\/\/kosmeetika24.eu\/et\/wp-json\/wp\/v2\/product_brand?post=1770"},{"taxonomy":"product_cat","embeddable":true,"href":"https:\/\/kosmeetika24.eu\/et\/wp-json\/wp\/v2\/product_cat?post=1770"},{"taxonomy":"product_tag","embeddable":true,"href":"https:\/\/kosmeetika24.eu\/et\/wp-json\/wp\/v2\/product_tag?post=1770"}],"curies":[{"name":"wp","href":"https:\/\/api.w.org\/{rel}","templated":true}]}}