{"id":1760,"date":"2019-11-08T11:57:34","date_gmt":"2019-11-08T11:57:34","guid":{"rendered":"https:\/\/kosmeetika24.eu\/?post_type=product&#038;p=1760"},"modified":"2025-09-16T10:36:27","modified_gmt":"2025-09-16T07:36:27","slug":"bruno-vassari-withe-brightening-lotion-2","status":"publish","type":"product","link":"https:\/\/kosmeetika24.eu\/et\/toode\/bruno-vassari-withe-brightening-lotion-2\/","title":{"rendered":"BRUNO VASSARI White s\u00e4ra andev n\u00e4ovesi"},"content":{"rendered":"<p>V\u00e4rskendav n\u00e4ovesi Brightening Lotion sisaldab s\u00e4ra andvaid ja rahustavaid koostisosi, mis valgendavad tumedaid laike ja parandavad n\u00e4ojumet.<\/p>\n<p>Eemaldab nahapinnalt higi, saasteained ja surnud rakud, andes nahale tagasi loomuliku tooni.<\/p>\n<p>Sobib k\u00f5igile nahat\u00fc\u00fcpidele vananenud naha ja pigmentatsiooni probleemide korral.<\/p>\n<p><strong>PEAMISED TOIMEAINED<\/strong><\/p>\n<ul>\n<li>Naatriumaskorb\u00fc\u00fclfosfaat ehk\u00a0 C-vitamiini stabiliseeritud vorm<\/li>\n<li>Dikaaliumgl\u00fcts\u00fcrritsinaat ehk taimeekstrakti fraktsioon<\/li>\n<\/ul>\n<p><strong>TOIME<\/strong><\/p>\n<ul>\n<li>Naatriumaskorb\u00fc\u00fclfosfaat on C-vitamiini stabiliseeritud derivaat valgendab tumedaid laike ning v\u00e4ldib uute teket. C-vitamiin edendab kollageeni s\u00fcnteesi ning p\u00fc\u00fcab vabu radikaale.<\/li>\n<li>Dikaaliumgl\u00fcts\u00fcrritsinaadil on rahustavad ja rasun\u00e4\u00e4rmeid tasakaalustavad omadused.<\/li>\n<\/ul>\n<p><strong>KOOSTIS<\/strong><\/p>\n<p>AQUA (WATER), BUTYLENE GLYCOL, GLYCERIN, PROPYLENE CLYCOL, SODIUM PCA, SODIUM CITRATE, SODIUM ASCORBYL PHOSPHATE, DIPOTASSIUM GLYCYRRHIZATE, PHENOXYETHANOL, CHLORPHENESIN, DISODIUM EDTA, METHYLPHARABEN.<\/p>\n","protected":false},"excerpt":{"rendered":"<p>Professionaalseks kasutamiseks m\u00f5eldud n\u00e4ovesi\u00a0 rahustab naha pinda, valgendab tumedaid laike ja parandab jumet.<\/p>\n<p>&nbsp;<\/p>\n<p>500 ml<\/p>\n","protected":false},"featured_media":2401,"template":"","meta":{"om_disable_all_campaigns":false,"_monsterinsights_skip_tracking":false,"_monsterinsights_sitenote_active":false,"_monsterinsights_sitenote_note":"","_monsterinsights_sitenote_category":0,"_uf_show_specific_survey":0,"_uf_disable_surveys":false,"site-sidebar-layout":"default","site-content-layout":"","ast-site-content-layout":"default","site-content-style":"default","site-sidebar-style":"default","ast-global-header-display":"","ast-banner-title-visibility":"","ast-main-header-display":"","ast-hfb-above-header-display":"","ast-hfb-below-header-display":"","ast-hfb-mobile-header-display":"","site-post-title":"","ast-breadcrumbs-content":"","ast-featured-img":"","footer-sml-layout":"","theme-transparent-header-meta":"default","adv-header-id-meta":"","stick-header-meta":"","header-above-stick-meta":"","header-main-stick-meta":"","header-below-stick-meta":"","astra-migrate-meta-layouts":"set","ast-page-background-enabled":"default","ast-page-background-meta":{"desktop":{"background-color":"var(--ast-global-color-4)","background-image":"","background-repeat":"repeat","background-position":"center center","background-size":"auto","background-attachment":"scroll","background-type":"","background-media":"","overlay-type":"","overlay-color":"","overlay-opacity":"","overlay-gradient":""},"tablet":{"background-color":"","background-image":"","background-repeat":"repeat","background-position":"center center","background-size":"auto","background-attachment":"scroll","background-type":"","background-media":"","overlay-type":"","overlay-color":"","overlay-opacity":"","overlay-gradient":""},"mobile":{"background-color":"","background-image":"","background-repeat":"repeat","background-position":"center center","background-size":"auto","background-attachment":"scroll","background-type":"","background-media":"","overlay-type":"","overlay-color":"","overlay-opacity":"","overlay-gradient":""}},"ast-content-background-meta":{"desktop":{"background-color":"var(--ast-global-color-5)","background-image":"","background-repeat":"repeat","background-position":"center center","background-size":"auto","background-attachment":"scroll","background-type":"","background-media":"","overlay-type":"","overlay-color":"","overlay-opacity":"","overlay-gradient":""},"tablet":{"background-color":"var(--ast-global-color-5)","background-image":"","background-repeat":"repeat","background-position":"center center","background-size":"auto","background-attachment":"scroll","background-type":"","background-media":"","overlay-type":"","overlay-color":"","overlay-opacity":"","overlay-gradient":""},"mobile":{"background-color":"var(--ast-global-color-5)","background-image":"","background-repeat":"repeat","background-position":"center center","background-size":"auto","background-attachment":"scroll","background-type":"","background-media":"","overlay-type":"","overlay-color":"","overlay-opacity":"","overlay-gradient":""}}},"product_brand":[],"product_cat":[108,113,121],"product_tag":[],"class_list":{"0":"post-1760","1":"product","2":"type-product","3":"status-publish","4":"has-post-thumbnail","6":"product_cat-profitooted","7":"product_cat-toonikud-profitooted","8":"product_cat-vananemisilmingutega-nahale-profitooted","9":"desktop-align-center","10":"tablet-align-left","11":"mobile-align-left","13":"first","14":"instock","15":"taxable","16":"shipping-taxable","17":"product-type-simple","18":"add-to-wishlist-before_image"},"aioseo_notices":[],"_links":{"self":[{"href":"https:\/\/kosmeetika24.eu\/et\/wp-json\/wp\/v2\/product\/1760","targetHints":{"allow":["GET"]}}],"collection":[{"href":"https:\/\/kosmeetika24.eu\/et\/wp-json\/wp\/v2\/product"}],"about":[{"href":"https:\/\/kosmeetika24.eu\/et\/wp-json\/wp\/v2\/types\/product"}],"version-history":[{"count":3,"href":"https:\/\/kosmeetika24.eu\/et\/wp-json\/wp\/v2\/product\/1760\/revisions"}],"predecessor-version":[{"id":10436,"href":"https:\/\/kosmeetika24.eu\/et\/wp-json\/wp\/v2\/product\/1760\/revisions\/10436"}],"wp:featuredmedia":[{"embeddable":true,"href":"https:\/\/kosmeetika24.eu\/et\/wp-json\/wp\/v2\/media\/2401"}],"wp:attachment":[{"href":"https:\/\/kosmeetika24.eu\/et\/wp-json\/wp\/v2\/media?parent=1760"}],"wp:term":[{"taxonomy":"product_brand","embeddable":true,"href":"https:\/\/kosmeetika24.eu\/et\/wp-json\/wp\/v2\/product_brand?post=1760"},{"taxonomy":"product_cat","embeddable":true,"href":"https:\/\/kosmeetika24.eu\/et\/wp-json\/wp\/v2\/product_cat?post=1760"},{"taxonomy":"product_tag","embeddable":true,"href":"https:\/\/kosmeetika24.eu\/et\/wp-json\/wp\/v2\/product_tag?post=1760"}],"curies":[{"name":"wp","href":"https:\/\/api.w.org\/{rel}","templated":true}]}}