{"id":1757,"date":"2019-11-08T11:20:18","date_gmt":"2019-11-08T11:20:18","guid":{"rendered":"https:\/\/kosmeetika24.eu\/?post_type=product&#038;p=1757"},"modified":"2025-09-16T10:28:27","modified_gmt":"2025-09-16T07:28:27","slug":"bruno-vassari-withe-creamy-cleansing-foam-2","status":"publish","type":"product","link":"https:\/\/kosmeetika24.eu\/et\/toode\/bruno-vassari-withe-creamy-cleansing-foam-2\/","title":{"rendered":"BRUNO VASSARI White kreemias s\u00e4ra andev puhastusvaht"},"content":{"rendered":"<p>Puhastusvaht <em>Creamy Cleansing Foam<\/em> on valgendava efektiga kerge puhastav vaht, mis eemaldab naha pinnalt t\u00f5husalt meigi ja surnud naharakud, taastab pH taseme.<\/p>\n<p>Nahk j\u00e4\u00e4b puhas, s\u00e4rav ja sile, valgendamisprotseduurideks valmis.<\/p>\n<p>Sobib igap\u00e4evaseks kasutamiseks.<\/p>\n<p>Sobib k\u00f5igile nahat\u00fc\u00fcpidele vananenud naha ja pigmentatsiooni probleemide korral.<\/p>\n<p><strong>PEAMISED TOIMEAINED<\/strong><\/p>\n<ul>\n<li>Naatriumaskorb\u00fc\u00fclfosfaat<\/li>\n<li>C-vitamiini stabiliseeritud vorm<\/li>\n<\/ul>\n<p><strong>TOIME<\/strong><\/p>\n<p>Naatriumaskorb\u00fc\u00fclfosfaat toimib mitmel viisil:<\/p>\n<ul>\n<li>toimib antioks\u00fcdandina, mis kaitseb UV-kiirguse p\u00f5hjustatud kahjustuste eest;<\/li>\n<li>tugevdab nahakihti, v\u00e4ltides seel\u00e4bi naha kuivamist;<\/li>\n<li>edendab kollageeni s\u00fcnteesi;<\/li>\n<li>v\u00e4hendab pigmentatsiooni;<\/li>\n<li>parendab rakkude parandamise mehhanismi.<\/li>\n<\/ul>\n<p><strong>KASUTAMINE<\/strong><\/p>\n<ul>\n<li>Toode kanda hommikul ja\/v\u00f5i \u00f5htul niisutatud nahale masseerivate liigutustega. J\u00e4\u00e4gid eemaldada veega.<\/li>\n<li>Sobib igap\u00e4evaseks kasutamiseks.<\/li>\n<\/ul>\n<p><strong>KOOSTIS<\/strong><\/p>\n<p><span style=\"font-size: 14px;\">AQUA (WATER), GLYCERIN, MYRISTIC ACID, GLYCERYL STEARATE, SODIUM METHYL COCOYL TAURATE, POTASSIUM HYDROXIDE, PALMITIC ACID, LAURIC ACID, STEARIC ACID, HYDROGENATED CASTOR OIL, ARACHIDIC ACID, PHENOXYETHANOL, HYDROXYETHYLCELLULOSE, PARFUM (FRAGRANCE), METHYLPARABEN, DISODIUMEDTA, SODIUM ASCRBYL PHOSPHATE, ETHYLPARABEN, BUTYLPARABEN, PROPYLENE GLYCOL, PROPYLPARABEN, BHT, ASCORBYL PALMITATE, CITRIC ACID.<\/span><\/p>\n","protected":false},"excerpt":{"rendered":"<p>Professionaalseks kasutamiseks m\u00f5eldud valgendava efektiga kerge puhastav vaht eemaldab naha pinnalt t\u00f5husalt meigi, mustuse ja taastab pH taseme.<\/p>\n<p>&nbsp;<\/p>\n<p>250ml<\/p>\n","protected":false},"featured_media":2403,"template":"","meta":{"om_disable_all_campaigns":false,"_monsterinsights_skip_tracking":false,"_monsterinsights_sitenote_active":false,"_monsterinsights_sitenote_note":"","_monsterinsights_sitenote_category":0,"_uf_show_specific_survey":0,"_uf_disable_surveys":false,"site-sidebar-layout":"default","site-content-layout":"","ast-site-content-layout":"default","site-content-style":"default","site-sidebar-style":"default","ast-global-header-display":"","ast-banner-title-visibility":"","ast-main-header-display":"","ast-hfb-above-header-display":"","ast-hfb-below-header-display":"","ast-hfb-mobile-header-display":"","site-post-title":"","ast-breadcrumbs-content":"","ast-featured-img":"","footer-sml-layout":"","theme-transparent-header-meta":"default","adv-header-id-meta":"","stick-header-meta":"","header-above-stick-meta":"","header-main-stick-meta":"","header-below-stick-meta":"","astra-migrate-meta-layouts":"set","ast-page-background-enabled":"default","ast-page-background-meta":{"desktop":{"background-color":"var(--ast-global-color-4)","background-image":"","background-repeat":"repeat","background-position":"center center","background-size":"auto","background-attachment":"scroll","background-type":"","background-media":"","overlay-type":"","overlay-color":"","overlay-opacity":"","overlay-gradient":""},"tablet":{"background-color":"","background-image":"","background-repeat":"repeat","background-position":"center center","background-size":"auto","background-attachment":"scroll","background-type":"","background-media":"","overlay-type":"","overlay-color":"","overlay-opacity":"","overlay-gradient":""},"mobile":{"background-color":"","background-image":"","background-repeat":"repeat","background-position":"center center","background-size":"auto","background-attachment":"scroll","background-type":"","background-media":"","overlay-type":"","overlay-color":"","overlay-opacity":"","overlay-gradient":""}},"ast-content-background-meta":{"desktop":{"background-color":"var(--ast-global-color-5)","background-image":"","background-repeat":"repeat","background-position":"center center","background-size":"auto","background-attachment":"scroll","background-type":"","background-media":"","overlay-type":"","overlay-color":"","overlay-opacity":"","overlay-gradient":""},"tablet":{"background-color":"var(--ast-global-color-5)","background-image":"","background-repeat":"repeat","background-position":"center center","background-size":"auto","background-attachment":"scroll","background-type":"","background-media":"","overlay-type":"","overlay-color":"","overlay-opacity":"","overlay-gradient":""},"mobile":{"background-color":"var(--ast-global-color-5)","background-image":"","background-repeat":"repeat","background-position":"center center","background-size":"auto","background-attachment":"scroll","background-type":"","background-media":"","overlay-type":"","overlay-color":"","overlay-opacity":"","overlay-gradient":""}}},"product_brand":[],"product_cat":[108,114],"product_tag":[],"class_list":{"0":"post-1757","1":"product","2":"type-product","3":"status-publish","4":"has-post-thumbnail","6":"product_cat-profitooted","7":"product_cat-puhastustooted-profitooted","8":"desktop-align-center","9":"tablet-align-left","10":"mobile-align-left","12":"first","13":"instock","14":"taxable","15":"shipping-taxable","16":"product-type-simple","17":"add-to-wishlist-before_image"},"aioseo_notices":[],"_links":{"self":[{"href":"https:\/\/kosmeetika24.eu\/et\/wp-json\/wp\/v2\/product\/1757","targetHints":{"allow":["GET"]}}],"collection":[{"href":"https:\/\/kosmeetika24.eu\/et\/wp-json\/wp\/v2\/product"}],"about":[{"href":"https:\/\/kosmeetika24.eu\/et\/wp-json\/wp\/v2\/types\/product"}],"version-history":[{"count":3,"href":"https:\/\/kosmeetika24.eu\/et\/wp-json\/wp\/v2\/product\/1757\/revisions"}],"predecessor-version":[{"id":10435,"href":"https:\/\/kosmeetika24.eu\/et\/wp-json\/wp\/v2\/product\/1757\/revisions\/10435"}],"wp:featuredmedia":[{"embeddable":true,"href":"https:\/\/kosmeetika24.eu\/et\/wp-json\/wp\/v2\/media\/2403"}],"wp:attachment":[{"href":"https:\/\/kosmeetika24.eu\/et\/wp-json\/wp\/v2\/media?parent=1757"}],"wp:term":[{"taxonomy":"product_brand","embeddable":true,"href":"https:\/\/kosmeetika24.eu\/et\/wp-json\/wp\/v2\/product_brand?post=1757"},{"taxonomy":"product_cat","embeddable":true,"href":"https:\/\/kosmeetika24.eu\/et\/wp-json\/wp\/v2\/product_cat?post=1757"},{"taxonomy":"product_tag","embeddable":true,"href":"https:\/\/kosmeetika24.eu\/et\/wp-json\/wp\/v2\/product_tag?post=1757"}],"curies":[{"name":"wp","href":"https:\/\/api.w.org\/{rel}","templated":true}]}}