{"id":1753,"date":"2019-11-08T09:19:08","date_gmt":"2019-11-08T09:19:08","guid":{"rendered":"https:\/\/kosmeetika24.eu\/?post_type=product&#038;p=1753"},"modified":"2024-11-04T15:41:34","modified_gmt":"2024-11-04T12:41:34","slug":"bruno-vassari-pure-solutions-oily-control-treatment","status":"publish","type":"product","link":"https:\/\/kosmeetika24.eu\/et\/toode\/bruno-vassari-pure-solutions-oily-control-treatment\/","title":{"rendered":"BRUNO VASSARI Pure Solutions hooldus rasusele nahale."},"content":{"rendered":"<p>Professionaalseks kasutamiseks m\u00f5eldud<em> Oily Control Treatment<\/em> hooldus reguleerib rasueritust, eemaldab liigse rasu, omab p\u00f5letikuvastast ja niisutavat toimet. Taastab naha loomuliku pH taseme.<\/p>\n<p>Sobib kombineeritud, rasusele ja probleemsele nahale.<\/p>\n<p><strong>TOIMEAINED<\/strong><\/p>\n<ul>\n<li>Koorija &#8220;Peel with AHA+BHA+PO&#8221;: gl\u00fckoolhape, salits\u00fc\u00fclhape, piroktoonolamiin, iiriseekstrakt.<\/li>\n<li>Aktiivne kontsentraat &#8220;Oily Control Concentrate&#8221;: B3-vitamiin (niatsiinamiid), salits\u00fc\u00fclhape, arginiin, tsinksulfaat.<\/li>\n<li>Alginaatmask &#8220;Oily Control Mask&#8221;: teepuu\u00f5li, mentool, meresool, pajulehed.<\/li>\n<li>Emulsioon &#8220;Balance Fluid&#8221;: iiriseekstrakt, tsingisool, A-vitamiin, salits\u00fc\u00fclhape ja matistavad ained.<\/li>\n<\/ul>\n<p><strong>TOIME<\/strong><\/p>\n<ul>\n<li>Koorimine parandab naha v\u00e4ljan\u00e4gemist ning eemaldab plekid ja komedoonid, koorides samal ajal \u00f5rnalt nahka.<\/li>\n<li>Aktiivne kontsentraat tasakaalustab rasun\u00e4\u00e4rme toimet.<\/li>\n<li>Alginaatmask sisaldab teepuu\u00f5li, mis annab antibakteriaalse toime, ning pajulehti, mis sisaldavad<br \/>\nkoorivate omadustega salits\u00fc\u00fclhapet.<\/li>\n<li>Emulsioon on antiseptilise toimega, aitab v\u00e4hendada p\u00f5letikku, niisutab, normaliseerib naha pH-taset ja on matistava toimega.<\/li>\n<\/ul>\n","protected":false},"excerpt":{"rendered":"<p>Hooldus reguleerib rasueritust, eemaldab liigse rasu, omab p\u00f5letikuvastast ja niisutavat toimet.<\/p>\n<p>&nbsp;<\/p>\n<p>Komplekt on m\u00f5eldud professionaalseks kasutamiseks 6 protseduuril.<\/p>\n<ul>\n<li><span style=\"font-size: 14px;\">koorija Peel with AHA+BHA+PO 30ml<\/span><\/li>\n<li><span style=\"font-size: 14px;\">aktiivne kontsentraat Oily Control Concentrate 6 x 3ml<\/span><\/li>\n<li><span style=\"font-size: 14px;\">alginaatmask Oily Control Mask 6 x 30g<\/span><\/li>\n<li><span style=\"font-size: 14px;\">emulsioon Balance Fluid 20ml<\/span><\/li>\n<\/ul>\n<p>&nbsp;<\/p>\n","protected":false},"featured_media":2409,"template":"","meta":{"om_disable_all_campaigns":false,"_monsterinsights_skip_tracking":false,"_monsterinsights_sitenote_active":false,"_monsterinsights_sitenote_note":"","_monsterinsights_sitenote_category":0,"_uf_show_specific_survey":0,"_uf_disable_surveys":false,"site-sidebar-layout":"default","site-content-layout":"","ast-site-content-layout":"default","site-content-style":"default","site-sidebar-style":"default","ast-global-header-display":"","ast-banner-title-visibility":"","ast-main-header-display":"","ast-hfb-above-header-display":"","ast-hfb-below-header-display":"","ast-hfb-mobile-header-display":"","site-post-title":"","ast-breadcrumbs-content":"","ast-featured-img":"","footer-sml-layout":"","theme-transparent-header-meta":"default","adv-header-id-meta":"","stick-header-meta":"","header-above-stick-meta":"","header-main-stick-meta":"","header-below-stick-meta":"","astra-migrate-meta-layouts":"set","ast-page-background-enabled":"default","ast-page-background-meta":{"desktop":{"background-color":"var(--ast-global-color-4)","background-image":"","background-repeat":"repeat","background-position":"center center","background-size":"auto","background-attachment":"scroll","background-type":"","background-media":"","overlay-type":"","overlay-color":"","overlay-opacity":"","overlay-gradient":""},"tablet":{"background-color":"","background-image":"","background-repeat":"repeat","background-position":"center center","background-size":"auto","background-attachment":"scroll","background-type":"","background-media":"","overlay-type":"","overlay-color":"","overlay-opacity":"","overlay-gradient":""},"mobile":{"background-color":"","background-image":"","background-repeat":"repeat","background-position":"center center","background-size":"auto","background-attachment":"scroll","background-type":"","background-media":"","overlay-type":"","overlay-color":"","overlay-opacity":"","overlay-gradient":""}},"ast-content-background-meta":{"desktop":{"background-color":"var(--ast-global-color-5)","background-image":"","background-repeat":"repeat","background-position":"center center","background-size":"auto","background-attachment":"scroll","background-type":"","background-media":"","overlay-type":"","overlay-color":"","overlay-opacity":"","overlay-gradient":""},"tablet":{"background-color":"var(--ast-global-color-5)","background-image":"","background-repeat":"repeat","background-position":"center center","background-size":"auto","background-attachment":"scroll","background-type":"","background-media":"","overlay-type":"","overlay-color":"","overlay-opacity":"","overlay-gradient":""},"mobile":{"background-color":"var(--ast-global-color-5)","background-image":"","background-repeat":"repeat","background-position":"center center","background-size":"auto","background-attachment":"scroll","background-type":"","background-media":"","overlay-type":"","overlay-color":"","overlay-opacity":"","overlay-gradient":""}}},"product_brand":[],"product_cat":[126,108],"product_tag":[],"class_list":{"0":"post-1753","1":"product","2":"type-product","3":"status-publish","4":"has-post-thumbnail","6":"product_cat-komplektid-profitooted","7":"product_cat-profitooted","8":"desktop-align-center","9":"tablet-align-left","10":"mobile-align-left","12":"first","13":"instock","14":"taxable","15":"shipping-taxable","16":"product-type-simple","17":"add-to-wishlist-before_image"},"aioseo_notices":[],"_links":{"self":[{"href":"https:\/\/kosmeetika24.eu\/et\/wp-json\/wp\/v2\/product\/1753","targetHints":{"allow":["GET"]}}],"collection":[{"href":"https:\/\/kosmeetika24.eu\/et\/wp-json\/wp\/v2\/product"}],"about":[{"href":"https:\/\/kosmeetika24.eu\/et\/wp-json\/wp\/v2\/types\/product"}],"version-history":[{"count":2,"href":"https:\/\/kosmeetika24.eu\/et\/wp-json\/wp\/v2\/product\/1753\/revisions"}],"predecessor-version":[{"id":8962,"href":"https:\/\/kosmeetika24.eu\/et\/wp-json\/wp\/v2\/product\/1753\/revisions\/8962"}],"wp:featuredmedia":[{"embeddable":true,"href":"https:\/\/kosmeetika24.eu\/et\/wp-json\/wp\/v2\/media\/2409"}],"wp:attachment":[{"href":"https:\/\/kosmeetika24.eu\/et\/wp-json\/wp\/v2\/media?parent=1753"}],"wp:term":[{"taxonomy":"product_brand","embeddable":true,"href":"https:\/\/kosmeetika24.eu\/et\/wp-json\/wp\/v2\/product_brand?post=1753"},{"taxonomy":"product_cat","embeddable":true,"href":"https:\/\/kosmeetika24.eu\/et\/wp-json\/wp\/v2\/product_cat?post=1753"},{"taxonomy":"product_tag","embeddable":true,"href":"https:\/\/kosmeetika24.eu\/et\/wp-json\/wp\/v2\/product_tag?post=1753"}],"curies":[{"name":"wp","href":"https:\/\/api.w.org\/{rel}","templated":true}]}}