{"id":1744,"date":"2019-11-07T14:29:46","date_gmt":"2019-11-07T14:29:46","guid":{"rendered":"https:\/\/kosmeetika24.eu\/?post_type=product&#038;p=1744"},"modified":"2025-09-16T10:23:30","modified_gmt":"2025-09-16T07:23:30","slug":"bruno-vassari-pure-solutions-akno-control-lotion-2","status":"publish","type":"product","link":"https:\/\/kosmeetika24.eu\/et\/toode\/bruno-vassari-pure-solutions-akno-control-lotion-2\/","title":{"rendered":"BRUNO VASSARI Pure Solutions puhastav n\u00e4ovesi rasusele nahale"},"content":{"rendered":"<p>N\u00e4ovesi<em> Akno-Control Lotion<\/em> on ideaalne t\u00e4iendus rasuse naha igap\u00e4evaseks puhastamiseks.<\/p>\n<p>Annab desinfitseeriva ja p\u00f5letikuvastase efekti. Aitab v\u00e4ltida komedoonide teket.<\/p>\n<p>Eemaldab rasu ja v\u00e4hendab l\u00e4iget, j\u00e4ttes naha puhtaks ja v\u00e4rskendatuks.<\/p>\n<p>Sobib kombineeritud ja rasusele nahale.<\/p>\n<p><strong>TOIMEAINED<\/strong><\/p>\n<ul>\n<li>N\u00f5iapuu ekstrakt<\/li>\n<li>Salits\u00fc\u00fclhape<\/li>\n<\/ul>\n<p><strong>TOIME<\/strong><\/p>\n<ul>\n<li>N\u00f5iapuu ekstrakt on s\u00fcgavpuhastava toimega.<\/li>\n<li>Salits\u00fc\u00fclhape koorib \u00fclemist sarvkihti. Puhastab ja suleb poorid, rahustab nahka.<\/li>\n<\/ul>\n<p><strong>KOOSTIS<\/strong><\/p>\n<p>AQUA ( WATER), ALCOHOL DENAT, BUTYLENE GLYCOL, SALICYLIC ACID, PRPYLENE GLYCOL, HAMAMELIS VIRGIANA (WITCH HAZEL) WATER, SODIUM CITRATE, SODIUM HYDROXIDE, PEG-40 HYDROGENATED CASTOR OIL, DISODIUM EDTA, PARFUM (FRAGRANCE), ALCOHOL, HEXYL CINNAMAL, LIMONENE, LINALOOL, GERANOL, ALPHA-ISOMETHYL IONONE, METHYLPROPANEDIOL, C.I. 42090 (FD&amp;C BLUE NO.1), C.I. 19140 (FD&amp;C YELLOW NO.5).<\/p>\n","protected":false},"excerpt":{"rendered":"<p>Professionaalseks kasutamiseks m\u00f5eldud n\u00e4ovesi eemaldab rasu ja v\u00e4hendab l\u00e4iget. Aitab v\u00e4hendada komedoonide teket.<\/p>\n<p>&nbsp;<\/p>\n<p>500 ml<\/p>\n","protected":false},"featured_media":2410,"template":"","meta":{"om_disable_all_campaigns":false,"_monsterinsights_skip_tracking":false,"_monsterinsights_sitenote_active":false,"_monsterinsights_sitenote_note":"","_monsterinsights_sitenote_category":0,"_uf_show_specific_survey":0,"_uf_disable_surveys":false,"site-sidebar-layout":"default","site-content-layout":"","ast-site-content-layout":"default","site-content-style":"default","site-sidebar-style":"default","ast-global-header-display":"","ast-banner-title-visibility":"","ast-main-header-display":"","ast-hfb-above-header-display":"","ast-hfb-below-header-display":"","ast-hfb-mobile-header-display":"","site-post-title":"","ast-breadcrumbs-content":"","ast-featured-img":"","footer-sml-layout":"","theme-transparent-header-meta":"default","adv-header-id-meta":"","stick-header-meta":"","header-above-stick-meta":"","header-main-stick-meta":"","header-below-stick-meta":"","astra-migrate-meta-layouts":"set","ast-page-background-enabled":"default","ast-page-background-meta":{"desktop":{"background-color":"var(--ast-global-color-4)","background-image":"","background-repeat":"repeat","background-position":"center center","background-size":"auto","background-attachment":"scroll","background-type":"","background-media":"","overlay-type":"","overlay-color":"","overlay-opacity":"","overlay-gradient":""},"tablet":{"background-color":"","background-image":"","background-repeat":"repeat","background-position":"center center","background-size":"auto","background-attachment":"scroll","background-type":"","background-media":"","overlay-type":"","overlay-color":"","overlay-opacity":"","overlay-gradient":""},"mobile":{"background-color":"","background-image":"","background-repeat":"repeat","background-position":"center center","background-size":"auto","background-attachment":"scroll","background-type":"","background-media":"","overlay-type":"","overlay-color":"","overlay-opacity":"","overlay-gradient":""}},"ast-content-background-meta":{"desktop":{"background-color":"var(--ast-global-color-5)","background-image":"","background-repeat":"repeat","background-position":"center center","background-size":"auto","background-attachment":"scroll","background-type":"","background-media":"","overlay-type":"","overlay-color":"","overlay-opacity":"","overlay-gradient":""},"tablet":{"background-color":"var(--ast-global-color-5)","background-image":"","background-repeat":"repeat","background-position":"center center","background-size":"auto","background-attachment":"scroll","background-type":"","background-media":"","overlay-type":"","overlay-color":"","overlay-opacity":"","overlay-gradient":""},"mobile":{"background-color":"var(--ast-global-color-5)","background-image":"","background-repeat":"repeat","background-position":"center center","background-size":"auto","background-attachment":"scroll","background-type":"","background-media":"","overlay-type":"","overlay-color":"","overlay-opacity":"","overlay-gradient":""}}},"product_brand":[],"product_cat":[108,114],"product_tag":[],"class_list":{"0":"post-1744","1":"product","2":"type-product","3":"status-publish","4":"has-post-thumbnail","6":"product_cat-profitooted","7":"product_cat-puhastustooted-profitooted","8":"desktop-align-center","9":"tablet-align-left","10":"mobile-align-left","12":"first","13":"instock","14":"taxable","15":"shipping-taxable","16":"product-type-simple","17":"add-to-wishlist-before_image"},"aioseo_notices":[],"_links":{"self":[{"href":"https:\/\/kosmeetika24.eu\/et\/wp-json\/wp\/v2\/product\/1744","targetHints":{"allow":["GET"]}}],"collection":[{"href":"https:\/\/kosmeetika24.eu\/et\/wp-json\/wp\/v2\/product"}],"about":[{"href":"https:\/\/kosmeetika24.eu\/et\/wp-json\/wp\/v2\/types\/product"}],"version-history":[{"count":4,"href":"https:\/\/kosmeetika24.eu\/et\/wp-json\/wp\/v2\/product\/1744\/revisions"}],"predecessor-version":[{"id":10433,"href":"https:\/\/kosmeetika24.eu\/et\/wp-json\/wp\/v2\/product\/1744\/revisions\/10433"}],"wp:featuredmedia":[{"embeddable":true,"href":"https:\/\/kosmeetika24.eu\/et\/wp-json\/wp\/v2\/media\/2410"}],"wp:attachment":[{"href":"https:\/\/kosmeetika24.eu\/et\/wp-json\/wp\/v2\/media?parent=1744"}],"wp:term":[{"taxonomy":"product_brand","embeddable":true,"href":"https:\/\/kosmeetika24.eu\/et\/wp-json\/wp\/v2\/product_brand?post=1744"},{"taxonomy":"product_cat","embeddable":true,"href":"https:\/\/kosmeetika24.eu\/et\/wp-json\/wp\/v2\/product_cat?post=1744"},{"taxonomy":"product_tag","embeddable":true,"href":"https:\/\/kosmeetika24.eu\/et\/wp-json\/wp\/v2\/product_tag?post=1744"}],"curies":[{"name":"wp","href":"https:\/\/api.w.org\/{rel}","templated":true}]}}