{"id":1737,"date":"2019-11-07T13:30:28","date_gmt":"2019-11-07T13:30:28","guid":{"rendered":"https:\/\/kosmeetika24.eu\/?post_type=product&#038;p=1737"},"modified":"2025-10-01T09:34:00","modified_gmt":"2025-10-01T06:34:00","slug":"bruno-vassari-pure-solutions-cleansing-gel-2","status":"publish","type":"product","link":"https:\/\/kosmeetika24.eu\/et\/toode\/bruno-vassari-pure-solutions-cleansing-gel-2\/","title":{"rendered":"BRUNO VASSARI Pure Solutions puhastav geel"},"content":{"rendered":"<p>Taimesetel ekstraktide p\u00f5hinev kerge rasvase ja probleemse naha puhastav geel <em>Cleansing Gel<\/em> .<\/p>\n<p>Sobib jumestuse eemaldamiseks.<\/p>\n<p>Geel valmistab naha ette n\u00e4ohoolduse j\u00e4rgmiseks etapiks.<\/p>\n<p><strong>PEAMISED TOIMEAINED<\/strong><\/p>\n<ul>\n<li>Harilik rosmariin<\/li>\n<li>Virgiinia n\u00f5iapuu<\/li>\n<li>Aedsalvei<\/li>\n<\/ul>\n<p><strong>TOIME<\/strong><\/p>\n<ul>\n<li>Harilik rosmariin leevendab p\u00f5letikulist protsessi.<\/li>\n<li>Virgiinia n\u00f5iapuu on s\u00fcgavpuhastava toimega.<\/li>\n<li>Aedsalvei on rasuregulaator, puhastab nahka ning toimib p\u00f5letikuvastaselt.<\/li>\n<\/ul>\n<p><strong>KASUTAMINE<\/strong><\/p>\n<ul>\n<li>Puhastav geel masseerida \u00f5rnalt m\u00e4rjale nahale ning eemaldada rohke veega. Sobib kasutamiseks nii hommikul kui \u00f5htul.<\/li>\n<\/ul>\n<p><strong>KOOSTIS<\/strong><\/p>\n<p><span style=\"font-size: 14px;\">AQUA (WATER), CAPRYLYL\/CAPRYL, GLUCOSIDE, PROPYLENE GLYCOL, TEA-LAURYL SULFATE, PEG-40 HYDROGENATED GASTOR OIL, CARBOMER, TRIDECETH-9, TRIETHANOLAMINE, HAMAMELISVIRGIANA (WITCH HAZEL) WATER, SALVIA OFFICINALIS (SAGE) LEAF EXTRACT, ROSMARINUS OFFICINALIS (ROSEMARY) LEAF EXTRACT, PEG-5 ETHYLHEXANOATE, IMIDAZOLIDINYL UREA, PARFUM (FRAGRANCE), HEXYL CINNAMAL, LIMONENE, MAGNESIUM NITRATE, ALCOHOL DENAT, LINALOOL, PHENOXYETHANOL, METHYLPARABEN, METHYLCHLOROISOTHIAZOLINONE, MAGNESIUM CHLORIDE, METHYLPROPANEIDOL, METHYLISOTHIAZOLINONE, PROPYLPARABEN, ETHYLPARABEN, BUTYLPARABEN, C.I.42090 (FD&amp;C BLUE NO.1), SODIUM CHLORIDE, SODIUM SULFATE.<\/span><\/p>\n<p><span style=\"color: #000000;\"><span style=\"font-family: Roboto, sans-serif;\"><span style=\"font-size: xx-small;\">290.66 \u20ac\/l<\/span><\/span><\/span><\/p>\n","protected":false},"excerpt":{"rendered":"<p>150 ml<\/p>\n<p>P\u00f5letikuvastase ja rahustava toimega.<\/p>\n<p>Soodustab pooride ahenemist, normaliseerib rasu eritust ja silub naha pinna.<\/p>\n<p>Sobib kombineeritud, rasusele ja probleemsele nahale.<\/p>\n","protected":false},"featured_media":1815,"template":"","meta":{"om_disable_all_campaigns":false,"_monsterinsights_skip_tracking":false,"_monsterinsights_sitenote_active":false,"_monsterinsights_sitenote_note":"","_monsterinsights_sitenote_category":0,"_uf_show_specific_survey":0,"_uf_disable_surveys":false,"site-sidebar-layout":"default","site-content-layout":"","ast-site-content-layout":"default","site-content-style":"default","site-sidebar-style":"default","ast-global-header-display":"","ast-banner-title-visibility":"","ast-main-header-display":"","ast-hfb-above-header-display":"","ast-hfb-below-header-display":"","ast-hfb-mobile-header-display":"","site-post-title":"","ast-breadcrumbs-content":"","ast-featured-img":"","footer-sml-layout":"","theme-transparent-header-meta":"default","adv-header-id-meta":"","stick-header-meta":"","header-above-stick-meta":"","header-main-stick-meta":"","header-below-stick-meta":"","astra-migrate-meta-layouts":"set","ast-page-background-enabled":"default","ast-page-background-meta":{"desktop":{"background-color":"var(--ast-global-color-4)","background-image":"","background-repeat":"repeat","background-position":"center center","background-size":"auto","background-attachment":"scroll","background-type":"","background-media":"","overlay-type":"","overlay-color":"","overlay-opacity":"","overlay-gradient":""},"tablet":{"background-color":"","background-image":"","background-repeat":"repeat","background-position":"center center","background-size":"auto","background-attachment":"scroll","background-type":"","background-media":"","overlay-type":"","overlay-color":"","overlay-opacity":"","overlay-gradient":""},"mobile":{"background-color":"","background-image":"","background-repeat":"repeat","background-position":"center center","background-size":"auto","background-attachment":"scroll","background-type":"","background-media":"","overlay-type":"","overlay-color":"","overlay-opacity":"","overlay-gradient":""}},"ast-content-background-meta":{"desktop":{"background-color":"var(--ast-global-color-5)","background-image":"","background-repeat":"repeat","background-position":"center center","background-size":"auto","background-attachment":"scroll","background-type":"","background-media":"","overlay-type":"","overlay-color":"","overlay-opacity":"","overlay-gradient":""},"tablet":{"background-color":"var(--ast-global-color-5)","background-image":"","background-repeat":"repeat","background-position":"center center","background-size":"auto","background-attachment":"scroll","background-type":"","background-media":"","overlay-type":"","overlay-color":"","overlay-opacity":"","overlay-gradient":""},"mobile":{"background-color":"var(--ast-global-color-5)","background-image":"","background-repeat":"repeat","background-position":"center center","background-size":"auto","background-attachment":"scroll","background-type":"","background-media":"","overlay-type":"","overlay-color":"","overlay-opacity":"","overlay-gradient":""}}},"product_brand":[],"product_cat":[15,357,73],"product_tag":[],"class_list":{"0":"post-1737","1":"product","2":"type-product","3":"status-publish","4":"has-post-thumbnail","6":"product_cat-naole","7":"product_cat-puhastusgeel","8":"product_cat-puhastustooted","9":"desktop-align-center","10":"tablet-align-left","11":"mobile-align-left","13":"first","14":"instock","15":"taxable","16":"shipping-taxable","17":"purchasable","18":"product-type-simple","19":"add-to-wishlist-before_image"},"aioseo_notices":[],"_links":{"self":[{"href":"https:\/\/kosmeetika24.eu\/et\/wp-json\/wp\/v2\/product\/1737","targetHints":{"allow":["GET"]}}],"collection":[{"href":"https:\/\/kosmeetika24.eu\/et\/wp-json\/wp\/v2\/product"}],"about":[{"href":"https:\/\/kosmeetika24.eu\/et\/wp-json\/wp\/v2\/types\/product"}],"version-history":[{"count":3,"href":"https:\/\/kosmeetika24.eu\/et\/wp-json\/wp\/v2\/product\/1737\/revisions"}],"predecessor-version":[{"id":8966,"href":"https:\/\/kosmeetika24.eu\/et\/wp-json\/wp\/v2\/product\/1737\/revisions\/8966"}],"wp:featuredmedia":[{"embeddable":true,"href":"https:\/\/kosmeetika24.eu\/et\/wp-json\/wp\/v2\/media\/1815"}],"wp:attachment":[{"href":"https:\/\/kosmeetika24.eu\/et\/wp-json\/wp\/v2\/media?parent=1737"}],"wp:term":[{"taxonomy":"product_brand","embeddable":true,"href":"https:\/\/kosmeetika24.eu\/et\/wp-json\/wp\/v2\/product_brand?post=1737"},{"taxonomy":"product_cat","embeddable":true,"href":"https:\/\/kosmeetika24.eu\/et\/wp-json\/wp\/v2\/product_cat?post=1737"},{"taxonomy":"product_tag","embeddable":true,"href":"https:\/\/kosmeetika24.eu\/et\/wp-json\/wp\/v2\/product_tag?post=1737"}],"curies":[{"name":"wp","href":"https:\/\/api.w.org\/{rel}","templated":true}]}}