{"id":1725,"date":"2019-11-07T11:31:56","date_gmt":"2019-11-07T11:31:56","guid":{"rendered":"https:\/\/kosmeetika24.eu\/?post_type=product&#038;p=1725"},"modified":"2026-04-01T14:30:38","modified_gmt":"2026-04-01T11:30:38","slug":"bruno-vassari-skin-comfort-gentle-night-cream-2","status":"publish","type":"product","link":"https:\/\/kosmeetika24.eu\/et\/toode\/bruno-vassari-skin-comfort-gentle-night-cream-2\/","title":{"rendered":"BRUNO VASSARI Skin Comfort pinguldav ja toitev \u00f6\u00f6kreem"},"content":{"rendered":"<p>Toitev \u00f6\u00f6kreem <em>Gentle Night Cream<\/em> toetab \u00a0ja taastab naha elastsuse, tekstuuri ja tooni.<\/p>\n<p>Kreemi saab kasutada massaa\u017eiks.<\/p>\n<p><strong>PEAMISED TOIMEAINED<\/strong><\/p>\n<ul>\n<li>E-vitamiini atsetaat<\/li>\n<li>Sheav\u00f5i<\/li>\n<li>Perh\u00fcdroskvaleen<\/li>\n<li>Ammooniumgl\u00fcts\u00fcrritsinaat<\/li>\n<\/ul>\n<p><strong>TOIME<\/strong><\/p>\n<ul>\n<li>E-vitamiini atsetaat on antioks\u00fcdantse toimega, kaitseb UV-kiirguse p\u00f5hjustatud kahjustuste eest, nagu er\u00fcteem, kortsud, naha paksuse suurenemine ning \u00fcldine fotovananemine.<\/li>\n<li>Perh\u00fcdroskvaleen on taimne pehmendav aine, mis v\u00e4ldib naha kuivamist.<\/li>\n<li>Sheav\u00f5i on niisutavate ja kaitsvate omadustega v\u00f5iseemnikup\u00e4hkliekstrakt. See on vitamiinirikas taimeekstrakt, mis pakub nahale t\u00e4iendavat kaitset ja parendab rakkude funktsioone.<\/li>\n<li>Ammooniumgl\u00fcts\u00fcrritsinaat on saadud lagritsajuurest ja on v\u00e4ga t\u00f5hus p\u00f5letike ja UV-kiirguse, k\u00fclma \u00f5hu ning kuivuse p\u00f5hjustatud kahjustuste vastu.<\/li>\n<\/ul>\n<p><strong>KASUTAMINE<\/strong><\/p>\n<ul>\n<li>Kui nahk on puhastatud ja toniseeritud, siis kanda masseerivate liigutustega nahale \u00f6\u00f6kreem.<\/li>\n<\/ul>\n<p><strong>KOOSTIS<\/strong><\/p>\n<p><span style=\"font-size: 14px;\">AQUA (WATER), SQUALANE CYCLOPENTASILOXANE, BUTYLENE GLYCOL, GLYCERIN, C12-15 ALKYL BENZOATE, GLYCERYL STEARATE, PEG-100 STEARATE, BUTYROSPERMUM PARKII (SHEA) BUTTER, CETYL ALCOHOL, LAVANDULA, ANGUSTIFOLIA (LAVANDER) FLOWER EXTRACT, GLYCYRRHETINIC ACID, PHENOXYETHANOL, POLYACRYLAMIDE, TOCOPHERYL ACETATE, METHYLPARABEN, CHLORPHENESIN, XANTHAN GUM, LAURETH-7, DISODIUM EDTA, METHYLDIHYDROJASMONATE, PROPYLENE GLYCOL, CYCLAMEN ALDEHYDE, BHT, C13-14 ISOPARAFFIN, ASCORBYL PALMITATE, CITRIC ACID.<\/span><\/p>\n<p><span style=\"color: #000000;\"><span style=\"font-family: Roboto, sans-serif;\"><span style=\"font-size: xx-small;\">1295.40 \u20ac\/l<\/span><\/span><\/span><\/p>\n","protected":false},"excerpt":{"rendered":"<p>50 ml<\/p>\n<p>Taastab naha elastsuse, tekstuuri ja tooni.<\/p>\n<p>Sisaldab nahka kaitsvaid koostisosi, parandab rakkude uuenemist ja rahustab tundlikku nahka.<\/p>\n<p>J\u00e4tab nahale sileda ja hea tunde.<\/p>\n<p>Sobib\u00a0kuivale ja tundlikule nahale.<\/p>\n","protected":false},"featured_media":1824,"template":"","meta":{"om_disable_all_campaigns":false,"_monsterinsights_skip_tracking":false,"_monsterinsights_sitenote_active":false,"_monsterinsights_sitenote_note":"","_monsterinsights_sitenote_category":0,"_uf_show_specific_survey":0,"_uf_disable_surveys":false,"site-sidebar-layout":"default","site-content-layout":"","ast-site-content-layout":"default","site-content-style":"default","site-sidebar-style":"default","ast-global-header-display":"","ast-banner-title-visibility":"","ast-main-header-display":"","ast-hfb-above-header-display":"","ast-hfb-below-header-display":"","ast-hfb-mobile-header-display":"","site-post-title":"","ast-breadcrumbs-content":"","ast-featured-img":"","footer-sml-layout":"","theme-transparent-header-meta":"default","adv-header-id-meta":"","stick-header-meta":"","header-above-stick-meta":"","header-main-stick-meta":"","header-below-stick-meta":"","astra-migrate-meta-layouts":"set","ast-page-background-enabled":"default","ast-page-background-meta":{"desktop":{"background-color":"var(--ast-global-color-4)","background-image":"","background-repeat":"repeat","background-position":"center center","background-size":"auto","background-attachment":"scroll","background-type":"","background-media":"","overlay-type":"","overlay-color":"","overlay-opacity":"","overlay-gradient":""},"tablet":{"background-color":"","background-image":"","background-repeat":"repeat","background-position":"center center","background-size":"auto","background-attachment":"scroll","background-type":"","background-media":"","overlay-type":"","overlay-color":"","overlay-opacity":"","overlay-gradient":""},"mobile":{"background-color":"","background-image":"","background-repeat":"repeat","background-position":"center center","background-size":"auto","background-attachment":"scroll","background-type":"","background-media":"","overlay-type":"","overlay-color":"","overlay-opacity":"","overlay-gradient":""}},"ast-content-background-meta":{"desktop":{"background-color":"var(--ast-global-color-5)","background-image":"","background-repeat":"repeat","background-position":"center center","background-size":"auto","background-attachment":"scroll","background-type":"","background-media":"","overlay-type":"","overlay-color":"","overlay-opacity":"","overlay-gradient":""},"tablet":{"background-color":"var(--ast-global-color-5)","background-image":"","background-repeat":"repeat","background-position":"center center","background-size":"auto","background-attachment":"scroll","background-type":"","background-media":"","overlay-type":"","overlay-color":"","overlay-opacity":"","overlay-gradient":""},"mobile":{"background-color":"var(--ast-global-color-5)","background-image":"","background-repeat":"repeat","background-position":"center center","background-size":"auto","background-attachment":"scroll","background-type":"","background-media":"","overlay-type":"","overlay-color":"","overlay-opacity":"","overlay-gradient":""}}},"product_brand":[],"product_cat":[50,75,15],"product_tag":[],"class_list":{"0":"post-1725","1":"product","2":"type-product","3":"status-publish","4":"has-post-thumbnail","6":"product_cat-kampaaniad","7":"product_cat-kreemid-naole","8":"product_cat-naole","9":"desktop-align-center","10":"tablet-align-left","11":"mobile-align-left","13":"first","14":"instock","15":"sale","16":"taxable","17":"shipping-taxable","18":"purchasable","19":"product-type-simple","20":"add-to-wishlist-before_image"},"aioseo_notices":[],"_links":{"self":[{"href":"https:\/\/kosmeetika24.eu\/et\/wp-json\/wp\/v2\/product\/1725","targetHints":{"allow":["GET"]}}],"collection":[{"href":"https:\/\/kosmeetika24.eu\/et\/wp-json\/wp\/v2\/product"}],"about":[{"href":"https:\/\/kosmeetika24.eu\/et\/wp-json\/wp\/v2\/types\/product"}],"version-history":[{"count":3,"href":"https:\/\/kosmeetika24.eu\/et\/wp-json\/wp\/v2\/product\/1725\/revisions"}],"predecessor-version":[{"id":8968,"href":"https:\/\/kosmeetika24.eu\/et\/wp-json\/wp\/v2\/product\/1725\/revisions\/8968"}],"wp:featuredmedia":[{"embeddable":true,"href":"https:\/\/kosmeetika24.eu\/et\/wp-json\/wp\/v2\/media\/1824"}],"wp:attachment":[{"href":"https:\/\/kosmeetika24.eu\/et\/wp-json\/wp\/v2\/media?parent=1725"}],"wp:term":[{"taxonomy":"product_brand","embeddable":true,"href":"https:\/\/kosmeetika24.eu\/et\/wp-json\/wp\/v2\/product_brand?post=1725"},{"taxonomy":"product_cat","embeddable":true,"href":"https:\/\/kosmeetika24.eu\/et\/wp-json\/wp\/v2\/product_cat?post=1725"},{"taxonomy":"product_tag","embeddable":true,"href":"https:\/\/kosmeetika24.eu\/et\/wp-json\/wp\/v2\/product_tag?post=1725"}],"curies":[{"name":"wp","href":"https:\/\/api.w.org\/{rel}","templated":true}]}}