{"id":1722,"date":"2019-11-07T11:11:48","date_gmt":"2019-11-07T11:11:48","guid":{"rendered":"https:\/\/kosmeetika24.eu\/?post_type=product&#038;p=1722"},"modified":"2026-04-01T14:48:57","modified_gmt":"2026-04-01T11:48:57","slug":"bruno-vassari-skin-comfort-calming-day-lotion","status":"publish","type":"product","link":"https:\/\/kosmeetika24.eu\/et\/toode\/bruno-vassari-skin-comfort-calming-day-lotion\/","title":{"rendered":"BRUNO VASSARI Skin Comfort rahustav emulsioon"},"content":{"rendered":"<p>Rikkalikult niisutav ja rahustav kerge emulsioon<em> Calming Day Lotion.<\/em><\/p>\n<p><strong>PEAMISED TOIMEAINED<\/strong><\/p>\n<ul>\n<li>Merevetikaekstrakt<\/li>\n<li>Rohelise tee ekstrakt<\/li>\n<li>E-vitamiin<\/li>\n<li>H\u00fcaluroonhape<\/li>\n<li>Perh\u00fcdroskvaleen<\/li>\n<li>Sheav\u00f5i<\/li>\n<\/ul>\n<p><strong>TOIME<\/strong><\/p>\n<ul>\n<li>Merevetikaekstraktil on niisutavad ja rahustavad omadused. V\u00e4hendab naha s\u00fcgelust ja pinguloleku tunnet.<\/li>\n<li>Rohelise tee ekstrakt on v\u00e4ga hea looduslik antioks\u00fcdant.\u00a0 Toimib p\u00f5letikuvastaselt, kaitseb UV kiirguse eest.<\/li>\n<li>E-vitamiin on antioks\u00fcdantse toimega, kaitseb UV-kiirguse p\u00f5hjustatud kahjustuste eest, nagu er\u00fcteem, kortsud, naha paksuse suurenemine ning \u00fcldine fotovananemine.<\/li>\n<li>H\u00fcaluroonhape: t\u00e4nu suurele vee kinnihoidmise v\u00f5imele v\u00f5ivad need endas vett hoida 1000 korda rohkem vett kui ise kaaluvad. Seda leidub looduslikult p\u00e4risnahas ning see vastutab naha pinguldamise, plastilisuse ja pundumise eest.<\/li>\n<li>Perh\u00fcdroskvaleen takistab naha kuivamist.<\/li>\n<li>Sheav\u00f5i on niisutavate ja kaitsvate omadustega v\u00f5iseemnikup\u00e4hkliekstrakt. See on vitamiinirikas taimeekstrakt, mis pakub nahale t\u00e4iendavat kaitset ja parendab rakkude funktsioone.<\/li>\n<\/ul>\n<p><strong>KASUTAMINE<\/strong>:<\/p>\n<ul>\n<li>Emulsioon kanda puhastatud n\u00e4ole, kaelale ja dekolteele. Sobib kasutamiseks hommikul.<\/li>\n<\/ul>\n<p><strong>KOOSTIS<\/strong>:<\/p>\n<p><span style=\"font-size: 14px;\">AQUA (WATER), CYCLOPENTASILOXANE, BUTYLENE GLYCOL, SQUALANE, GLYCERIN, BUTYROSPERMUM PARKII (SHEA) BUTTER, PHENYL TRIMETHICONE, POLYACRYLAMIDE, SODIUM HYALURONATE, CAMELLIA SINENSIS LEAF EXTRACT, LAVANDULA ANGUSTIFOLIA (LAVANDER) FLOWER EXTRACT, LACTIC ACID, ENTEROMORPHA COMPRESSA EXTRACT, CHLORPHENESIN, PHENOXYETHANOL, ALUMINIUM STARCH OCTENYLSUCCINATE, C13-14 ISOPARAFFIN, XANTHAN GUM, ACRYLATES \/C10-30 ALKYL ACRYLATE CROSSPOLYMER, LAURETH-7, DISOMEDIUM EDTA, TOCOPHERYL ACETATE, METHYLDIHYDROJASMONATE, CYCAMEN ALDEHYDE, TRIETHANOLAMINE, SODIUM BENZOATE, POTASSIUM SORBATE.<\/span><\/p>\n<p><span style=\"color: #000000;\"><span style=\"font-family: Roboto, sans-serif;\"><span style=\"font-size: xx-small;\">1442.- \u20ac\/l<\/span><\/span><\/span><\/p>\n","protected":false},"excerpt":{"rendered":"<p>50 ml<\/p>\n<p>Rikkalikult niisutav ja rahustav.<\/p>\n<p>Sobib tundliku naha kaitsmiseks ja h\u00fcdrolipiidse tasakaalu s\u00e4ilitamiseks.<\/p>\n<p>Taastab naha f\u00fcsioloogilise seisundi ja aitab ennetada vananemist.<\/p>\n<p>Ei sisalda l\u00f5hnaaineid.<\/p>\n<p>Sobib tundlikule ja kuivale nahale.<\/p>\n","protected":false},"featured_media":1822,"template":"","meta":{"om_disable_all_campaigns":false,"_monsterinsights_skip_tracking":false,"_monsterinsights_sitenote_active":false,"_monsterinsights_sitenote_note":"","_monsterinsights_sitenote_category":0,"_uf_show_specific_survey":0,"_uf_disable_surveys":false,"site-sidebar-layout":"default","site-content-layout":"","ast-site-content-layout":"default","site-content-style":"default","site-sidebar-style":"default","ast-global-header-display":"","ast-banner-title-visibility":"","ast-main-header-display":"","ast-hfb-above-header-display":"","ast-hfb-below-header-display":"","ast-hfb-mobile-header-display":"","site-post-title":"","ast-breadcrumbs-content":"","ast-featured-img":"","footer-sml-layout":"","theme-transparent-header-meta":"default","adv-header-id-meta":"","stick-header-meta":"","header-above-stick-meta":"","header-main-stick-meta":"","header-below-stick-meta":"","astra-migrate-meta-layouts":"set","ast-page-background-enabled":"default","ast-page-background-meta":{"desktop":{"background-color":"var(--ast-global-color-4)","background-image":"","background-repeat":"repeat","background-position":"center center","background-size":"auto","background-attachment":"scroll","background-type":"","background-media":"","overlay-type":"","overlay-color":"","overlay-opacity":"","overlay-gradient":""},"tablet":{"background-color":"","background-image":"","background-repeat":"repeat","background-position":"center center","background-size":"auto","background-attachment":"scroll","background-type":"","background-media":"","overlay-type":"","overlay-color":"","overlay-opacity":"","overlay-gradient":""},"mobile":{"background-color":"","background-image":"","background-repeat":"repeat","background-position":"center center","background-size":"auto","background-attachment":"scroll","background-type":"","background-media":"","overlay-type":"","overlay-color":"","overlay-opacity":"","overlay-gradient":""}},"ast-content-background-meta":{"desktop":{"background-color":"var(--ast-global-color-5)","background-image":"","background-repeat":"repeat","background-position":"center center","background-size":"auto","background-attachment":"scroll","background-type":"","background-media":"","overlay-type":"","overlay-color":"","overlay-opacity":"","overlay-gradient":""},"tablet":{"background-color":"var(--ast-global-color-5)","background-image":"","background-repeat":"repeat","background-position":"center center","background-size":"auto","background-attachment":"scroll","background-type":"","background-media":"","overlay-type":"","overlay-color":"","overlay-opacity":"","overlay-gradient":""},"mobile":{"background-color":"var(--ast-global-color-5)","background-image":"","background-repeat":"repeat","background-position":"center center","background-size":"auto","background-attachment":"scroll","background-type":"","background-media":"","overlay-type":"","overlay-color":"","overlay-opacity":"","overlay-gradient":""}}},"product_brand":[],"product_cat":[50,75,15],"product_tag":[],"class_list":{"0":"post-1722","1":"product","2":"type-product","3":"status-publish","4":"has-post-thumbnail","6":"product_cat-kampaaniad","7":"product_cat-kreemid-naole","8":"product_cat-naole","9":"desktop-align-center","10":"tablet-align-left","11":"mobile-align-left","13":"first","14":"instock","15":"sale","16":"taxable","17":"shipping-taxable","18":"purchasable","19":"product-type-simple","20":"add-to-wishlist-before_image"},"aioseo_notices":[],"_links":{"self":[{"href":"https:\/\/kosmeetika24.eu\/et\/wp-json\/wp\/v2\/product\/1722","targetHints":{"allow":["GET"]}}],"collection":[{"href":"https:\/\/kosmeetika24.eu\/et\/wp-json\/wp\/v2\/product"}],"about":[{"href":"https:\/\/kosmeetika24.eu\/et\/wp-json\/wp\/v2\/types\/product"}],"version-history":[{"count":3,"href":"https:\/\/kosmeetika24.eu\/et\/wp-json\/wp\/v2\/product\/1722\/revisions"}],"predecessor-version":[{"id":3124,"href":"https:\/\/kosmeetika24.eu\/et\/wp-json\/wp\/v2\/product\/1722\/revisions\/3124"}],"wp:featuredmedia":[{"embeddable":true,"href":"https:\/\/kosmeetika24.eu\/et\/wp-json\/wp\/v2\/media\/1822"}],"wp:attachment":[{"href":"https:\/\/kosmeetika24.eu\/et\/wp-json\/wp\/v2\/media?parent=1722"}],"wp:term":[{"taxonomy":"product_brand","embeddable":true,"href":"https:\/\/kosmeetika24.eu\/et\/wp-json\/wp\/v2\/product_brand?post=1722"},{"taxonomy":"product_cat","embeddable":true,"href":"https:\/\/kosmeetika24.eu\/et\/wp-json\/wp\/v2\/product_cat?post=1722"},{"taxonomy":"product_tag","embeddable":true,"href":"https:\/\/kosmeetika24.eu\/et\/wp-json\/wp\/v2\/product_tag?post=1722"}],"curies":[{"name":"wp","href":"https:\/\/api.w.org\/{rel}","templated":true}]}}