{"id":1721,"date":"2019-11-07T10:50:45","date_gmt":"2019-11-07T10:50:45","guid":{"rendered":"https:\/\/kosmeetika24.eu\/?post_type=product&#038;p=1721"},"modified":"2025-09-16T10:18:58","modified_gmt":"2025-09-16T07:18:58","slug":"bruno-vassari-skin-comfort-refreshing-toner-2","status":"publish","type":"product","link":"https:\/\/kosmeetika24.eu\/et\/toode\/bruno-vassari-skin-comfort-refreshing-toner-2\/","title":{"rendered":"BRUNO VASSARI Skin Comfort alkoholivaba v\u00e4rskendav toonik"},"content":{"rendered":"<p>Alkoholivaba v\u00e4rskendav toonik <em>Refreshing Toner<\/em> on \u00f5rnatoimeline, v\u00e4rskendav ja rahustav n\u00e4ovesi.<\/p>\n<p>See on spetsiaalselt valmistatud ilma l\u00f5hnaainete ja alkoholita, et v\u00e4rskendada, rahustada ja tasakaalustada nahka, kaitstes samas h\u00fcdrolipiidkihti.<\/p>\n<p>Sobib k\u00f5igile nahat\u00fc\u00fcpidele, eriti aga\u00a0tundlikule ja kuivale nahale.<\/p>\n<p><strong>TOIMEAINED<\/strong><\/p>\n<ul>\n<li>Taimeekstraktide kompleks: lavendel, p\u00e4rn, saialill ja kummel.<\/li>\n<li>Niisutav kompleks.<\/li>\n<\/ul>\n<p><strong>TOIME<\/strong><\/p>\n<ul>\n<li>Niisutav kompleks gl\u00fctseriini ja gl\u00fckoolidega taastab vee tasakaalu nahas.<\/li>\n<li>Taimeekstraktide kompleksi peamine eesm\u00e4rk on anda n\u00e4oveele rahustavad ja p\u00f5letikuvastased omadused.<\/li>\n<\/ul>\n<p><strong>KOOSTIS<\/strong><\/p>\n<p>AQUA ( WATER), BUTYLENE GLYCOL, GLYCERIN, HYPERICUM PERFORATIUM EXTRACT, CHAMOMILLA RECUTITA (MATRICARIA) FLOWER EXTRACT, CALENDULA OFFICINALIS FLOWER EXTRACT, ANTHEMIS NOBILIS FLOWER EXTRACT, TILIA CORDATA FLOWER EXTRACT, CENTAUREA CYANUS FLOWER EXTRACT PHENOXYETHANOL, CHLORPHENESIN, BENZOPHENONE-4,\u00a0 DISODIUM EDTA, PROPYLENE GLYCOL, SODIUM HYDROXIDE, METHYLPROPANEDIOL, C.I. 42090 (FD&amp;C BLUE NO.1), C-I- 19140 (FD&amp;C YELLOW NO.5)<\/p>\n","protected":false},"excerpt":{"rendered":"<p>Professionaalseks kasutamiseks m\u00f5eldud alkoholivaba, \u00f5rnatoimeline, v\u00e4rskendav ja rahustav n\u00e4ovesi \u00f5rnale nahale.<\/p>\n<p>&nbsp;<\/p>\n<p>500 ml<\/p>\n","protected":false},"featured_media":2419,"template":"","meta":{"om_disable_all_campaigns":false,"_monsterinsights_skip_tracking":false,"_monsterinsights_sitenote_active":false,"_monsterinsights_sitenote_note":"","_monsterinsights_sitenote_category":0,"_uf_show_specific_survey":0,"_uf_disable_surveys":false,"site-sidebar-layout":"default","site-content-layout":"","ast-site-content-layout":"default","site-content-style":"default","site-sidebar-style":"default","ast-global-header-display":"","ast-banner-title-visibility":"","ast-main-header-display":"","ast-hfb-above-header-display":"","ast-hfb-below-header-display":"","ast-hfb-mobile-header-display":"","site-post-title":"","ast-breadcrumbs-content":"","ast-featured-img":"","footer-sml-layout":"","theme-transparent-header-meta":"default","adv-header-id-meta":"","stick-header-meta":"","header-above-stick-meta":"","header-main-stick-meta":"","header-below-stick-meta":"","astra-migrate-meta-layouts":"set","ast-page-background-enabled":"default","ast-page-background-meta":{"desktop":{"background-color":"var(--ast-global-color-4)","background-image":"","background-repeat":"repeat","background-position":"center center","background-size":"auto","background-attachment":"scroll","background-type":"","background-media":"","overlay-type":"","overlay-color":"","overlay-opacity":"","overlay-gradient":""},"tablet":{"background-color":"","background-image":"","background-repeat":"repeat","background-position":"center center","background-size":"auto","background-attachment":"scroll","background-type":"","background-media":"","overlay-type":"","overlay-color":"","overlay-opacity":"","overlay-gradient":""},"mobile":{"background-color":"","background-image":"","background-repeat":"repeat","background-position":"center center","background-size":"auto","background-attachment":"scroll","background-type":"","background-media":"","overlay-type":"","overlay-color":"","overlay-opacity":"","overlay-gradient":""}},"ast-content-background-meta":{"desktop":{"background-color":"var(--ast-global-color-5)","background-image":"","background-repeat":"repeat","background-position":"center center","background-size":"auto","background-attachment":"scroll","background-type":"","background-media":"","overlay-type":"","overlay-color":"","overlay-opacity":"","overlay-gradient":""},"tablet":{"background-color":"var(--ast-global-color-5)","background-image":"","background-repeat":"repeat","background-position":"center center","background-size":"auto","background-attachment":"scroll","background-type":"","background-media":"","overlay-type":"","overlay-color":"","overlay-opacity":"","overlay-gradient":""},"mobile":{"background-color":"var(--ast-global-color-5)","background-image":"","background-repeat":"repeat","background-position":"center center","background-size":"auto","background-attachment":"scroll","background-type":"","background-media":"","overlay-type":"","overlay-color":"","overlay-opacity":"","overlay-gradient":""}}},"product_brand":[],"product_cat":[108,113],"product_tag":[],"class_list":{"0":"post-1721","1":"product","2":"type-product","3":"status-publish","4":"has-post-thumbnail","6":"product_cat-profitooted","7":"product_cat-toonikud-profitooted","8":"desktop-align-center","9":"tablet-align-left","10":"mobile-align-left","12":"first","13":"instock","14":"taxable","15":"shipping-taxable","16":"product-type-simple","17":"add-to-wishlist-before_image"},"aioseo_notices":[],"_links":{"self":[{"href":"https:\/\/kosmeetika24.eu\/et\/wp-json\/wp\/v2\/product\/1721","targetHints":{"allow":["GET"]}}],"collection":[{"href":"https:\/\/kosmeetika24.eu\/et\/wp-json\/wp\/v2\/product"}],"about":[{"href":"https:\/\/kosmeetika24.eu\/et\/wp-json\/wp\/v2\/types\/product"}],"version-history":[{"count":4,"href":"https:\/\/kosmeetika24.eu\/et\/wp-json\/wp\/v2\/product\/1721\/revisions"}],"predecessor-version":[{"id":10430,"href":"https:\/\/kosmeetika24.eu\/et\/wp-json\/wp\/v2\/product\/1721\/revisions\/10430"}],"wp:featuredmedia":[{"embeddable":true,"href":"https:\/\/kosmeetika24.eu\/et\/wp-json\/wp\/v2\/media\/2419"}],"wp:attachment":[{"href":"https:\/\/kosmeetika24.eu\/et\/wp-json\/wp\/v2\/media?parent=1721"}],"wp:term":[{"taxonomy":"product_brand","embeddable":true,"href":"https:\/\/kosmeetika24.eu\/et\/wp-json\/wp\/v2\/product_brand?post=1721"},{"taxonomy":"product_cat","embeddable":true,"href":"https:\/\/kosmeetika24.eu\/et\/wp-json\/wp\/v2\/product_cat?post=1721"},{"taxonomy":"product_tag","embeddable":true,"href":"https:\/\/kosmeetika24.eu\/et\/wp-json\/wp\/v2\/product_tag?post=1721"}],"curies":[{"name":"wp","href":"https:\/\/api.w.org\/{rel}","templated":true}]}}