{"id":1708,"date":"2019-11-07T12:47:54","date_gmt":"2019-11-07T12:47:54","guid":{"rendered":"https:\/\/kosmeetika24.eu\/?post_type=product&#038;p=1708"},"modified":"2025-09-29T11:25:10","modified_gmt":"2025-09-29T08:25:10","slug":"bruno-vassari-skin-comfort-gentle-soothing-mask","status":"publish","type":"product","link":"https:\/\/kosmeetika24.eu\/et\/toode\/bruno-vassari-skin-comfort-gentle-soothing-mask\/","title":{"rendered":"BRUNO VASSARI  Skin Comfort rahustav ja v\u00e4rskendav mask"},"content":{"rendered":"<p>M\u00f5nel juhul v\u00f5i teatud aastaaegadel vajab nahk t\u00e4iendavat lisahooldust just selle maski n\u00e4ol. \u00d5rn kreemimask <em>Gentle Soothing Mask<\/em> on rahustava ja v\u00e4rskendava toimega. Toode niisutab, taastab ja kaitseb ka k\u00f5ige tundlikumat nahka.<\/p>\n<p>M\u00f5eldud spetsiaalselt tundlikule ja kuivale nahale.<\/p>\n<p><strong>TOIMEAINED<\/strong><\/p>\n<ul>\n<li>Niisutav kompleks: gl\u00fctseriin, gl\u00fckoolid<\/li>\n<li>Allantoiin<\/li>\n<li>Rohelise tee ekstrakt<\/li>\n<li>\u00df-gl\u00fcts\u00fcrritsiinhape<\/li>\n<\/ul>\n<p><strong>TOIME<\/strong><\/p>\n<ul>\n<li>Niisutav kompleks taastab vee tasakaalu nahas.<\/li>\n<li>Allantoiin kaitseb ja rahustab, parendab rakkude uuenemist.<\/li>\n<li>Rohelise tee ekstrakt on v\u00e4ga hea looduslik antioks\u00fcdant, sisaldab p\u00f5letikuvastase toimega pol\u00fcfenoole, need kaitsevad UV-kiirguse eest.<\/li>\n<li>\u00df-gl\u00fcts\u00fcrritsiinhape on saadud lagritsajuurest. See on v\u00e4ga t\u00f5hus p\u00f5letike ja UV-kiirguse, k\u00fclma \u00f5hu ning kuivuse p\u00f5hjustatud kahjustuste vastu.<\/li>\n<\/ul>\n","protected":false},"excerpt":{"rendered":"<p>&nbsp;<\/p>\n<p><span class=\"notranslate\">\u00d5rn kreemimask, millel on rahustav ja v\u00e4rskendav toime.<\/span><\/p>\n<p>&nbsp;<\/p>\n<p>200 ml<\/p>\n","protected":false},"featured_media":3253,"template":"","meta":{"om_disable_all_campaigns":false,"_monsterinsights_skip_tracking":false,"_monsterinsights_sitenote_active":false,"_monsterinsights_sitenote_note":"","_monsterinsights_sitenote_category":0,"_uf_show_specific_survey":0,"_uf_disable_surveys":false,"site-sidebar-layout":"default","site-content-layout":"","ast-site-content-layout":"default","site-content-style":"default","site-sidebar-style":"default","ast-global-header-display":"","ast-banner-title-visibility":"","ast-main-header-display":"","ast-hfb-above-header-display":"","ast-hfb-below-header-display":"","ast-hfb-mobile-header-display":"","site-post-title":"","ast-breadcrumbs-content":"","ast-featured-img":"","footer-sml-layout":"","theme-transparent-header-meta":"default","adv-header-id-meta":"","stick-header-meta":"","header-above-stick-meta":"","header-main-stick-meta":"","header-below-stick-meta":"","astra-migrate-meta-layouts":"set","ast-page-background-enabled":"default","ast-page-background-meta":{"desktop":{"background-color":"var(--ast-global-color-4)","background-image":"","background-repeat":"repeat","background-position":"center center","background-size":"auto","background-attachment":"scroll","background-type":"","background-media":"","overlay-type":"","overlay-color":"","overlay-opacity":"","overlay-gradient":""},"tablet":{"background-color":"","background-image":"","background-repeat":"repeat","background-position":"center center","background-size":"auto","background-attachment":"scroll","background-type":"","background-media":"","overlay-type":"","overlay-color":"","overlay-opacity":"","overlay-gradient":""},"mobile":{"background-color":"","background-image":"","background-repeat":"repeat","background-position":"center center","background-size":"auto","background-attachment":"scroll","background-type":"","background-media":"","overlay-type":"","overlay-color":"","overlay-opacity":"","overlay-gradient":""}},"ast-content-background-meta":{"desktop":{"background-color":"var(--ast-global-color-5)","background-image":"","background-repeat":"repeat","background-position":"center center","background-size":"auto","background-attachment":"scroll","background-type":"","background-media":"","overlay-type":"","overlay-color":"","overlay-opacity":"","overlay-gradient":""},"tablet":{"background-color":"var(--ast-global-color-5)","background-image":"","background-repeat":"repeat","background-position":"center center","background-size":"auto","background-attachment":"scroll","background-type":"","background-media":"","overlay-type":"","overlay-color":"","overlay-opacity":"","overlay-gradient":""},"mobile":{"background-color":"var(--ast-global-color-5)","background-image":"","background-repeat":"repeat","background-position":"center center","background-size":"auto","background-attachment":"scroll","background-type":"","background-media":"","overlay-type":"","overlay-color":"","overlay-opacity":"","overlay-gradient":""}}},"product_brand":[],"product_cat":[338,15,73],"product_tag":[],"class_list":{"0":"post-1708","1":"product","2":"type-product","3":"status-publish","4":"has-post-thumbnail","6":"product_cat-maskid-parchid","7":"product_cat-naole","8":"product_cat-puhastustooted","9":"desktop-align-center","10":"tablet-align-left","11":"mobile-align-left","13":"first","14":"instock","15":"taxable","16":"shipping-taxable","17":"product-type-simple","18":"add-to-wishlist-before_image"},"aioseo_notices":[],"_links":{"self":[{"href":"https:\/\/kosmeetika24.eu\/et\/wp-json\/wp\/v2\/product\/1708","targetHints":{"allow":["GET"]}}],"collection":[{"href":"https:\/\/kosmeetika24.eu\/et\/wp-json\/wp\/v2\/product"}],"about":[{"href":"https:\/\/kosmeetika24.eu\/et\/wp-json\/wp\/v2\/types\/product"}],"version-history":[{"count":2,"href":"https:\/\/kosmeetika24.eu\/et\/wp-json\/wp\/v2\/product\/1708\/revisions"}],"predecessor-version":[{"id":8282,"href":"https:\/\/kosmeetika24.eu\/et\/wp-json\/wp\/v2\/product\/1708\/revisions\/8282"}],"wp:featuredmedia":[{"embeddable":true,"href":"https:\/\/kosmeetika24.eu\/et\/wp-json\/wp\/v2\/media\/3253"}],"wp:attachment":[{"href":"https:\/\/kosmeetika24.eu\/et\/wp-json\/wp\/v2\/media?parent=1708"}],"wp:term":[{"taxonomy":"product_brand","embeddable":true,"href":"https:\/\/kosmeetika24.eu\/et\/wp-json\/wp\/v2\/product_brand?post=1708"},{"taxonomy":"product_cat","embeddable":true,"href":"https:\/\/kosmeetika24.eu\/et\/wp-json\/wp\/v2\/product_cat?post=1708"},{"taxonomy":"product_tag","embeddable":true,"href":"https:\/\/kosmeetika24.eu\/et\/wp-json\/wp\/v2\/product_tag?post=1708"}],"curies":[{"name":"wp","href":"https:\/\/api.w.org\/{rel}","templated":true}]}}