{"id":1707,"date":"2019-11-07T12:33:56","date_gmt":"2019-11-07T12:33:56","guid":{"rendered":"https:\/\/kosmeetika24.eu\/?post_type=product&#038;p=1707"},"modified":"2026-04-01T14:20:00","modified_gmt":"2026-04-01T11:20:00","slug":"bruno-vassari-skin-comfort-eye-contour-gel-cream","status":"publish","type":"product","link":"https:\/\/kosmeetika24.eu\/et\/toode\/bruno-vassari-skin-comfort-eye-contour-gel-cream\/","title":{"rendered":"BRUNO VASSARI Skin Comfort silmahoolduskreem tundlikule nahale"},"content":{"rendered":"<p>Silmahoolduskreem <em>Eye Contour Gel-Cream<\/em> sobib \u00f5hukese naha intensiivseks taastamiseks ning tasakaalustamiseks.<\/p>\n<p>Taimeekstraktid ja aktiivsed aminohapped aitavad k\u00f5rvaldada silmade \u00fcmbruse turset ja tumedate ringide m\u00f5ju.<\/p>\n<p>Sobib tundlikule nahale.<\/p>\n<p><strong>PEAMISED TOIMEAINED<\/strong><\/p>\n<ul>\n<li>H\u00fcdroks\u00fcprolisilaan<\/li>\n<li>E-vitamiini atsetaat<\/li>\n<li>\u201eSoft Focus\u201c<\/li>\n<li>Rohelise tee ekstrakt<\/li>\n<\/ul>\n<p><strong>TOIME<\/strong><\/p>\n<ul>\n<li>H\u00fcdroks\u00fcprolisilaan kiirendab rakkude uuenemist ja pinguldab nahka.<\/li>\n<li>E-vitamiini atsetaat kaitseb UV-kiirguse p\u00f5hjustatud kahjustuste eest, nagu er\u00fcteem, kortsud, naha paksuse suurenemine ning \u00fcldine fotovananemine.<\/li>\n<li>\u201eSoft focus\u201c on mikroosakesed, mis hajutavad kortsudes olevat optilist valgust. Need muudavad valguse peegeldumisindeksit, luues optilise efekti, mis minimeerib peente kortsude esinemist.<\/li>\n<li>Rohelise tee ekstrakt on v\u00e4ga hea looduslik antioks\u00fcdant, sisaldab p\u00f5letikuvastase toimega pol\u00fcfenoole, need kaitsevad UV-kiirguse p\u00f5hjustatud kahjustuste eest.<\/li>\n<\/ul>\n<p><strong>KASUTAMINE<\/strong><\/p>\n<ul>\n<li>Silmahoolduskreem kanda kergete masseerivate liigutustega puhastatud nahale silmade \u00fcmbruses. Sobib kasutamiseks nii hommikul kui \u00f5htul.<\/li>\n<\/ul>\n<p><strong>KOOSTIS<\/strong><\/p>\n<p><span style=\"font-size: 14px;\">AQUA (WATER), GLYCERIN, ETHYLENE\/ACRYLIC ACID COPOLYMER, METHYLSILANOL HYDROXYPROLINE ASPARTATE, HYDROGENATED POLYISOBUTENE, SALICYTIC ACID, CAMELLIA SINENSIS LEAF EXTRACT, LACTIC ACID, TOCOPHERYL ACETATE, LECITHIN, HYDROGENATED LECITHIN, POLYMETHYL METHACRYLATE, TRIETHANOLAMINE, STEARYL HEPTANOATE, CARBOMER, PHENOXYETHANOL, PARAFFINUM LIQUIDUM (MINERAL OIL), PROPYLENE GLYCOL, CHLORPHENESIN, GLYCERYL ACRYLATE\/ACRYLIC ACID COPOLYMER, METHYLPARABEN, PROPYLPARABEN, POTASSIUM SORBATE, EDTA, SODIUM METHYLPARABEN, TOCOPHEROL, SODIUM BENZOATE, SODIUM METABISULFITE.<\/span><\/p>\n","protected":false},"excerpt":{"rendered":"<p>Tundlikule nahale kerge vananemisvastane kreemgeel silma\u00fcmbruse hoolduseks.<\/p>\n<p>V\u00e4hendab v\u00e4sinud v\u00e4ljan\u00e4gemist, kortse ja tumedaid silmaaluseid.<\/p>\n<p>Parandab vereringet ja l\u00fcmfiringet.<\/p>\n<p>15 ml<\/p>\n","protected":false},"featured_media":6549,"template":"","meta":{"om_disable_all_campaigns":false,"_monsterinsights_skip_tracking":false,"_monsterinsights_sitenote_active":false,"_monsterinsights_sitenote_note":"","_monsterinsights_sitenote_category":0,"_uf_show_specific_survey":0,"_uf_disable_surveys":false,"site-sidebar-layout":"default","site-content-layout":"","ast-site-content-layout":"default","site-content-style":"default","site-sidebar-style":"default","ast-global-header-display":"","ast-banner-title-visibility":"","ast-main-header-display":"","ast-hfb-above-header-display":"","ast-hfb-below-header-display":"","ast-hfb-mobile-header-display":"","site-post-title":"","ast-breadcrumbs-content":"","ast-featured-img":"","footer-sml-layout":"","theme-transparent-header-meta":"default","adv-header-id-meta":"","stick-header-meta":"","header-above-stick-meta":"","header-main-stick-meta":"","header-below-stick-meta":"","astra-migrate-meta-layouts":"set","ast-page-background-enabled":"default","ast-page-background-meta":{"desktop":{"background-color":"var(--ast-global-color-4)","background-image":"","background-repeat":"repeat","background-position":"center center","background-size":"auto","background-attachment":"scroll","background-type":"","background-media":"","overlay-type":"","overlay-color":"","overlay-opacity":"","overlay-gradient":""},"tablet":{"background-color":"","background-image":"","background-repeat":"repeat","background-position":"center center","background-size":"auto","background-attachment":"scroll","background-type":"","background-media":"","overlay-type":"","overlay-color":"","overlay-opacity":"","overlay-gradient":""},"mobile":{"background-color":"","background-image":"","background-repeat":"repeat","background-position":"center center","background-size":"auto","background-attachment":"scroll","background-type":"","background-media":"","overlay-type":"","overlay-color":"","overlay-opacity":"","overlay-gradient":""}},"ast-content-background-meta":{"desktop":{"background-color":"var(--ast-global-color-5)","background-image":"","background-repeat":"repeat","background-position":"center center","background-size":"auto","background-attachment":"scroll","background-type":"","background-media":"","overlay-type":"","overlay-color":"","overlay-opacity":"","overlay-gradient":""},"tablet":{"background-color":"var(--ast-global-color-5)","background-image":"","background-repeat":"repeat","background-position":"center center","background-size":"auto","background-attachment":"scroll","background-type":"","background-media":"","overlay-type":"","overlay-color":"","overlay-opacity":"","overlay-gradient":""},"mobile":{"background-color":"var(--ast-global-color-5)","background-image":"","background-repeat":"repeat","background-position":"center center","background-size":"auto","background-attachment":"scroll","background-type":"","background-media":"","overlay-type":"","overlay-color":"","overlay-opacity":"","overlay-gradient":""}}},"product_brand":[],"product_cat":[50,15,81],"product_tag":[],"class_list":{"0":"post-1707","1":"product","2":"type-product","3":"status-publish","4":"has-post-thumbnail","6":"product_cat-kampaaniad","7":"product_cat-naole","8":"product_cat-silmahooldus","9":"desktop-align-center","10":"tablet-align-left","11":"mobile-align-left","13":"first","14":"instock","15":"sale","16":"taxable","17":"shipping-taxable","18":"purchasable","19":"product-type-simple","20":"add-to-wishlist-before_image"},"aioseo_notices":[],"_links":{"self":[{"href":"https:\/\/kosmeetika24.eu\/et\/wp-json\/wp\/v2\/product\/1707","targetHints":{"allow":["GET"]}}],"collection":[{"href":"https:\/\/kosmeetika24.eu\/et\/wp-json\/wp\/v2\/product"}],"about":[{"href":"https:\/\/kosmeetika24.eu\/et\/wp-json\/wp\/v2\/types\/product"}],"version-history":[{"count":2,"href":"https:\/\/kosmeetika24.eu\/et\/wp-json\/wp\/v2\/product\/1707\/revisions"}],"predecessor-version":[{"id":6550,"href":"https:\/\/kosmeetika24.eu\/et\/wp-json\/wp\/v2\/product\/1707\/revisions\/6550"}],"wp:featuredmedia":[{"embeddable":true,"href":"https:\/\/kosmeetika24.eu\/et\/wp-json\/wp\/v2\/media\/6549"}],"wp:attachment":[{"href":"https:\/\/kosmeetika24.eu\/et\/wp-json\/wp\/v2\/media?parent=1707"}],"wp:term":[{"taxonomy":"product_brand","embeddable":true,"href":"https:\/\/kosmeetika24.eu\/et\/wp-json\/wp\/v2\/product_brand?post=1707"},{"taxonomy":"product_cat","embeddable":true,"href":"https:\/\/kosmeetika24.eu\/et\/wp-json\/wp\/v2\/product_cat?post=1707"},{"taxonomy":"product_tag","embeddable":true,"href":"https:\/\/kosmeetika24.eu\/et\/wp-json\/wp\/v2\/product_tag?post=1707"}],"curies":[{"name":"wp","href":"https:\/\/api.w.org\/{rel}","templated":true}]}}