{"id":1706,"date":"2019-11-07T09:24:14","date_gmt":"2019-11-07T09:24:14","guid":{"rendered":"https:\/\/kosmeetika24.eu\/?post_type=product&#038;p=1706"},"modified":"2026-04-01T15:17:56","modified_gmt":"2026-04-01T12:17:56","slug":"bruno-vassari-skin-comfort-punetusvastane-kreem","status":"publish","type":"product","link":"https:\/\/kosmeetika24.eu\/et\/toode\/bruno-vassari-skin-comfort-punetusvastane-kreem\/","title":{"rendered":"BRUNO VASSARI Skin Comfort punetusvastane kreem"},"content":{"rendered":"<p>Kreem <em>Stop Redness<\/em> sobib punetavale ning kuperoosa nahale. Kuperoosa tekib v\u00e4ikeste kapillaaride suurenemisel, mis on p\u00f5hjustatud veresoonte elastsuse kadumisest. Seda p\u00f5hjustavad tavaliselt hormonaalsed muutused, temperatuuri j\u00e4rsk muutus, alkohol ja teatud toidud ning ka geneetilistel p\u00f5hjused.<\/p>\n<p>T\u00e4nu efektiivsetele taimeekstraktidele parandab kreem m\u00e4rgatavalt kuperoosa naha v\u00e4limust.<\/p>\n<p>Sobib tundlikule nahale punetuse ja kuperoosa leevendamiseks.<\/p>\n<p><strong>PEAMISED TOIMEAINED<\/strong><\/p>\n<ul>\n<li>Kaeraekstrakt<\/li>\n<li>Gatuliin A<\/li>\n<\/ul>\n<p><strong>TOIME<\/strong><\/p>\n<p>Kaerakstraktil on p\u00f5letikuvastane, antioks\u00fcdantne ning nahka rahustav toime. V\u00e4hendab punetust, mida p\u00f5hjustavad erinevad tegurid, isegi UV-kiirguse p\u00f5hjustatud er\u00fcteemi.<\/p>\n<p>Gatuliin A on\u00a0 viigipuu perekonda kuuluva taime puhastatud aine, millel on j\u00e4rgmised omadused:<\/p>\n<ul>\n<li>p\u00f5letikuvastane: v\u00e4hendab punetust m\u00e4rkimisv\u00e4\u00e4rselt alates esimesest kasutuskorrast;<\/li>\n<li>rahustav: oluline nahale, mida kahjustavad keskkonnategurid;<\/li>\n<li>vabu radikaale p\u00fc\u00fcdev.<\/li>\n<\/ul>\n<p><strong>KASUTAMINE<\/strong>:<\/p>\n<ul>\n<li>Kreem kanda eelnevalt puhastatud nahale. Sobib kasutamiseks nii hommikul kui \u00f5htul.<\/li>\n<\/ul>\n<p><strong>KOOSTIS:<\/strong><\/p>\n<p><span style=\"font-size: 14px;\">AQUA (WATER), CYCLOPENTASILOXANE, PENTYLENE\u00a0 GLYCOL, SQUALANE, C12-15 ALKYL BENZOATE, ISONONYL,\u00a0 ISONONANOATE, GLYCERIN, GLYCERYL STEARATE, PEG-100 STEARATE, BUTYROSPERMUM PARKII (SHEA) BUTTER, RANUNCULUS FICARIA EXTRACT, AVENA SATIVA (OAT) KERNEL EXTRACT, LAVENDULA ANGUSTIFOLIA (LAVANDER) FLOWER EXTRACT, CETYL ALCOHOL, PHENOXYETHANOL, TRIETHANOLAMINE, CARBOMER, DIMETHICONOL, METHYLPARABEN, METHYLDIHYDROJASMONATE, DISODIUM EDTA, ETHYLPARABEN, BUTYLPARABEN, CYCLAMEN, ALDEHYDE, METHYLPROPANEDIOL, LINALOOL, C.I. 19140 (FD&amp;C YELLOW No. 5), C.I. 42090 (FD\/C BLUE No. 1).<\/span><\/p>\n<p><span style=\"color: #000000;\"><span style=\"font-family: Roboto, sans-serif;\"><span style=\"font-size: xx-small;\">1545.- \u20ac\/l<\/span><\/span><\/span><\/p>\n","protected":false},"excerpt":{"rendered":"<p>50 ml<\/p>\n<p>Rahustav ja p\u00f5letikuvastane vedelik, mis sobib kuperoosa ja nahapunetuse probleemide korral.<br \/>\nNormaliseerib veresoonte toonust, tugevdab veresoonte seinu, niisutab ja rahustab nahka.<br \/>\nSisaldab ka rohelist pigmenti, mis neutraliseerib naha punast tooni.<br \/>\nSobib tundlikule nahale punetuse ja kuperoosa leevendamiseks.<\/p>\n","protected":false},"featured_media":1817,"template":"","meta":{"om_disable_all_campaigns":false,"_monsterinsights_skip_tracking":false,"_monsterinsights_sitenote_active":false,"_monsterinsights_sitenote_note":"","_monsterinsights_sitenote_category":0,"_uf_show_specific_survey":0,"_uf_disable_surveys":false,"site-sidebar-layout":"default","site-content-layout":"","ast-site-content-layout":"default","site-content-style":"default","site-sidebar-style":"default","ast-global-header-display":"","ast-banner-title-visibility":"","ast-main-header-display":"","ast-hfb-above-header-display":"","ast-hfb-below-header-display":"","ast-hfb-mobile-header-display":"","site-post-title":"","ast-breadcrumbs-content":"","ast-featured-img":"","footer-sml-layout":"","theme-transparent-header-meta":"default","adv-header-id-meta":"","stick-header-meta":"","header-above-stick-meta":"","header-main-stick-meta":"","header-below-stick-meta":"","astra-migrate-meta-layouts":"set","ast-page-background-enabled":"default","ast-page-background-meta":{"desktop":{"background-color":"var(--ast-global-color-4)","background-image":"","background-repeat":"repeat","background-position":"center center","background-size":"auto","background-attachment":"scroll","background-type":"","background-media":"","overlay-type":"","overlay-color":"","overlay-opacity":"","overlay-gradient":""},"tablet":{"background-color":"","background-image":"","background-repeat":"repeat","background-position":"center center","background-size":"auto","background-attachment":"scroll","background-type":"","background-media":"","overlay-type":"","overlay-color":"","overlay-opacity":"","overlay-gradient":""},"mobile":{"background-color":"","background-image":"","background-repeat":"repeat","background-position":"center center","background-size":"auto","background-attachment":"scroll","background-type":"","background-media":"","overlay-type":"","overlay-color":"","overlay-opacity":"","overlay-gradient":""}},"ast-content-background-meta":{"desktop":{"background-color":"var(--ast-global-color-5)","background-image":"","background-repeat":"repeat","background-position":"center center","background-size":"auto","background-attachment":"scroll","background-type":"","background-media":"","overlay-type":"","overlay-color":"","overlay-opacity":"","overlay-gradient":""},"tablet":{"background-color":"var(--ast-global-color-5)","background-image":"","background-repeat":"repeat","background-position":"center center","background-size":"auto","background-attachment":"scroll","background-type":"","background-media":"","overlay-type":"","overlay-color":"","overlay-opacity":"","overlay-gradient":""},"mobile":{"background-color":"var(--ast-global-color-5)","background-image":"","background-repeat":"repeat","background-position":"center center","background-size":"auto","background-attachment":"scroll","background-type":"","background-media":"","overlay-type":"","overlay-color":"","overlay-opacity":"","overlay-gradient":""}}},"product_brand":[],"product_cat":[50,75,15],"product_tag":[],"class_list":{"0":"post-1706","1":"product","2":"type-product","3":"status-publish","4":"has-post-thumbnail","6":"product_cat-kampaaniad","7":"product_cat-kreemid-naole","8":"product_cat-naole","9":"desktop-align-center","10":"tablet-align-left","11":"mobile-align-left","13":"first","14":"instock","15":"sale","16":"taxable","17":"shipping-taxable","18":"purchasable","19":"product-type-simple","20":"add-to-wishlist-before_image"},"aioseo_notices":[],"_links":{"self":[{"href":"https:\/\/kosmeetika24.eu\/et\/wp-json\/wp\/v2\/product\/1706","targetHints":{"allow":["GET"]}}],"collection":[{"href":"https:\/\/kosmeetika24.eu\/et\/wp-json\/wp\/v2\/product"}],"about":[{"href":"https:\/\/kosmeetika24.eu\/et\/wp-json\/wp\/v2\/types\/product"}],"version-history":[{"count":3,"href":"https:\/\/kosmeetika24.eu\/et\/wp-json\/wp\/v2\/product\/1706\/revisions"}],"predecessor-version":[{"id":8995,"href":"https:\/\/kosmeetika24.eu\/et\/wp-json\/wp\/v2\/product\/1706\/revisions\/8995"}],"wp:featuredmedia":[{"embeddable":true,"href":"https:\/\/kosmeetika24.eu\/et\/wp-json\/wp\/v2\/media\/1817"}],"wp:attachment":[{"href":"https:\/\/kosmeetika24.eu\/et\/wp-json\/wp\/v2\/media?parent=1706"}],"wp:term":[{"taxonomy":"product_brand","embeddable":true,"href":"https:\/\/kosmeetika24.eu\/et\/wp-json\/wp\/v2\/product_brand?post=1706"},{"taxonomy":"product_cat","embeddable":true,"href":"https:\/\/kosmeetika24.eu\/et\/wp-json\/wp\/v2\/product_cat?post=1706"},{"taxonomy":"product_tag","embeddable":true,"href":"https:\/\/kosmeetika24.eu\/et\/wp-json\/wp\/v2\/product_tag?post=1706"}],"curies":[{"name":"wp","href":"https:\/\/api.w.org\/{rel}","templated":true}]}}