{"id":1705,"date":"2019-11-07T11:48:06","date_gmt":"2019-11-07T11:48:06","guid":{"rendered":"https:\/\/kosmeetika24.eu\/?post_type=product&#038;p=1705"},"modified":"2026-04-01T14:29:11","modified_gmt":"2026-04-01T11:29:11","slug":"bruno-vassari-skin-comfort-skin-restore-plus","status":"publish","type":"product","link":"https:\/\/kosmeetika24.eu\/et\/toode\/bruno-vassari-skin-comfort-skin-restore-plus\/","title":{"rendered":"BRUNO VASSARI Skin Comfort intensiivne parandav kreem"},"content":{"rendered":"<p>Naha struktuuri parandav kreem <em>Skin Restore Plus<\/em> v\u00e4hendab v\u00f5imalikku reaktsiooni \u00e4rritusele ja aitab taastada naha h\u00fcdrolipiidse kihi. Kreem rahustab, niisutab ja toidab nahka.<\/p>\n<p>Sobib k\u00f5igile nahat\u00fc\u00fcpidele, eriti stressis nahale.<\/p>\n<p><strong>PEAMISED TOIMEAINED<\/strong><\/p>\n<ul>\n<li>\u201eSkincalmin\u201c<\/li>\n<li>SLM (naha lipiidmaatriks)<\/li>\n<li>Skvalaan<\/li>\n<li>E-vitamiin<\/li>\n<li>Jojooba\u00f5li<\/li>\n<li>Sheav\u00f5i<\/li>\n<\/ul>\n<p><strong>TOIME<\/strong><\/p>\n<p>Toote koostis imiteerib naha kaitsefunktsiooni ja lipiidide sidusust. See taastab naha optimaalse veesisalduse, toidab nahka ning taastab naha loomuliku kaitsebarj\u00e4\u00e4ri.<\/p>\n<ul>\n<li>Sklaavan toetab naha kaitsvat funktsiooni, j\u00e4tab naha pehmeks ja siidiseks.<\/li>\n<li>E-vitamiin\u00a0 toimib antioks\u00fcdandina, stimuleerib naha hingamist ja tugevdab naha rakkude membraani.<\/li>\n<li>Jojoba\u00f5li kaitseb nahka aurustumise ja toksiliste ainete eest.<\/li>\n<li>Sheav\u00f5i silub ja s\u00e4ilitab naha niiskuse.<\/li>\n<\/ul>\n<p><strong>KASUTAMINE<\/strong><\/p>\n<ul>\n<li>Nahk puhastada eelnevalt nt tootega <a href=\"https:\/\/kosmeetika24.eu\/toode\/bruno-vassari-skin-comfort-varskendav-meigieemaldusvedelik-2\/\">BRUNO VASSARI Skin Comfort v\u00e4rskendav meigieemaldaja.<\/a><\/li>\n<li>Nahk toniseerida eelnevalt nt tootega <a href=\"https:\/\/kosmeetika24.eu\/toode\/bruno-vassari-skin-comfort-refreshing-toner\/\">BRUNO VASSARI Skin Comfort alkoholivaba v\u00e4rskendav toonik.<\/a><\/li>\n<li>Kreem kanda puhastatud n\u00e4ole, kaelale ja dekolteele. Sobib kasutamiseks hommikul ja \u00f5htul.<\/li>\n<li>Silma\u00fcmbruse hooldamiseks kasutada nt toodet <a href=\"https:\/\/kosmeetika24.eu\/toode\/bruno-vassari-the-specifics-vitamin-eye-cream\/\">BRUNO VASSARI The Specifics niisutav silmahoolduskreem<\/a>.<\/li>\n<\/ul>\n<p><strong>KOOSTIS<\/strong><\/p>\n<p>AQUA ( WATER), CAPRYLIC\/CAPRIC TRIGLYCERIDE, GLYCERIN, PENTYLENE GLYCOL, SIMMONDSIA CHINENSIS (JOJOBA) SEED OIL, CETEARYL ALCOHOL, HYDROGENATED PHOSPHATIDYLCHOLINE, SQUALANE, BUTYROSPERMUM PARKII (SHEA) BUTTER, HYDROXYPHENYL PROPAMIDOBENZOIC ACID, CERAMIDE NP, ASCORBYL PALMITATE, CHLORPHENESIN, TOCOPHERYL ACETATE, PHENOXYETHANOL, BUTYLENE GLYCOL, CARBOMER, HYDROXYETHYLCELLULOSE, XANTHAN GUM, SODIUM HYDROXIDE, PARFUM ( FRAGRANCE).<\/p>\n<p><span style=\"color: #000000;\"><span style=\"font-family: Roboto, sans-serif;\"><span style=\"font-size: xx-small;\">1358.60.- \u20ac\/l<\/span><\/span><\/span><\/p>\n","protected":false},"excerpt":{"rendered":"<p>50 ml<\/p>\n<p>Kreem on spetsiaalselt m\u00f5eldud tundliku ja kahjustunud naha taastamiseks.<\/p>\n","protected":false},"featured_media":1826,"template":"","meta":{"om_disable_all_campaigns":false,"_monsterinsights_skip_tracking":false,"_monsterinsights_sitenote_active":false,"_monsterinsights_sitenote_note":"","_monsterinsights_sitenote_category":0,"_uf_show_specific_survey":0,"_uf_disable_surveys":false,"site-sidebar-layout":"default","site-content-layout":"","ast-site-content-layout":"default","site-content-style":"default","site-sidebar-style":"default","ast-global-header-display":"","ast-banner-title-visibility":"","ast-main-header-display":"","ast-hfb-above-header-display":"","ast-hfb-below-header-display":"","ast-hfb-mobile-header-display":"","site-post-title":"","ast-breadcrumbs-content":"","ast-featured-img":"","footer-sml-layout":"","theme-transparent-header-meta":"default","adv-header-id-meta":"","stick-header-meta":"","header-above-stick-meta":"","header-main-stick-meta":"","header-below-stick-meta":"","astra-migrate-meta-layouts":"set","ast-page-background-enabled":"default","ast-page-background-meta":{"desktop":{"background-color":"var(--ast-global-color-4)","background-image":"","background-repeat":"repeat","background-position":"center center","background-size":"auto","background-attachment":"scroll","background-type":"","background-media":"","overlay-type":"","overlay-color":"","overlay-opacity":"","overlay-gradient":""},"tablet":{"background-color":"","background-image":"","background-repeat":"repeat","background-position":"center center","background-size":"auto","background-attachment":"scroll","background-type":"","background-media":"","overlay-type":"","overlay-color":"","overlay-opacity":"","overlay-gradient":""},"mobile":{"background-color":"","background-image":"","background-repeat":"repeat","background-position":"center center","background-size":"auto","background-attachment":"scroll","background-type":"","background-media":"","overlay-type":"","overlay-color":"","overlay-opacity":"","overlay-gradient":""}},"ast-content-background-meta":{"desktop":{"background-color":"var(--ast-global-color-5)","background-image":"","background-repeat":"repeat","background-position":"center center","background-size":"auto","background-attachment":"scroll","background-type":"","background-media":"","overlay-type":"","overlay-color":"","overlay-opacity":"","overlay-gradient":""},"tablet":{"background-color":"var(--ast-global-color-5)","background-image":"","background-repeat":"repeat","background-position":"center center","background-size":"auto","background-attachment":"scroll","background-type":"","background-media":"","overlay-type":"","overlay-color":"","overlay-opacity":"","overlay-gradient":""},"mobile":{"background-color":"var(--ast-global-color-5)","background-image":"","background-repeat":"repeat","background-position":"center center","background-size":"auto","background-attachment":"scroll","background-type":"","background-media":"","overlay-type":"","overlay-color":"","overlay-opacity":"","overlay-gradient":""}}},"product_brand":[],"product_cat":[50,75,15],"product_tag":[],"class_list":{"0":"post-1705","1":"product","2":"type-product","3":"status-publish","4":"has-post-thumbnail","6":"product_cat-kampaaniad","7":"product_cat-kreemid-naole","8":"product_cat-naole","9":"desktop-align-center","10":"tablet-align-left","11":"mobile-align-left","13":"first","14":"instock","15":"sale","16":"taxable","17":"shipping-taxable","18":"purchasable","19":"product-type-simple","20":"add-to-wishlist-before_image"},"aioseo_notices":[],"_links":{"self":[{"href":"https:\/\/kosmeetika24.eu\/et\/wp-json\/wp\/v2\/product\/1705","targetHints":{"allow":["GET"]}}],"collection":[{"href":"https:\/\/kosmeetika24.eu\/et\/wp-json\/wp\/v2\/product"}],"about":[{"href":"https:\/\/kosmeetika24.eu\/et\/wp-json\/wp\/v2\/types\/product"}],"version-history":[{"count":2,"href":"https:\/\/kosmeetika24.eu\/et\/wp-json\/wp\/v2\/product\/1705\/revisions"}],"predecessor-version":[{"id":8967,"href":"https:\/\/kosmeetika24.eu\/et\/wp-json\/wp\/v2\/product\/1705\/revisions\/8967"}],"wp:featuredmedia":[{"embeddable":true,"href":"https:\/\/kosmeetika24.eu\/et\/wp-json\/wp\/v2\/media\/1826"}],"wp:attachment":[{"href":"https:\/\/kosmeetika24.eu\/et\/wp-json\/wp\/v2\/media?parent=1705"}],"wp:term":[{"taxonomy":"product_brand","embeddable":true,"href":"https:\/\/kosmeetika24.eu\/et\/wp-json\/wp\/v2\/product_brand?post=1705"},{"taxonomy":"product_cat","embeddable":true,"href":"https:\/\/kosmeetika24.eu\/et\/wp-json\/wp\/v2\/product_cat?post=1705"},{"taxonomy":"product_tag","embeddable":true,"href":"https:\/\/kosmeetika24.eu\/et\/wp-json\/wp\/v2\/product_tag?post=1705"}],"curies":[{"name":"wp","href":"https:\/\/api.w.org\/{rel}","templated":true}]}}