{"id":1702,"date":"2019-11-07T10:50:11","date_gmt":"2019-11-07T10:50:11","guid":{"rendered":"https:\/\/kosmeetika24.eu\/?post_type=product&#038;p=1702"},"modified":"2026-04-01T15:00:39","modified_gmt":"2026-04-01T12:00:39","slug":"bruno-vassari-skin-comfort-refreshing-toner","status":"publish","type":"product","link":"https:\/\/kosmeetika24.eu\/et\/toode\/bruno-vassari-skin-comfort-refreshing-toner\/","title":{"rendered":"BRUNO VASSARI Skin Comfort alkoholivaba v\u00e4rskendav toonik"},"content":{"rendered":"<p>Alkoholivaba v\u00e4rskendav toonik <em>Refreshing Toner<\/em> on \u00f5rnatoimeline, v\u00e4rskendav ja rahustav n\u00e4ovesi.\u00a0See on spetsiaalselt valmistatud ilma l\u00f5hnaainete ja alkoholita, et v\u00e4rskendada, rahustada ja tasakaalustada nahka, kaitstes samas h\u00fcdrolipiidkihti.<\/p>\n<p>Sobib k\u00f5igile nahat\u00fc\u00fcpidele, eriti aga\u00a0tundlikule ja kuivale nahale.<\/p>\n<p><strong>TOIMEAINED<\/strong><\/p>\n<ul>\n<li>Taimeekstraktide kompleks: lavendel, p\u00e4rn, saialill ja kummel.<\/li>\n<li>Niisutav kompleks: gl\u00fctseriin ja gl\u00fckoolid<\/li>\n<\/ul>\n<p><strong>TOIME<\/strong><\/p>\n<ul>\n<li>Taimeekstraktide kompleksi peamine eesm\u00e4rk on anda n\u00e4oveele rahustavad ja p\u00f5letikuvastased omadused.<\/li>\n<li>Niisutav kompleks taastab vee tasakaalu nahas.<\/li>\n<\/ul>\n<p><strong>KASUTAMINE:<\/strong><\/p>\n<ul>\n<li>Toonik kanda vatipadjale ja toniseerida nahk. Sobib kasutamiseks hommikul ja \u00f5htul.<\/li>\n<\/ul>\n<p><strong>KOOSTIS:<\/strong><\/p>\n<p><span style=\"font-size: 14px;\">AQUA (WATER), BUTULENE GLYCOL, GLYCERIN, HYPERICUM PERFORATUM EXTRACT, CAMOMILLA RECUTITA (MATRICARIA) FLOWER EXTRACT, CALENDULA OFFICNALIS FLOWER EXTRACT, ANTHEMIS NOBILIS FLOWER EXTRACT, TILIA CORDATA FLOWER EXTRACT, CENTAUREA CYANUS FLOWER EXTRACT, PHENOXYETHANOL, CHLORPHENESIN, BENZOPHENONE-4, DISODIUM EDTA, PROPYLENE GLYCOL, SODIUM HYDROXIDE, METHYL PROPANEDIOL, C.I.42090 (FD&amp;C BLUE No.1), C.I. 19140 (FD&amp;C YELLOW No.5).<\/span><\/p>\n<p><span style=\"color: #000000;\"><span style=\"font-family: Roboto, sans-serif;\"><span style=\"font-size: xx-small;\">181.16 \u20ac\/l<\/span><\/span><\/span><\/p>\n","protected":false},"excerpt":{"rendered":"<p>250 ml<\/p>\n<p>Alkoholivaba, \u00f5rnatoimeline, v\u00e4rskendav ja rahustav n\u00e4ovesi \u00f5rnale nahale.<\/p>\n","protected":false},"featured_media":1820,"template":"","meta":{"om_disable_all_campaigns":false,"_monsterinsights_skip_tracking":false,"_monsterinsights_sitenote_active":false,"_monsterinsights_sitenote_note":"","_monsterinsights_sitenote_category":0,"_uf_show_specific_survey":0,"_uf_disable_surveys":false,"site-sidebar-layout":"default","site-content-layout":"","ast-site-content-layout":"default","site-content-style":"default","site-sidebar-style":"default","ast-global-header-display":"","ast-banner-title-visibility":"","ast-main-header-display":"","ast-hfb-above-header-display":"","ast-hfb-below-header-display":"","ast-hfb-mobile-header-display":"","site-post-title":"","ast-breadcrumbs-content":"","ast-featured-img":"","footer-sml-layout":"","theme-transparent-header-meta":"default","adv-header-id-meta":"","stick-header-meta":"","header-above-stick-meta":"","header-main-stick-meta":"","header-below-stick-meta":"","astra-migrate-meta-layouts":"set","ast-page-background-enabled":"default","ast-page-background-meta":{"desktop":{"background-color":"var(--ast-global-color-4)","background-image":"","background-repeat":"repeat","background-position":"center center","background-size":"auto","background-attachment":"scroll","background-type":"","background-media":"","overlay-type":"","overlay-color":"","overlay-opacity":"","overlay-gradient":""},"tablet":{"background-color":"","background-image":"","background-repeat":"repeat","background-position":"center center","background-size":"auto","background-attachment":"scroll","background-type":"","background-media":"","overlay-type":"","overlay-color":"","overlay-opacity":"","overlay-gradient":""},"mobile":{"background-color":"","background-image":"","background-repeat":"repeat","background-position":"center center","background-size":"auto","background-attachment":"scroll","background-type":"","background-media":"","overlay-type":"","overlay-color":"","overlay-opacity":"","overlay-gradient":""}},"ast-content-background-meta":{"desktop":{"background-color":"var(--ast-global-color-5)","background-image":"","background-repeat":"repeat","background-position":"center center","background-size":"auto","background-attachment":"scroll","background-type":"","background-media":"","overlay-type":"","overlay-color":"","overlay-opacity":"","overlay-gradient":""},"tablet":{"background-color":"var(--ast-global-color-5)","background-image":"","background-repeat":"repeat","background-position":"center center","background-size":"auto","background-attachment":"scroll","background-type":"","background-media":"","overlay-type":"","overlay-color":"","overlay-opacity":"","overlay-gradient":""},"mobile":{"background-color":"var(--ast-global-color-5)","background-image":"","background-repeat":"repeat","background-position":"center center","background-size":"auto","background-attachment":"scroll","background-type":"","background-media":"","overlay-type":"","overlay-color":"","overlay-opacity":"","overlay-gradient":""}}},"product_brand":[],"product_cat":[50,15,73,74],"product_tag":[],"class_list":{"0":"post-1702","1":"product","2":"type-product","3":"status-publish","4":"has-post-thumbnail","6":"product_cat-kampaaniad","7":"product_cat-naole","8":"product_cat-puhastustooted","9":"product_cat-toonikud","10":"desktop-align-center","11":"tablet-align-left","12":"mobile-align-left","14":"first","15":"instock","16":"sale","17":"taxable","18":"shipping-taxable","19":"purchasable","20":"product-type-simple","21":"add-to-wishlist-before_image"},"aioseo_notices":[],"_links":{"self":[{"href":"https:\/\/kosmeetika24.eu\/et\/wp-json\/wp\/v2\/product\/1702","targetHints":{"allow":["GET"]}}],"collection":[{"href":"https:\/\/kosmeetika24.eu\/et\/wp-json\/wp\/v2\/product"}],"about":[{"href":"https:\/\/kosmeetika24.eu\/et\/wp-json\/wp\/v2\/types\/product"}],"version-history":[{"count":3,"href":"https:\/\/kosmeetika24.eu\/et\/wp-json\/wp\/v2\/product\/1702\/revisions"}],"predecessor-version":[{"id":3189,"href":"https:\/\/kosmeetika24.eu\/et\/wp-json\/wp\/v2\/product\/1702\/revisions\/3189"}],"wp:featuredmedia":[{"embeddable":true,"href":"https:\/\/kosmeetika24.eu\/et\/wp-json\/wp\/v2\/media\/1820"}],"wp:attachment":[{"href":"https:\/\/kosmeetika24.eu\/et\/wp-json\/wp\/v2\/media?parent=1702"}],"wp:term":[{"taxonomy":"product_brand","embeddable":true,"href":"https:\/\/kosmeetika24.eu\/et\/wp-json\/wp\/v2\/product_brand?post=1702"},{"taxonomy":"product_cat","embeddable":true,"href":"https:\/\/kosmeetika24.eu\/et\/wp-json\/wp\/v2\/product_cat?post=1702"},{"taxonomy":"product_tag","embeddable":true,"href":"https:\/\/kosmeetika24.eu\/et\/wp-json\/wp\/v2\/product_tag?post=1702"}],"curies":[{"name":"wp","href":"https:\/\/api.w.org\/{rel}","templated":true}]}}