{"id":1701,"date":"2019-11-07T10:01:59","date_gmt":"2019-11-07T10:01:59","guid":{"rendered":"https:\/\/kosmeetika24.eu\/?post_type=product&#038;p=1701"},"modified":"2026-04-01T15:02:16","modified_gmt":"2026-04-01T12:02:16","slug":"bruno-vassari-skin-comfort-varskendav-meigieemaldusvedelik-2","status":"publish","type":"product","link":"https:\/\/kosmeetika24.eu\/et\/toode\/bruno-vassari-skin-comfort-varskendav-meigieemaldusvedelik-2\/","title":{"rendered":"BRUNO VASSARI Skin Comfort v\u00e4rskendav puhastuspiim"},"content":{"rendered":"<p>\u00d5rnatoimeline alkoholivaba puhastuspiim<em> Fresh Cleansing Fluid<\/em> eemaldab silmameigi ja liigse rasu naha pinnalt.<\/p>\n<p><strong>PEAMISED TOIMEAINED<\/strong><\/p>\n<ul>\n<li>Taimeekstraktide kompleks: lavendel, p\u00e4rn, saialill, kummel ja naistepuna.<\/li>\n<li>Niisutav kompleks: gl\u00fctseriin ja gl\u00fckoolid.<\/li>\n<\/ul>\n<p><strong>TOIME<\/strong><\/p>\n<ul>\n<li>Taimeekstraktide kompleksil on nahka rahustavad ja p\u00f5letikuvastased omadused.<\/li>\n<li>Niisutav kompleks taastab vee tasakaalu nahas.<\/li>\n<\/ul>\n<p><strong>KASUTAMINE<\/strong><\/p>\n<ul>\n<li>Puhastuspiim kanda kanda ringjate liigutustega n\u00e4ole ja silmadele vatipatja v\u00f5i puhaste k\u00e4te abil.<\/li>\n<\/ul>\n<p><strong>KOOSTIS<\/strong><\/p>\n<p><span style=\"font-size: 14px;\">AQUA (WATER), BUTULENE GLYCOL, CAPRYLIC\/CAPRIC TRIGLYCERIDE, GLYCERIN, CYCLOPENTASILOXANE, PEG-40 HYDROGENATED CASTOR OIL, POLOXAMER 184, LAVANDULA ANGUSTIFOLIA (LAVANDER) FLOWER EXTRACT, HYPERICUM PERFORATUM EXTRACT, CHAMOMILLA, RECUTITA (MATRICARIA) FLOWER EXTRACT, CALENDULA OFFICINALIS FLOWER EXTRACT, ANTHEMIS NOBILIS FLOWER EXTRACT, TILIA CORDATA FLOWER EXTRACT, CENTAUREA CYANUS FLOWER EXTRACT, PHENOXYETHANOL, IMIDAZOLIDINYL UREA, CARBOMER, TRIETHANOLAMINE, XANTHAN GUM, METHYLPARABEN, PROPYLENE GLYCOL, DISODIUM ETDA, METHYLDIHYDROJASMONATE, BUTYLPARABEN, ETHYLPARABEN, PROPYLPARABEN, CYCLAMEN ALDEHYDE, C.I. 42090 (FD&amp;C BLUE No. 1), C.I. 19140 (FD&amp;C YELLOW No. 5).<\/span><\/p>\n<p><span style=\"color: #000000;\"><span style=\"font-family: Roboto, sans-serif;\"><span style=\"font-size: xx-small;\">181.16 \u20ac\/l<\/span><\/span><\/span><\/p>\n","protected":false},"excerpt":{"rendered":"<p>250 ml<\/p>\n<p>Eemaldab silmameigi ja liigse rasu naha pinnalt.<\/p>\n<p>Ideaalne vahend naha normaalse f\u00fcsioloogilise seisundi tasakaalustamiseks ja taastamiseks.<\/p>\n<p>Ei sisalda emulgaatoreid ja l\u00f5hnaaineid.<\/p>\n<p>Sobib tundlikule nahale.<\/p>\n","protected":false},"featured_media":1716,"template":"","meta":{"om_disable_all_campaigns":false,"_monsterinsights_skip_tracking":false,"_monsterinsights_sitenote_active":false,"_monsterinsights_sitenote_note":"","_monsterinsights_sitenote_category":0,"_uf_show_specific_survey":0,"_uf_disable_surveys":false,"site-sidebar-layout":"default","site-content-layout":"","ast-site-content-layout":"default","site-content-style":"default","site-sidebar-style":"default","ast-global-header-display":"","ast-banner-title-visibility":"","ast-main-header-display":"","ast-hfb-above-header-display":"","ast-hfb-below-header-display":"","ast-hfb-mobile-header-display":"","site-post-title":"","ast-breadcrumbs-content":"","ast-featured-img":"","footer-sml-layout":"","theme-transparent-header-meta":"default","adv-header-id-meta":"","stick-header-meta":"","header-above-stick-meta":"","header-main-stick-meta":"","header-below-stick-meta":"","astra-migrate-meta-layouts":"set","ast-page-background-enabled":"default","ast-page-background-meta":{"desktop":{"background-color":"var(--ast-global-color-4)","background-image":"","background-repeat":"repeat","background-position":"center center","background-size":"auto","background-attachment":"scroll","background-type":"","background-media":"","overlay-type":"","overlay-color":"","overlay-opacity":"","overlay-gradient":""},"tablet":{"background-color":"","background-image":"","background-repeat":"repeat","background-position":"center center","background-size":"auto","background-attachment":"scroll","background-type":"","background-media":"","overlay-type":"","overlay-color":"","overlay-opacity":"","overlay-gradient":""},"mobile":{"background-color":"","background-image":"","background-repeat":"repeat","background-position":"center center","background-size":"auto","background-attachment":"scroll","background-type":"","background-media":"","overlay-type":"","overlay-color":"","overlay-opacity":"","overlay-gradient":""}},"ast-content-background-meta":{"desktop":{"background-color":"var(--ast-global-color-5)","background-image":"","background-repeat":"repeat","background-position":"center center","background-size":"auto","background-attachment":"scroll","background-type":"","background-media":"","overlay-type":"","overlay-color":"","overlay-opacity":"","overlay-gradient":""},"tablet":{"background-color":"var(--ast-global-color-5)","background-image":"","background-repeat":"repeat","background-position":"center center","background-size":"auto","background-attachment":"scroll","background-type":"","background-media":"","overlay-type":"","overlay-color":"","overlay-opacity":"","overlay-gradient":""},"mobile":{"background-color":"var(--ast-global-color-5)","background-image":"","background-repeat":"repeat","background-position":"center center","background-size":"auto","background-attachment":"scroll","background-type":"","background-media":"","overlay-type":"","overlay-color":"","overlay-opacity":"","overlay-gradient":""}}},"product_brand":[],"product_cat":[50,15,362,73],"product_tag":[],"class_list":{"0":"post-1701","1":"product","2":"type-product","3":"status-publish","4":"has-post-thumbnail","6":"product_cat-kampaaniad","7":"product_cat-naole","8":"product_cat-puhastuspiim","9":"product_cat-puhastustooted","10":"desktop-align-center","11":"tablet-align-left","12":"mobile-align-left","14":"first","15":"instock","16":"sale","17":"taxable","18":"shipping-taxable","19":"purchasable","20":"product-type-simple","21":"add-to-wishlist-before_image"},"aioseo_notices":[],"_links":{"self":[{"href":"https:\/\/kosmeetika24.eu\/et\/wp-json\/wp\/v2\/product\/1701","targetHints":{"allow":["GET"]}}],"collection":[{"href":"https:\/\/kosmeetika24.eu\/et\/wp-json\/wp\/v2\/product"}],"about":[{"href":"https:\/\/kosmeetika24.eu\/et\/wp-json\/wp\/v2\/types\/product"}],"version-history":[{"count":3,"href":"https:\/\/kosmeetika24.eu\/et\/wp-json\/wp\/v2\/product\/1701\/revisions"}],"predecessor-version":[{"id":8993,"href":"https:\/\/kosmeetika24.eu\/et\/wp-json\/wp\/v2\/product\/1701\/revisions\/8993"}],"wp:featuredmedia":[{"embeddable":true,"href":"https:\/\/kosmeetika24.eu\/et\/wp-json\/wp\/v2\/media\/1716"}],"wp:attachment":[{"href":"https:\/\/kosmeetika24.eu\/et\/wp-json\/wp\/v2\/media?parent=1701"}],"wp:term":[{"taxonomy":"product_brand","embeddable":true,"href":"https:\/\/kosmeetika24.eu\/et\/wp-json\/wp\/v2\/product_brand?post=1701"},{"taxonomy":"product_cat","embeddable":true,"href":"https:\/\/kosmeetika24.eu\/et\/wp-json\/wp\/v2\/product_cat?post=1701"},{"taxonomy":"product_tag","embeddable":true,"href":"https:\/\/kosmeetika24.eu\/et\/wp-json\/wp\/v2\/product_tag?post=1701"}],"curies":[{"name":"wp","href":"https:\/\/api.w.org\/{rel}","templated":true}]}}