{"id":10811,"date":"2026-03-02T12:47:31","date_gmt":"2026-03-02T09:47:31","guid":{"rendered":"https:\/\/kosmeetika24.eu\/?post_type=product&#038;p=10811"},"modified":"2026-03-02T12:52:05","modified_gmt":"2026-03-02T09:52:05","slug":"bruno-vassari-velvet-touch-sun-stick-spf-50-color","status":"publish","type":"product","link":"https:\/\/kosmeetika24.eu\/et\/toode\/bruno-vassari-velvet-touch-sun-stick-spf-50-color\/","title":{"rendered":"Bruno Vassari Velvet Touch Sun Stick SPF 50 COLOR 17G"},"content":{"rendered":"<p>Avasta uus p\u00e4ikesekaitsekreemipulk Velvet Touch\u00a0 SPF 50. mis on nahatooni \u00fchtlustav ja sinu ideaalne liitlane naha kaitsmiseks p\u00e4ikese eest, ohverdamata s\u00e4ravat jumet, mida me k\u00f5ik ihaldame.<\/p>\n<p>Praktiline p\u00e4ikesekaitsekreemipulk \u00fchendab endas k\u00f5rge kaitse UVA- ja UVB-kiirguse eest. Pulk on siidise koostisega, mis libiseb sujuvalt peale ja sulandub koheselt nahka. Selle universaalne ja toon kohandub h\u00f5lpsasti paljude nahatoonidega, \u00fchtlustades jumet ilma maskitaolise efekti v\u00f5i valge kihita, v\u00f5imaldades katvust, mis aitab varjata plekke v\u00f5i v\u00e4iksemaid ebat\u00e4iusi.<\/p>\n<p>Toonitud p\u00e4ikesekaitsekreemi valimine ei ole ainult esteetika: see on nutikas nahahooldusstrateegia lisah\u00fcvedega. Lisaks k\u00f5rgetasemelisele kaitsele UVA- ja UVB-kiirte eest pakuvad need valemid t\u00e4nu v\u00e4rvipigmentidele t\u00e4iendavat f\u00fc\u00fcsilist kaitset, mis toimivad t\u00e4iendava barj\u00e4\u00e4rina p\u00e4ikesekiirguse, n\u00e4htava valguse ja sinise valguse eest.<\/p>\n","protected":false},"excerpt":{"rendered":"<p><strong>Toote eelised:<\/strong><\/p>\n<ul>\n<li style=\"list-style-type: none;\">\n<ul>\n<li>\u00dchtlustab nahatooni ja varjab naha ebat\u00e4iususi.<\/li>\n<li>Aitab ennetada pigmentatsioonih\u00e4ireid, eriti tundlikul, melasmaga v\u00f5i h\u00fcperpigmentatsioonile kalduval nahal.<\/li>\n<li>Kaitseb\u00a0 valguse eest, mis p\u00f5hjustab enneaegset fotovananemist ja tumedate laikude s\u00fcvenemist.<\/li>\n<\/ul>\n<\/li>\n<\/ul>\n","protected":false},"featured_media":10812,"template":"","meta":{"om_disable_all_campaigns":false,"_monsterinsights_skip_tracking":false,"_monsterinsights_sitenote_active":false,"_monsterinsights_sitenote_note":"","_monsterinsights_sitenote_category":0,"_uf_show_specific_survey":0,"_uf_disable_surveys":false,"site-sidebar-layout":"default","site-content-layout":"","ast-site-content-layout":"default","site-content-style":"default","site-sidebar-style":"default","ast-global-header-display":"","ast-banner-title-visibility":"","ast-main-header-display":"","ast-hfb-above-header-display":"","ast-hfb-below-header-display":"","ast-hfb-mobile-header-display":"","site-post-title":"","ast-breadcrumbs-content":"","ast-featured-img":"","footer-sml-layout":"","theme-transparent-header-meta":"default","adv-header-id-meta":"","stick-header-meta":"","header-above-stick-meta":"","header-main-stick-meta":"","header-below-stick-meta":"","astra-migrate-meta-layouts":"set","ast-page-background-enabled":"default","ast-page-background-meta":{"desktop":{"background-color":"var(--ast-global-color-4)","background-image":"","background-repeat":"repeat","background-position":"center center","background-size":"auto","background-attachment":"scroll","background-type":"","background-media":"","overlay-type":"","overlay-color":"","overlay-opacity":"","overlay-gradient":""},"tablet":{"background-color":"","background-image":"","background-repeat":"repeat","background-position":"center center","background-size":"auto","background-attachment":"scroll","background-type":"","background-media":"","overlay-type":"","overlay-color":"","overlay-opacity":"","overlay-gradient":""},"mobile":{"background-color":"","background-image":"","background-repeat":"repeat","background-position":"center center","background-size":"auto","background-attachment":"scroll","background-type":"","background-media":"","overlay-type":"","overlay-color":"","overlay-opacity":"","overlay-gradient":""}},"ast-content-background-meta":{"desktop":{"background-color":"var(--ast-global-color-5)","background-image":"","background-repeat":"repeat","background-position":"center center","background-size":"auto","background-attachment":"scroll","background-type":"","background-media":"","overlay-type":"","overlay-color":"","overlay-opacity":"","overlay-gradient":""},"tablet":{"background-color":"var(--ast-global-color-5)","background-image":"","background-repeat":"repeat","background-position":"center center","background-size":"auto","background-attachment":"scroll","background-type":"","background-media":"","overlay-type":"","overlay-color":"","overlay-opacity":"","overlay-gradient":""},"mobile":{"background-color":"var(--ast-global-color-5)","background-image":"","background-repeat":"repeat","background-position":"center center","background-size":"auto","background-attachment":"scroll","background-type":"","background-media":"","overlay-type":"","overlay-color":"","overlay-opacity":"","overlay-gradient":""}}},"product_brand":[],"product_cat":[15,90,426],"product_tag":[],"class_list":{"0":"post-10811","1":"product","2":"type-product","3":"status-publish","4":"has-post-thumbnail","6":"product_cat-naole","7":"product_cat-paikesekaitse","8":"product_cat-uued-tooted","9":"desktop-align-center","10":"tablet-align-left","11":"mobile-align-left","13":"first","14":"instock","15":"taxable","16":"shipping-taxable","17":"purchasable","18":"product-type-simple","19":"add-to-wishlist-before_image"},"aioseo_notices":[],"_links":{"self":[{"href":"https:\/\/kosmeetika24.eu\/et\/wp-json\/wp\/v2\/product\/10811","targetHints":{"allow":["GET"]}}],"collection":[{"href":"https:\/\/kosmeetika24.eu\/et\/wp-json\/wp\/v2\/product"}],"about":[{"href":"https:\/\/kosmeetika24.eu\/et\/wp-json\/wp\/v2\/types\/product"}],"version-history":[{"count":2,"href":"https:\/\/kosmeetika24.eu\/et\/wp-json\/wp\/v2\/product\/10811\/revisions"}],"predecessor-version":[{"id":10834,"href":"https:\/\/kosmeetika24.eu\/et\/wp-json\/wp\/v2\/product\/10811\/revisions\/10834"}],"wp:featuredmedia":[{"embeddable":true,"href":"https:\/\/kosmeetika24.eu\/et\/wp-json\/wp\/v2\/media\/10812"}],"wp:attachment":[{"href":"https:\/\/kosmeetika24.eu\/et\/wp-json\/wp\/v2\/media?parent=10811"}],"wp:term":[{"taxonomy":"product_brand","embeddable":true,"href":"https:\/\/kosmeetika24.eu\/et\/wp-json\/wp\/v2\/product_brand?post=10811"},{"taxonomy":"product_cat","embeddable":true,"href":"https:\/\/kosmeetika24.eu\/et\/wp-json\/wp\/v2\/product_cat?post=10811"},{"taxonomy":"product_tag","embeddable":true,"href":"https:\/\/kosmeetika24.eu\/et\/wp-json\/wp\/v2\/product_tag?post=10811"}],"curies":[{"name":"wp","href":"https:\/\/api.w.org\/{rel}","templated":true}]}}