{"id":10807,"date":"2026-03-02T12:47:50","date_gmt":"2026-03-02T09:47:50","guid":{"rendered":"https:\/\/kosmeetika24.eu\/?post_type=product&#038;p=10807"},"modified":"2026-03-02T12:52:27","modified_gmt":"2026-03-02T09:52:27","slug":"bruno-vassari-velvet-touch-sun-stick-spf50","status":"publish","type":"product","link":"https:\/\/kosmeetika24.eu\/et\/toode\/bruno-vassari-velvet-touch-sun-stick-spf50\/","title":{"rendered":"Bruno Vassari Velvet Touch Sun Stick SPF50 17G"},"content":{"rendered":"<p>K\u00f5rge UV-kiirguse kaitsega (SPF 50), UVB + UVA p\u00e4ikesekaitsepulk pakub praktilist ja t\u00f5husat lahendust igap\u00e4evaseks p\u00e4ikesekaitseks. Toote uuenduslik disain v\u00f5imaldab seda peale kanda ilma otsese k\u00e4sitsemiseta. Pehme ja siidise tundega kaitsekreem sobib igale nahat\u00fc\u00fcbile, saavutades kohese &#8220;blurring&#8221; efekti. Lisaks v\u00f5imaldab selle kaasaskantav pakend h\u00f5lpsat, mugavat ja h\u00fcgieenilist uuesti pealekandmist isegi meigi peale!<\/p>\n<p><strong>Kasutamine:<\/strong><br \/>\nKandke kreem enne p\u00e4ikese k\u00e4tte minekut nahale (n\u00e4ole, kaelale, dekolteele ja k\u00e4tele) ja korrake kaitse s\u00e4ilitamiseks .<br \/>\nAinult v\u00e4lispidiseks kasutamiseks.<\/p>\n","protected":false},"excerpt":{"rendered":"<p><strong>Toote omadused:<\/strong><\/p>\n<ul>\n<li style=\"list-style-type: none;\">\n<ul>\n<li>K\u00f5rge p\u00e4ikesekaitsega kree, mugavas pakendis.<\/li>\n<li>Sobib kasutamiseks aastaringselt.<\/li>\n<li>Sobib k\u00f5ikidele nahat\u00fc\u00fcpidele.<\/li>\n<li>Sobib meigi peal kasutamiseks.<\/li>\n<li>\u00dclikerge, siidine ja l\u00e4bipaistev koostis.<\/li>\n<li>Kohene &#8220;blurring&#8221; efekt: matistab ja s\u00e4ra andev.<\/li>\n<\/ul>\n<\/li>\n<\/ul>\n","protected":false},"featured_media":10809,"template":"","meta":{"om_disable_all_campaigns":false,"_monsterinsights_skip_tracking":false,"_monsterinsights_sitenote_active":false,"_monsterinsights_sitenote_note":"","_monsterinsights_sitenote_category":0,"_uf_show_specific_survey":0,"_uf_disable_surveys":false,"site-sidebar-layout":"default","site-content-layout":"","ast-site-content-layout":"default","site-content-style":"default","site-sidebar-style":"default","ast-global-header-display":"","ast-banner-title-visibility":"","ast-main-header-display":"","ast-hfb-above-header-display":"","ast-hfb-below-header-display":"","ast-hfb-mobile-header-display":"","site-post-title":"","ast-breadcrumbs-content":"","ast-featured-img":"","footer-sml-layout":"","theme-transparent-header-meta":"default","adv-header-id-meta":"","stick-header-meta":"","header-above-stick-meta":"","header-main-stick-meta":"","header-below-stick-meta":"","astra-migrate-meta-layouts":"set","ast-page-background-enabled":"default","ast-page-background-meta":{"desktop":{"background-color":"var(--ast-global-color-4)","background-image":"","background-repeat":"repeat","background-position":"center center","background-size":"auto","background-attachment":"scroll","background-type":"","background-media":"","overlay-type":"","overlay-color":"","overlay-opacity":"","overlay-gradient":""},"tablet":{"background-color":"","background-image":"","background-repeat":"repeat","background-position":"center center","background-size":"auto","background-attachment":"scroll","background-type":"","background-media":"","overlay-type":"","overlay-color":"","overlay-opacity":"","overlay-gradient":""},"mobile":{"background-color":"","background-image":"","background-repeat":"repeat","background-position":"center center","background-size":"auto","background-attachment":"scroll","background-type":"","background-media":"","overlay-type":"","overlay-color":"","overlay-opacity":"","overlay-gradient":""}},"ast-content-background-meta":{"desktop":{"background-color":"var(--ast-global-color-5)","background-image":"","background-repeat":"repeat","background-position":"center center","background-size":"auto","background-attachment":"scroll","background-type":"","background-media":"","overlay-type":"","overlay-color":"","overlay-opacity":"","overlay-gradient":""},"tablet":{"background-color":"var(--ast-global-color-5)","background-image":"","background-repeat":"repeat","background-position":"center center","background-size":"auto","background-attachment":"scroll","background-type":"","background-media":"","overlay-type":"","overlay-color":"","overlay-opacity":"","overlay-gradient":""},"mobile":{"background-color":"var(--ast-global-color-5)","background-image":"","background-repeat":"repeat","background-position":"center center","background-size":"auto","background-attachment":"scroll","background-type":"","background-media":"","overlay-type":"","overlay-color":"","overlay-opacity":"","overlay-gradient":""}}},"product_brand":[],"product_cat":[15,90,426],"product_tag":[],"class_list":{"0":"post-10807","1":"product","2":"type-product","3":"status-publish","4":"has-post-thumbnail","6":"product_cat-naole","7":"product_cat-paikesekaitse","8":"product_cat-uued-tooted","9":"desktop-align-center","10":"tablet-align-left","11":"mobile-align-left","13":"first","14":"instock","15":"taxable","16":"shipping-taxable","17":"purchasable","18":"product-type-simple","19":"add-to-wishlist-before_image"},"aioseo_notices":[],"_links":{"self":[{"href":"https:\/\/kosmeetika24.eu\/et\/wp-json\/wp\/v2\/product\/10807","targetHints":{"allow":["GET"]}}],"collection":[{"href":"https:\/\/kosmeetika24.eu\/et\/wp-json\/wp\/v2\/product"}],"about":[{"href":"https:\/\/kosmeetika24.eu\/et\/wp-json\/wp\/v2\/types\/product"}],"version-history":[{"count":2,"href":"https:\/\/kosmeetika24.eu\/et\/wp-json\/wp\/v2\/product\/10807\/revisions"}],"predecessor-version":[{"id":10835,"href":"https:\/\/kosmeetika24.eu\/et\/wp-json\/wp\/v2\/product\/10807\/revisions\/10835"}],"wp:featuredmedia":[{"embeddable":true,"href":"https:\/\/kosmeetika24.eu\/et\/wp-json\/wp\/v2\/media\/10809"}],"wp:attachment":[{"href":"https:\/\/kosmeetika24.eu\/et\/wp-json\/wp\/v2\/media?parent=10807"}],"wp:term":[{"taxonomy":"product_brand","embeddable":true,"href":"https:\/\/kosmeetika24.eu\/et\/wp-json\/wp\/v2\/product_brand?post=10807"},{"taxonomy":"product_cat","embeddable":true,"href":"https:\/\/kosmeetika24.eu\/et\/wp-json\/wp\/v2\/product_cat?post=10807"},{"taxonomy":"product_tag","embeddable":true,"href":"https:\/\/kosmeetika24.eu\/et\/wp-json\/wp\/v2\/product_tag?post=10807"}],"curies":[{"name":"wp","href":"https:\/\/api.w.org\/{rel}","templated":true}]}}