{"id":10714,"date":"2025-12-22T15:44:23","date_gmt":"2025-12-22T12:44:23","guid":{"rendered":"https:\/\/kosmeetika24.eu\/?post_type=product&#038;p=10714"},"modified":"2026-03-02T12:37:45","modified_gmt":"2026-03-02T09:37:45","slug":"dalton-high-concentrates-retinol-serum-15ml","status":"publish","type":"product","link":"https:\/\/kosmeetika24.eu\/et\/toode\/dalton-high-concentrates-retinol-serum-15ml\/","title":{"rendered":"Dalton &#8211; High Concentrates &#8211; Retinol Serum 10ml"},"content":{"rendered":"<p><strong>Kasutamine:<\/strong><br \/>\nKanna \u00f5htuti puhastatud nahale 3\u20134 korda n\u00e4dalas ja seej\u00e4rel kasuta oma niisutajat. Alternatiivina v\u00f5ib 2\u20133 tilka segada otse kreemiga.<\/p>\n<p>Retinooli, retinali ja merep\u00f5hise A-vitamiini ekvivalendi (merekarulauku ekstraktist) kombinatsioon pakub nahale t\u00f5husat s\u00fcnergilist toimet. Seda seet\u00f5ttu, et me p\u00f6\u00f6rame v\u00f5rdset t\u00e4helepanu nii \u00f5rnusele kui ka maksimaalsele t\u00f5hususele. See vananemisvastane seerum on parim t\u00f5estus, et loeb mitte ainult \u00fche toimeaine k\u00f5rge retinoolisisaldus. Innovatiivne kolme erineva toimeaine kombinatsioon teeb meie toote eriliseks v\u00f5rreldes teiste retinooliseerumitega.<\/p>\n<p>Need vananemisvastased koostisosad toetavad rakkude uuenemist ja naha regeneratsiooni, v\u00e4hendades samal ajal h\u00fcperpigmentatsiooni, peeneid jooni ja kortse. Need stimuleerivad h\u00fcaluroonhappe tootmist, mis parandab naha elastsust. Samal ajal parandab retinooliseerum jume, minimeerides tumedate plekkide, aknej\u00e4lgede ja teiste v\u00e4ikeste ebatasasuste n\u00e4htavust. Proovi ise \u2013 see mitmek\u00fclgne retinooliseerum pakub t\u00f5eliselt k\u00f5ike! Sobib eriti h\u00e4sti normaalsele ja rasusele nahat\u00fc\u00fcbile.<\/p>\n<p><strong>Koostis:<br \/>\n<\/strong>Aqua\/Water, Caprylic Capric Triglyceride, Methylpropanediol, Xanthan Gum, Retinal, Retinol, Maris Aqua\/Sea Water, Crithmum Maritimum Extract, Glyceryl Oleate, Hydrogenated Vegetable Oil, Glyceryl Palmitate, Cellulose, Tocopherol, Glyceryl Stearate, Propanediol, Ethylhexylglycerin, Tetrasodium Glutamate Diacetate, Glyceryl Linoleate, Glyceryl Linolenate, Helianthus Annuus (Sunflower) Seed Oil, Cetyl Palmitate, Lactic Acid, Lauryl Glucoside, Sodium Hydroxide, Sorbitan Stearate, Hydrogenated Lecithin, Phenoxyethanol, Glycine Soja (Soybean) Oil, Citric Acid, Caprylyl Glycol, Sodium Lactate<\/p>\n","protected":false},"excerpt":{"rendered":"<p><span style=\"font-size: 16px;\">Kiiresti imenduv retinoolseerum<\/span><\/p>\n<div class=\"text-base my-auto mx-auto pb-10 [--thread-content-margin:--spacing(4)] @w-sm\/main:[--thread-content-margin:--spacing(6)] @w-lg\/main:[--thread-content-margin:--spacing(16)] px-(--thread-content-margin)\">\n<div class=\"[--thread-content-max-width:40rem] @w-lg\/main:[--thread-content-max-width:48rem] mx-auto max-w-(--thread-content-max-width) flex-1 group\/turn-messages focus-visible:outline-hidden relative flex w-full min-w-0 flex-col agent-turn\" tabindex=\"-1\">\n<div class=\"flex max-w-full flex-col grow\">\n<div class=\"min-h-8 text-message relative flex w-full flex-col items-end gap-2 text-start break-words whitespace-normal [.text-message+&amp;]:mt-1\" dir=\"auto\" data-message-author-role=\"assistant\" data-message-id=\"7ef26fcb-41d9-4505-b339-8eb192027386\" data-message-model-slug=\"gpt-5-mini\">\n<div class=\"flex w-full flex-col gap-1 empty:hidden first:pt-[1px]\">\n<div class=\"markdown prose dark:prose-invert w-full break-words light markdown-new-styling\">\n<p data-start=\"0\" data-end=\"349\" data-is-last-node=\"\" data-is-only-node=\"\">Kiirendab rakkude uuenemist ja taastumist<br data-start=\"75\" data-end=\"78\" \/>Siledad kortsud<br data-start=\"93\" data-end=\"96\" \/>Parandab naha tooni ja tekstuuri<br data-start=\"128\" data-end=\"131\" \/>V\u00e4hendab tumedaid plekke ja aknej\u00e4lgi<br data-start=\"168\" data-end=\"171\" \/>Sisaldab retinooli ja merep\u00f5hist A-vitamiini ekvivalenti<br data-start=\"227\" data-end=\"230\" \/>95% looduslikke koostisosi<br data-start=\"256\" data-end=\"259\" \/>L\u00f5hnatu, ilma v\u00e4rvainete, mikroplastiku, silikoonide, PEG-i, mineraal\u00f5li v\u00f5i parabeenideta<\/p>\n<\/div>\n<\/div>\n<\/div>\n<\/div>\n<\/div>\n<\/div>\n","protected":false},"featured_media":10717,"template":"","meta":{"om_disable_all_campaigns":false,"_monsterinsights_skip_tracking":false,"_monsterinsights_sitenote_active":false,"_monsterinsights_sitenote_note":"","_monsterinsights_sitenote_category":0,"_uf_show_specific_survey":0,"_uf_disable_surveys":false,"site-sidebar-layout":"default","site-content-layout":"","ast-site-content-layout":"default","site-content-style":"default","site-sidebar-style":"default","ast-global-header-display":"","ast-banner-title-visibility":"","ast-main-header-display":"","ast-hfb-above-header-display":"","ast-hfb-below-header-display":"","ast-hfb-mobile-header-display":"","site-post-title":"","ast-breadcrumbs-content":"","ast-featured-img":"","footer-sml-layout":"","theme-transparent-header-meta":"default","adv-header-id-meta":"","stick-header-meta":"","header-above-stick-meta":"","header-main-stick-meta":"","header-below-stick-meta":"","astra-migrate-meta-layouts":"set","ast-page-background-enabled":"default","ast-page-background-meta":{"desktop":{"background-color":"var(--ast-global-color-4)","background-image":"","background-repeat":"repeat","background-position":"center center","background-size":"auto","background-attachment":"scroll","background-type":"","background-media":"","overlay-type":"","overlay-color":"","overlay-opacity":"","overlay-gradient":""},"tablet":{"background-color":"","background-image":"","background-repeat":"repeat","background-position":"center center","background-size":"auto","background-attachment":"scroll","background-type":"","background-media":"","overlay-type":"","overlay-color":"","overlay-opacity":"","overlay-gradient":""},"mobile":{"background-color":"","background-image":"","background-repeat":"repeat","background-position":"center center","background-size":"auto","background-attachment":"scroll","background-type":"","background-media":"","overlay-type":"","overlay-color":"","overlay-opacity":"","overlay-gradient":""}},"ast-content-background-meta":{"desktop":{"background-color":"var(--ast-global-color-5)","background-image":"","background-repeat":"repeat","background-position":"center center","background-size":"auto","background-attachment":"scroll","background-type":"","background-media":"","overlay-type":"","overlay-color":"","overlay-opacity":"","overlay-gradient":""},"tablet":{"background-color":"var(--ast-global-color-5)","background-image":"","background-repeat":"repeat","background-position":"center center","background-size":"auto","background-attachment":"scroll","background-type":"","background-media":"","overlay-type":"","overlay-color":"","overlay-opacity":"","overlay-gradient":""},"mobile":{"background-color":"var(--ast-global-color-5)","background-image":"","background-repeat":"repeat","background-position":"center center","background-size":"auto","background-attachment":"scroll","background-type":"","background-media":"","overlay-type":"","overlay-color":"","overlay-opacity":"","overlay-gradient":""}}},"product_brand":[],"product_cat":[424],"product_tag":[425],"class_list":{"0":"post-10714","1":"product","2":"type-product","3":"status-publish","4":"has-post-thumbnail","6":"product_cat-mini","7":"product_tag-mini","8":"desktop-align-center","9":"tablet-align-left","10":"mobile-align-left","12":"first","13":"instock","14":"taxable","15":"shipping-taxable","16":"purchasable","17":"product-type-simple","18":"add-to-wishlist-before_image"},"aioseo_notices":[],"_links":{"self":[{"href":"https:\/\/kosmeetika24.eu\/et\/wp-json\/wp\/v2\/product\/10714","targetHints":{"allow":["GET"]}}],"collection":[{"href":"https:\/\/kosmeetika24.eu\/et\/wp-json\/wp\/v2\/product"}],"about":[{"href":"https:\/\/kosmeetika24.eu\/et\/wp-json\/wp\/v2\/types\/product"}],"version-history":[{"count":4,"href":"https:\/\/kosmeetika24.eu\/et\/wp-json\/wp\/v2\/product\/10714\/revisions"}],"predecessor-version":[{"id":10734,"href":"https:\/\/kosmeetika24.eu\/et\/wp-json\/wp\/v2\/product\/10714\/revisions\/10734"}],"wp:featuredmedia":[{"embeddable":true,"href":"https:\/\/kosmeetika24.eu\/et\/wp-json\/wp\/v2\/media\/10717"}],"wp:attachment":[{"href":"https:\/\/kosmeetika24.eu\/et\/wp-json\/wp\/v2\/media?parent=10714"}],"wp:term":[{"taxonomy":"product_brand","embeddable":true,"href":"https:\/\/kosmeetika24.eu\/et\/wp-json\/wp\/v2\/product_brand?post=10714"},{"taxonomy":"product_cat","embeddable":true,"href":"https:\/\/kosmeetika24.eu\/et\/wp-json\/wp\/v2\/product_cat?post=10714"},{"taxonomy":"product_tag","embeddable":true,"href":"https:\/\/kosmeetika24.eu\/et\/wp-json\/wp\/v2\/product_tag?post=10714"}],"curies":[{"name":"wp","href":"https:\/\/api.w.org\/{rel}","templated":true}]}}