{"id":10620,"date":"2025-11-11T11:52:26","date_gmt":"2025-11-11T08:52:26","guid":{"rendered":"https:\/\/kosmeetika24.eu\/?post_type=product&#038;p=10620"},"modified":"2026-03-26T11:43:08","modified_gmt":"2026-03-26T08:43:08","slug":"dalton-marine-selection-jouluehe-ampulli-komplekt","status":"publish","type":"product","link":"https:\/\/kosmeetika24.eu\/et\/toode\/dalton-marine-selection-jouluehe-ampulli-komplekt\/","title":{"rendered":"Dalton MARINE SELECTION J\u00f5uluehe Ampulli komplekt"},"content":{"rendered":"<p><strong>Kasutamine:<\/strong><br \/>\nEnne kasutamist loksutada. Aseta ampulli avaja ampulli kaela peale. Punkt peab olema sinu poole ja painuta ampulli avajat tagasi. Vala kontsentraat peopessa, seej\u00e4rel kanna see n\u00e4ole, kaelale ja dekolteele ning patsuta \u00f5rnalt s\u00f5rmeotstega naha sisse.<\/p>\n<p><strong>Nipp:<\/strong><br \/>\nSee piiratud koguses j\u00f5ulukomplekt ei ole mitte ainult ideaalne kingitus, vaid ka suurep\u00e4rane v\u00f5imalus proovida tooteid ise.<\/p>\n<p>Piiratud koguses j\u00f5uluehe sisaldab kuut erinevat, k\u00f5rge kontsentratsiooniga nahka hooldavat ampulli. <strong data-start=\"151\" data-end=\"173\">#stressless ampull<\/strong> rahustab stressis nahka toitvate \u00f5lidega. <strong data-start=\"216\" data-end=\"256\">Kahefaasiline #sleepingbeauty ampull<\/strong> soodustab naha uuenemist \u00f6\u00f6sel ja tugevdab nahka \u2013 kuni 4x suurema elastsuse jaoks. <strong>Toitev Kaaviar Vananemisvastane ampull<\/strong> pakub t\u00e4iuslikku oluliste toitainete segu. See suurendab ka kollageeni tootmist ja parandab naha elastsust kuni 20% vaid 20 minutiga*. <strong>Silendavad Marine Stem Cell Ampullid<\/strong> sisaldavad iga\u00fcks 2 miljonit merelist t\u00fcvirakku. Need toetavad rakkude kaitset, soodustavad rakkude uuenemist ja suurendavad kollageeni tootmist kuni 43%<strong data-start=\"722\" data-end=\"1011\">. Vananemisvastased kortsudevastased ampullid v\u00e4hendavad ilmelihaste joonte n\u00e4htavust ja annavad kiire pinguldava efekti. Silendavad vananemisvastased niisutavad ampullid h\u00fcaluroonhappe ja uureaga t\u00e4idavad nahka ja suurendavad naha niiskustaset \u2013 kuni 71% vaid 20 minutiga<\/strong>*.<\/p>\n<p data-start=\"1017\" data-end=\"1041\">See komplekt sisaldab:<\/p>\n<ul data-start=\"1043\" data-end=\"1430\" data-is-last-node=\"\" data-is-only-node=\"\">\n<li data-start=\"1043\" data-end=\"1090\">\n<p data-start=\"1045\" data-end=\"1090\"><strong data-start=\"1045\" data-end=\"1082\">ALGAE SKINFOOD #stressless ampull<\/strong>, 2 ml<\/p>\n<\/li>\n<li data-start=\"1091\" data-end=\"1142\">\n<p data-start=\"1093\" data-end=\"1142\"><strong data-start=\"1093\" data-end=\"1134\">ALGAE SKINFOOD #sleepingbeauty ampull<\/strong>, 2 ml<\/p>\n<\/li>\n<li data-start=\"1143\" data-end=\"1201\">\n<p data-start=\"1145\" data-end=\"1201\"><strong data-start=\"1145\" data-end=\"1193\">CAVIAR DELUXE Caviar Anti-Aging ampull<\/strong>, 2 ml<\/p>\n<\/li>\n<li data-start=\"1202\" data-end=\"1246\">\n<p data-start=\"1204\" data-end=\"1246\"><strong data-start=\"1204\" data-end=\"1238\">S.E.A. Marine Stem Cell Ampull<\/strong>, 2 ml<\/p>\n<\/li>\n<li data-start=\"1247\" data-end=\"1313\">\n<p data-start=\"1249\" data-end=\"1313\"><strong data-start=\"1249\" data-end=\"1305\">EXTREME LIFT Vananemisvastane kortsudevastane ampull<\/strong>, 2 ml<\/p>\n<\/li>\n<li data-start=\"1314\" data-end=\"1376\">\n<p data-start=\"1316\" data-end=\"1376\"><strong data-start=\"1316\" data-end=\"1368\">HYALURONIC UREA Vananemisvastane niisutav ampull<\/strong>, 2 ml<\/p>\n<\/li>\n<li data-start=\"1377\" data-end=\"1394\">\n<p data-start=\"1379\" data-end=\"1394\">Ampulli avaja<\/p>\n<\/li>\n<li data-start=\"1395\" data-end=\"1430\" data-is-last-node=\"\">\n<p data-start=\"1397\" data-end=\"1430\" data-is-last-node=\"\">Piiratud koguses DALTONi j\u00f5uluehe<\/p>\n<\/li>\n<\/ul>\n","protected":false},"excerpt":{"rendered":"<p data-start=\"46\" data-end=\"165\"><strong data-start=\"91\" data-end=\"109\">P\u00fchademeeleolu<\/strong><br data-start=\"109\" data-end=\"112\" \/><strong data-start=\"112\" data-end=\"163\">6 ampulli komplekt piiratud koguses j\u00f5uluehtega<\/strong><\/p>\n<p data-start=\"167\" data-end=\"187\"><strong data-start=\"167\" data-end=\"185\">Toote eelised:<\/strong><\/p>\n<ul data-start=\"189\" data-end=\"407\">\n<li data-start=\"189\" data-end=\"210\">\n<p data-start=\"191\" data-end=\"210\">Toitev ja taastav<\/p>\n<\/li>\n<li data-start=\"211\" data-end=\"244\">\n<p data-start=\"213\" data-end=\"244\">Soodustab kollageeni tootmist<\/p>\n<\/li>\n<li data-start=\"245\" data-end=\"276\">\n<p data-start=\"247\" data-end=\"276\">Soodustab rakkude uuenemist<\/p>\n<\/li>\n<li data-start=\"277\" data-end=\"311\">\n<p data-start=\"279\" data-end=\"311\">Nahka t\u00e4idav ja niisutav toime<\/p>\n<\/li>\n<li data-start=\"312\" data-end=\"331\">\n<p data-start=\"314\" data-end=\"331\">Pinguldav efekt<\/p>\n<\/li>\n<li data-start=\"332\" data-end=\"358\">\n<p data-start=\"334\" data-end=\"358\">Rangelt piiratud kogus<\/p>\n<\/li>\n<li data-start=\"359\" data-end=\"407\">\n<p data-start=\"361\" data-end=\"407\">Pakendatud eksklusiivsesse DALTONi j\u00f5uluehte<\/p>\n<\/li>\n<\/ul>\n","protected":false},"featured_media":10625,"template":"","meta":{"om_disable_all_campaigns":false,"_monsterinsights_skip_tracking":false,"_monsterinsights_sitenote_active":false,"_monsterinsights_sitenote_note":"","_monsterinsights_sitenote_category":0,"_uf_show_specific_survey":0,"_uf_disable_surveys":false,"site-sidebar-layout":"default","site-content-layout":"","ast-site-content-layout":"default","site-content-style":"default","site-sidebar-style":"default","ast-global-header-display":"","ast-banner-title-visibility":"","ast-main-header-display":"","ast-hfb-above-header-display":"","ast-hfb-below-header-display":"","ast-hfb-mobile-header-display":"","site-post-title":"","ast-breadcrumbs-content":"","ast-featured-img":"","footer-sml-layout":"","theme-transparent-header-meta":"default","adv-header-id-meta":"","stick-header-meta":"","header-above-stick-meta":"","header-main-stick-meta":"","header-below-stick-meta":"","astra-migrate-meta-layouts":"set","ast-page-background-enabled":"default","ast-page-background-meta":{"desktop":{"background-color":"var(--ast-global-color-4)","background-image":"","background-repeat":"repeat","background-position":"center center","background-size":"auto","background-attachment":"scroll","background-type":"","background-media":"","overlay-type":"","overlay-color":"","overlay-opacity":"","overlay-gradient":""},"tablet":{"background-color":"","background-image":"","background-repeat":"repeat","background-position":"center center","background-size":"auto","background-attachment":"scroll","background-type":"","background-media":"","overlay-type":"","overlay-color":"","overlay-opacity":"","overlay-gradient":""},"mobile":{"background-color":"","background-image":"","background-repeat":"repeat","background-position":"center center","background-size":"auto","background-attachment":"scroll","background-type":"","background-media":"","overlay-type":"","overlay-color":"","overlay-opacity":"","overlay-gradient":""}},"ast-content-background-meta":{"desktop":{"background-color":"var(--ast-global-color-5)","background-image":"","background-repeat":"repeat","background-position":"center center","background-size":"auto","background-attachment":"scroll","background-type":"","background-media":"","overlay-type":"","overlay-color":"","overlay-opacity":"","overlay-gradient":""},"tablet":{"background-color":"var(--ast-global-color-5)","background-image":"","background-repeat":"repeat","background-position":"center center","background-size":"auto","background-attachment":"scroll","background-type":"","background-media":"","overlay-type":"","overlay-color":"","overlay-opacity":"","overlay-gradient":""},"mobile":{"background-color":"var(--ast-global-color-5)","background-image":"","background-repeat":"repeat","background-position":"center center","background-size":"auto","background-attachment":"scroll","background-type":"","background-media":"","overlay-type":"","overlay-color":"","overlay-opacity":"","overlay-gradient":""}}},"product_brand":[],"product_cat":[431,417,125,122,426,121,85],"product_tag":[],"class_list":{"0":"post-10620","1":"product","2":"type-product","3":"status-publish","4":"has-post-thumbnail","6":"product_cat-buduaari-ilulemmik","7":"product_cat-kinkekomplekt","8":"product_cat-kontsentraadid-seerumid-profitooted","9":"product_cat-seerumid-profitooted","10":"product_cat-uued-tooted","11":"product_cat-vananemisilmingutega-nahale-profitooted","12":"product_cat-vananemisilmingutega-nahale","13":"desktop-align-center","14":"tablet-align-left","15":"mobile-align-left","17":"first","18":"instock","19":"taxable","20":"shipping-taxable","21":"purchasable","22":"product-type-simple","23":"add-to-wishlist-before_image"},"aioseo_notices":[],"_links":{"self":[{"href":"https:\/\/kosmeetika24.eu\/et\/wp-json\/wp\/v2\/product\/10620","targetHints":{"allow":["GET"]}}],"collection":[{"href":"https:\/\/kosmeetika24.eu\/et\/wp-json\/wp\/v2\/product"}],"about":[{"href":"https:\/\/kosmeetika24.eu\/et\/wp-json\/wp\/v2\/types\/product"}],"version-history":[{"count":6,"href":"https:\/\/kosmeetika24.eu\/et\/wp-json\/wp\/v2\/product\/10620\/revisions"}],"predecessor-version":[{"id":10698,"href":"https:\/\/kosmeetika24.eu\/et\/wp-json\/wp\/v2\/product\/10620\/revisions\/10698"}],"wp:featuredmedia":[{"embeddable":true,"href":"https:\/\/kosmeetika24.eu\/et\/wp-json\/wp\/v2\/media\/10625"}],"wp:attachment":[{"href":"https:\/\/kosmeetika24.eu\/et\/wp-json\/wp\/v2\/media?parent=10620"}],"wp:term":[{"taxonomy":"product_brand","embeddable":true,"href":"https:\/\/kosmeetika24.eu\/et\/wp-json\/wp\/v2\/product_brand?post=10620"},{"taxonomy":"product_cat","embeddable":true,"href":"https:\/\/kosmeetika24.eu\/et\/wp-json\/wp\/v2\/product_cat?post=10620"},{"taxonomy":"product_tag","embeddable":true,"href":"https:\/\/kosmeetika24.eu\/et\/wp-json\/wp\/v2\/product_tag?post=10620"}],"curies":[{"name":"wp","href":"https:\/\/api.w.org\/{rel}","templated":true}]}}