{"id":10613,"date":"2025-11-11T11:44:03","date_gmt":"2025-11-11T08:44:03","guid":{"rendered":"https:\/\/kosmeetika24.eu\/?post_type=product&#038;p=10613"},"modified":"2026-03-26T11:43:08","modified_gmt":"2026-03-26T08:43:08","slug":"dalton-marine-selection-jouluehe-vananemisvastane-komplekt","status":"publish","type":"product","link":"https:\/\/kosmeetika24.eu\/et\/toode\/dalton-marine-selection-jouluehe-vananemisvastane-komplekt\/","title":{"rendered":"Dalton MARINE SELECTION J\u00f5uluehe Vananemisvastane komplekt"},"content":{"rendered":"<p data-start=\"348\" data-end=\"630\"><strong data-start=\"348\" data-end=\"363\">Kasutamine:<\/strong><br data-start=\"363\" data-end=\"366\" \/>Enne kasutamist loksutada. Aseta ampulli avaja ampulli kaela peale. T\u00e4histaotluspunkt peab olema sinu poole ja painuta ampulli avajat tagasi. Vala kontsentraat peopessa, seej\u00e4rel kanna see n\u00e4ole, kaelale ja dekolteele ning patsuta \u00f5rnalt s\u00f5rmeotstega naha sisse.<\/p>\n<p data-start=\"632\" data-end=\"768\" data-is-last-node=\"\" data-is-only-node=\"\"><strong data-start=\"632\" data-end=\"641\">Nipp:<\/strong><br data-start=\"641\" data-end=\"644\" \/>See piiratud koguses j\u00f5ulukomplekt ei ole mitte ainult ideaalne kingitus, vaid ka suurep\u00e4rane v\u00f5imalus proovida tooteid ise.<\/p>\n<p data-start=\"46\" data-end=\"628\">Piiratud koguses j\u00f5uluehe sisaldab kuut k\u00f5rge kontsentratsiooniga vananemisvastast ampulli. V<strong data-start=\"143\" data-end=\"189\">ananemisvastastel niisutavatel ampullidel<\/strong> h\u00fcaluroonhappe ja uureaga on nahka t\u00e4idav efekt ning need suurendavad naha niiskustaset \u2013 kuni 71% vaid 20 minutiga*. V<strong data-start=\"313\" data-end=\"360\">ananemisvastased kortsudevastased ampullid<\/strong> v\u00e4hendavad ilmelihaste joonte n\u00e4htavust ja annavad kohese pinguldava efekti. <strong data-start=\"438\" data-end=\"469\">Silendavad t\u00fcvirakuampullid<\/strong> sisaldavad iga\u00fcks 2 miljonit merelist t\u00fcvirakku. Need toetavad rakkude kaitset, soodustavad rakkude uuenemist ja suurendavad kollageeni tootmist kuni 43%**.<\/p>\n<p data-start=\"630\" data-end=\"654\">See komplekt sisaldab:<\/p>\n<ul data-start=\"656\" data-end=\"901\" data-is-last-node=\"\" data-is-only-node=\"\">\n<li data-start=\"656\" data-end=\"704\">\n<p data-start=\"658\" data-end=\"704\"><strong data-start=\"658\" data-end=\"694\">S.E.A. Marine Stem Cell Ampullid<\/strong>, 2&#215;2 ml<\/p>\n<\/li>\n<li data-start=\"705\" data-end=\"777\">\n<p data-start=\"707\" data-end=\"777\"><strong data-start=\"707\" data-end=\"767\">EXTREME LIFT Vananemisvastased kortsudevastased ampullid<\/strong>, 2&#215;2 ml<\/p>\n<\/li>\n<li data-start=\"778\" data-end=\"847\">\n<p data-start=\"780\" data-end=\"847\"><strong data-start=\"780\" data-end=\"837\">HYALURONIC UREA Vananemisvastased niisutavad ampullid<\/strong>, 2&#215;2 ml<\/p>\n<\/li>\n<li data-start=\"848\" data-end=\"865\">\n<p data-start=\"850\" data-end=\"865\">Ampulli avaja<\/p>\n<\/li>\n<li data-start=\"866\" data-end=\"901\" data-is-last-node=\"\">\n<p data-start=\"868\" data-end=\"901\" data-is-last-node=\"\">Piiratud koguses DALTONi j\u00f5uluehe<\/p>\n<\/li>\n<\/ul>\n","protected":false},"excerpt":{"rendered":"<p data-start=\"46\" data-end=\"129\"><strong data-start=\"46\" data-end=\"64\">P\u00fchademeeleolu<\/strong><br data-start=\"64\" data-end=\"67\" \/><strong data-start=\"67\" data-end=\"127\">3&#215;2 Vananemisvastast ampulli piiratud koguses komplektis<\/strong><\/p>\n<p data-start=\"131\" data-end=\"151\"><strong data-start=\"131\" data-end=\"149\">Toote eelised:<\/strong><\/p>\n<ul data-start=\"153\" data-end=\"346\">\n<li data-start=\"153\" data-end=\"183\">\n<p data-start=\"155\" data-end=\"183\">Vananemisvastased ampullid<\/p>\n<\/li>\n<li data-start=\"184\" data-end=\"218\">\n<p data-start=\"186\" data-end=\"218\">Nahka t\u00e4idav ja niisutav toime<\/p>\n<\/li>\n<li data-start=\"219\" data-end=\"238\">\n<p data-start=\"221\" data-end=\"238\">Pinguldav efekt<\/p>\n<\/li>\n<li data-start=\"239\" data-end=\"270\">\n<p data-start=\"241\" data-end=\"270\">Soodustab rakkude uuenemist<\/p>\n<\/li>\n<li data-start=\"271\" data-end=\"297\">\n<p data-start=\"273\" data-end=\"297\">Rangelt piiratud kogus<\/p>\n<\/li>\n<li data-start=\"298\" data-end=\"346\">\n<p data-start=\"300\" data-end=\"346\">Pakendatud eksklusiivsesse DALTONi j\u00f5uluehte<\/p>\n<\/li>\n<\/ul>\n","protected":false},"featured_media":10618,"template":"","meta":{"om_disable_all_campaigns":false,"_monsterinsights_skip_tracking":false,"_monsterinsights_sitenote_active":false,"_monsterinsights_sitenote_note":"","_monsterinsights_sitenote_category":0,"_uf_show_specific_survey":0,"_uf_disable_surveys":false,"site-sidebar-layout":"default","site-content-layout":"","ast-site-content-layout":"default","site-content-style":"default","site-sidebar-style":"default","ast-global-header-display":"","ast-banner-title-visibility":"","ast-main-header-display":"","ast-hfb-above-header-display":"","ast-hfb-below-header-display":"","ast-hfb-mobile-header-display":"","site-post-title":"","ast-breadcrumbs-content":"","ast-featured-img":"","footer-sml-layout":"","theme-transparent-header-meta":"default","adv-header-id-meta":"","stick-header-meta":"","header-above-stick-meta":"","header-main-stick-meta":"","header-below-stick-meta":"","astra-migrate-meta-layouts":"set","ast-page-background-enabled":"default","ast-page-background-meta":{"desktop":{"background-color":"var(--ast-global-color-4)","background-image":"","background-repeat":"repeat","background-position":"center center","background-size":"auto","background-attachment":"scroll","background-type":"","background-media":"","overlay-type":"","overlay-color":"","overlay-opacity":"","overlay-gradient":""},"tablet":{"background-color":"","background-image":"","background-repeat":"repeat","background-position":"center center","background-size":"auto","background-attachment":"scroll","background-type":"","background-media":"","overlay-type":"","overlay-color":"","overlay-opacity":"","overlay-gradient":""},"mobile":{"background-color":"","background-image":"","background-repeat":"repeat","background-position":"center center","background-size":"auto","background-attachment":"scroll","background-type":"","background-media":"","overlay-type":"","overlay-color":"","overlay-opacity":"","overlay-gradient":""}},"ast-content-background-meta":{"desktop":{"background-color":"var(--ast-global-color-5)","background-image":"","background-repeat":"repeat","background-position":"center center","background-size":"auto","background-attachment":"scroll","background-type":"","background-media":"","overlay-type":"","overlay-color":"","overlay-opacity":"","overlay-gradient":""},"tablet":{"background-color":"var(--ast-global-color-5)","background-image":"","background-repeat":"repeat","background-position":"center center","background-size":"auto","background-attachment":"scroll","background-type":"","background-media":"","overlay-type":"","overlay-color":"","overlay-opacity":"","overlay-gradient":""},"mobile":{"background-color":"var(--ast-global-color-5)","background-image":"","background-repeat":"repeat","background-position":"center center","background-size":"auto","background-attachment":"scroll","background-type":"","background-media":"","overlay-type":"","overlay-color":"","overlay-opacity":"","overlay-gradient":""}}},"product_brand":[],"product_cat":[431,417,125,122,426,85,121],"product_tag":[],"class_list":{"0":"post-10613","1":"product","2":"type-product","3":"status-publish","4":"has-post-thumbnail","6":"product_cat-buduaari-ilulemmik","7":"product_cat-kinkekomplekt","8":"product_cat-kontsentraadid-seerumid-profitooted","9":"product_cat-seerumid-profitooted","10":"product_cat-uued-tooted","11":"product_cat-vananemisilmingutega-nahale","12":"product_cat-vananemisilmingutega-nahale-profitooted","13":"desktop-align-center","14":"tablet-align-left","15":"mobile-align-left","17":"first","18":"instock","19":"taxable","20":"shipping-taxable","21":"purchasable","22":"product-type-simple","23":"add-to-wishlist-before_image"},"aioseo_notices":[],"_links":{"self":[{"href":"https:\/\/kosmeetika24.eu\/et\/wp-json\/wp\/v2\/product\/10613","targetHints":{"allow":["GET"]}}],"collection":[{"href":"https:\/\/kosmeetika24.eu\/et\/wp-json\/wp\/v2\/product"}],"about":[{"href":"https:\/\/kosmeetika24.eu\/et\/wp-json\/wp\/v2\/types\/product"}],"version-history":[{"count":3,"href":"https:\/\/kosmeetika24.eu\/et\/wp-json\/wp\/v2\/product\/10613\/revisions"}],"predecessor-version":[{"id":10695,"href":"https:\/\/kosmeetika24.eu\/et\/wp-json\/wp\/v2\/product\/10613\/revisions\/10695"}],"wp:featuredmedia":[{"embeddable":true,"href":"https:\/\/kosmeetika24.eu\/et\/wp-json\/wp\/v2\/media\/10618"}],"wp:attachment":[{"href":"https:\/\/kosmeetika24.eu\/et\/wp-json\/wp\/v2\/media?parent=10613"}],"wp:term":[{"taxonomy":"product_brand","embeddable":true,"href":"https:\/\/kosmeetika24.eu\/et\/wp-json\/wp\/v2\/product_brand?post=10613"},{"taxonomy":"product_cat","embeddable":true,"href":"https:\/\/kosmeetika24.eu\/et\/wp-json\/wp\/v2\/product_cat?post=10613"},{"taxonomy":"product_tag","embeddable":true,"href":"https:\/\/kosmeetika24.eu\/et\/wp-json\/wp\/v2\/product_tag?post=10613"}],"curies":[{"name":"wp","href":"https:\/\/api.w.org\/{rel}","templated":true}]}}