{"id":10557,"date":"2025-10-10T13:03:51","date_gmt":"2025-10-10T10:03:51","guid":{"rendered":"https:\/\/kosmeetika24.eu\/?post_type=product&#038;p=10557"},"modified":"2025-10-14T14:45:55","modified_gmt":"2025-10-14T11:45:55","slug":"mesotech-global-meso-wolluma-eksosoomide-ja-peptiidide-regeneratiivne-joud","status":"publish","type":"product","link":"https:\/\/kosmeetika24.eu\/et\/toode\/mesotech-global-meso-wolluma-eksosoomide-ja-peptiidide-regeneratiivne-joud\/","title":{"rendered":"Mesotech Global Meso Wolluma &#8211;  Eksosoomide ja peptiidide regeneratiivne j\u00f5ud"},"content":{"rendered":"<div class=\"col-12 text-justify mb-4\">\n<p>Global Meso Wolluma on t\u00e4iustatud kosmeetiline hooldus, mis kasutab s\u00fcnergiliselt \u00e4ra bioautentsete eksosoomide taastavat efektiivsust ja peptiidide sihip\u00e4rast toimet, et pakkuda n\u00e4htavaid ja kauakestvaid tulemusi vananemism\u00e4rkidega v\u00f5itlemisel.<\/p>\n<p>Eksosoomid, selle suurep\u00e4rase koostise peategelased, on looduslikud rakuv\u00e4lised mikrovesiikulid, mida rakud vabastavad, et soodustada rakkudevahelist suhtlust ja uuenemist. Eelk\u00f5ige tugevdab uuendusliku toimeaine AC ExoVitalize olemasolu \u2013 mis p\u00f5hineb Citrus paradisi (greib) ja Citrullus lanatus (arbuus) ekstraktidel \u2013 gl\u00fckol\u00fc\u00fcsi naha fibroblastides, stimuleerides naha eluj\u00f5udu ning edendades tervemat, toonuses ja s\u00e4ravamat v\u00e4limust.<\/p>\n<p>T\u00e4nu oma erakordsele v\u00f5imele toimeaineid s\u00fcgavuti edasi anda, parandavad eksosoomid oluliselt funktsionaalsete koostisosade biosaadavust ja efektiivsust, optimeerides naha paranemis- ja taastumismehhanisme.<\/p>\n<p><strong>TOIME<\/strong><\/p>\n<ul>\n<li>antioks\u00fcdantse ja radikaalidevastase toimega E-vitamiin, kaitseb nahka oks\u00fcdatiivse stressi eest;<\/li>\n<li>Biomimeetiline tripeptiid imiteerib r\u00e4stiku seerumi toimet, millel on lihasrelaksantne funktsioon, mis on v\u00f5imeline n\u00e4htavalt v\u00e4hendama miimikakortse.<\/li>\n<\/ul>\n<h4 class=\"colore_principale\"><strong>PEAMISED TOIMEAINED<\/strong><\/h4>\n<p><strong>AC ExoVitalize<\/strong><br \/>\nAC ExoVitalize gl\u00fckol\u00fc\u00fcsi stimuleerimiseks naha fibroblastides. AC ExoVitalize&#8217;i peamisi toimeaineid, Citrus paradisi (greibi) puuviljaekstrakti ja Citrullus lanatus (arbuusi) puuviljaekstrakti testiti, et n\u00e4idata BioAuthentic Exosomes kui manustamiss\u00fcsteemi paremat olemust.<\/p>\n<p><strong>AC ExoRestore<\/strong><br \/>\nAC Exo Restore aitab toota teatud antimikroobseid aminopeptiide, mis on kasulikud naha immuunvastusele, aidates k\u00f5rvaldada patogeene ja soodustada haavade paranemist. Tavalised nahahaigused tekivad naha mikrobioomi tasakaalustamatusest. AC ExoRestore kavatseb parandada m\u00f5ru meloni ekstrakti kohaletoimetamist, kasutades \u00e4ra prebiootikumide looduslikku sisaldust eksosomaalses manustamiss\u00fcsteemis, et pakkuda kasu meie naha tasakaalu taastamisel ja haavade paranemise protsessi soodustamisel.<br \/>\nSee k\u00e4ivitab kollageeni s\u00fcnteesi naha fibroblastis. AC ExoRestore&#8217;i peamist toimeainet, Momordica charantia (m\u00f5ru meloni) puuviljaekstrakti, testiti, et n\u00e4idata BioAuthentic Exosomes&#8217;i kui manustamiss\u00fcsteemi paremat olemust.<\/p>\n<p><strong>Syn-Ake<\/strong><br \/>\nS\u00fcnteetiline peptiid ennetab ja v\u00e4hendab kortsude teket kiire ja pikaajalise botoxilaadse toime kaudu.<\/p>\n<p><strong>E- ja C-vitamiin<\/strong><br \/>\nT\u00e4nu radikaalsele puhastavale tegevusele kaitsevad nad nahka v\u00e4listegurite eest (saaste, UV-A, UV-B), mis v\u00f5ivad olla nahale ohtlikud ja p\u00f5hjustada enneaegset vananemist.<\/p>\n<p><strong>A-vitamiin<\/strong><br \/>\nRetinool hoiab naha puutumatuna ja parandab kahjustatud rakke. A-vitamiin on tegelikult v\u00e4ga kasulik l\u00f5henenud, punetava ja \u00e4rritunud naha korral. See t\u00e4idab ka rasu reguleerivat toimet, mis tasakaalustab naha rasu tootmist.<\/p>\n<\/div>\n","protected":false},"excerpt":{"rendered":"<p>Bioautentsed eksoomid: naha taastamise tulevik naise igap\u00e4evases rutiinis<\/p>\n<p>Wolluma on pakutud mitte-invasiivse alternatiivina traditsioonilisele mesoteraapiale, mis sobib ideaalselt neile, kes soovivad siledamat, l\u00f5dvestunumat ja eluj\u00f5ulisemat nahka t\u00e4nu eksosoomide arukale ja sihip\u00e4rasele toimele &#8211; regeneratiivse kosmeetika uue suuna t\u00f5elisele peategelasele.<\/p>\n<p>&nbsp;<\/p>\n","protected":false},"featured_media":10561,"template":"","meta":{"om_disable_all_campaigns":false,"_monsterinsights_skip_tracking":false,"_monsterinsights_sitenote_active":false,"_monsterinsights_sitenote_note":"","_monsterinsights_sitenote_category":0,"_uf_show_specific_survey":0,"_uf_disable_surveys":false,"site-sidebar-layout":"default","site-content-layout":"","ast-site-content-layout":"default","site-content-style":"default","site-sidebar-style":"default","ast-global-header-display":"","ast-banner-title-visibility":"","ast-main-header-display":"","ast-hfb-above-header-display":"","ast-hfb-below-header-display":"","ast-hfb-mobile-header-display":"","site-post-title":"","ast-breadcrumbs-content":"","ast-featured-img":"","footer-sml-layout":"","theme-transparent-header-meta":"default","adv-header-id-meta":"","stick-header-meta":"","header-above-stick-meta":"","header-main-stick-meta":"","header-below-stick-meta":"","astra-migrate-meta-layouts":"set","ast-page-background-enabled":"default","ast-page-background-meta":{"desktop":{"background-color":"var(--ast-global-color-4)","background-image":"","background-repeat":"repeat","background-position":"center center","background-size":"auto","background-attachment":"scroll","background-type":"","background-media":"","overlay-type":"","overlay-color":"","overlay-opacity":"","overlay-gradient":""},"tablet":{"background-color":"","background-image":"","background-repeat":"repeat","background-position":"center center","background-size":"auto","background-attachment":"scroll","background-type":"","background-media":"","overlay-type":"","overlay-color":"","overlay-opacity":"","overlay-gradient":""},"mobile":{"background-color":"","background-image":"","background-repeat":"repeat","background-position":"center center","background-size":"auto","background-attachment":"scroll","background-type":"","background-media":"","overlay-type":"","overlay-color":"","overlay-opacity":"","overlay-gradient":""}},"ast-content-background-meta":{"desktop":{"background-color":"var(--ast-global-color-5)","background-image":"","background-repeat":"repeat","background-position":"center center","background-size":"auto","background-attachment":"scroll","background-type":"","background-media":"","overlay-type":"","overlay-color":"","overlay-opacity":"","overlay-gradient":""},"tablet":{"background-color":"var(--ast-global-color-5)","background-image":"","background-repeat":"repeat","background-position":"center center","background-size":"auto","background-attachment":"scroll","background-type":"","background-media":"","overlay-type":"","overlay-color":"","overlay-opacity":"","overlay-gradient":""},"mobile":{"background-color":"var(--ast-global-color-5)","background-image":"","background-repeat":"repeat","background-position":"center center","background-size":"auto","background-attachment":"scroll","background-type":"","background-media":"","overlay-type":"","overlay-color":"","overlay-opacity":"","overlay-gradient":""}}},"product_brand":[],"product_cat":[77,426],"product_tag":[],"class_list":{"0":"post-10557","1":"product","2":"type-product","3":"status-publish","4":"has-post-thumbnail","6":"product_cat-seerumid","7":"product_cat-uued-tooted","8":"desktop-align-center","9":"tablet-align-left","10":"mobile-align-left","12":"first","13":"instock","14":"taxable","15":"shipping-taxable","16":"purchasable","17":"product-type-simple","18":"add-to-wishlist-before_image"},"aioseo_notices":[],"_links":{"self":[{"href":"https:\/\/kosmeetika24.eu\/et\/wp-json\/wp\/v2\/product\/10557","targetHints":{"allow":["GET"]}}],"collection":[{"href":"https:\/\/kosmeetika24.eu\/et\/wp-json\/wp\/v2\/product"}],"about":[{"href":"https:\/\/kosmeetika24.eu\/et\/wp-json\/wp\/v2\/types\/product"}],"version-history":[{"count":3,"href":"https:\/\/kosmeetika24.eu\/et\/wp-json\/wp\/v2\/product\/10557\/revisions"}],"predecessor-version":[{"id":10559,"href":"https:\/\/kosmeetika24.eu\/et\/wp-json\/wp\/v2\/product\/10557\/revisions\/10559"}],"wp:featuredmedia":[{"embeddable":true,"href":"https:\/\/kosmeetika24.eu\/et\/wp-json\/wp\/v2\/media\/10561"}],"wp:attachment":[{"href":"https:\/\/kosmeetika24.eu\/et\/wp-json\/wp\/v2\/media?parent=10557"}],"wp:term":[{"taxonomy":"product_brand","embeddable":true,"href":"https:\/\/kosmeetika24.eu\/et\/wp-json\/wp\/v2\/product_brand?post=10557"},{"taxonomy":"product_cat","embeddable":true,"href":"https:\/\/kosmeetika24.eu\/et\/wp-json\/wp\/v2\/product_cat?post=10557"},{"taxonomy":"product_tag","embeddable":true,"href":"https:\/\/kosmeetika24.eu\/et\/wp-json\/wp\/v2\/product_tag?post=10557"}],"curies":[{"name":"wp","href":"https:\/\/api.w.org\/{rel}","templated":true}]}}