{"id":10144,"date":"2025-04-11T16:28:43","date_gmt":"2025-04-11T13:28:43","guid":{"rendered":"https:\/\/kosmeetika24.eu\/?post_type=product&#038;p=10144"},"modified":"2025-09-30T15:08:37","modified_gmt":"2025-09-30T12:08:37","slug":"dalton-ocean-elements-hydro-alga-moisturizer","status":"publish","type":"product","link":"https:\/\/kosmeetika24.eu\/et\/toode\/dalton-ocean-elements-hydro-alga-moisturizer\/","title":{"rendered":"Dalton &#8211; Ocean Elements &#8211; Hydro Alga Moisturizer"},"content":{"rendered":"<p>Daltoni vegan-n\u00e4okreem on t\u00f5estatud, et suurendab niisutust 46%! Spirulina pakub antioks\u00fcdantset kasu ja plankton kaitseb nahka kahjuliku sinise valguse eest. Need kaks koos on v\u00f5itmatu duo, et ennetada oks\u00fcdatiivset stressi ja enneaegset vananemist. Meremineraalid varustavad nahka oluliste toitainetega, suurendavad toimeainete imendumist ja tagavad k\u00f5rge taluvuse. Aloe vera, h\u00fcaluroonhape ja gl\u00fctseriin annavad nahale intensiivset niisutust ja taastavad naha loomuliku niiskustaseme, samas kui pantenool rahustab nahka. N\u00e4okreem imendub kiiresti ja annab koheselt v\u00e4rskema jume. Ideaalne normaalsetele ja kuivadele nahat\u00fc\u00fcpidele.<strong data-start=\"596\" data-end=\"611\"><br \/>\nKasutamine:<\/strong><br data-start=\"611\" data-end=\"614\" \/>Kanna niisutav kreem n\u00e4ole, kaelale ja dekolteele hommikul ja \u00f5htul ning masseeri \u00f5rnalt nahka.<\/p>\n<p><strong>KOOSTIS:<br \/>\n<\/strong>Aqua\/Water, Dicaprylyl Ether, Cetearyl Alcohol, Dicaprylyl Carbonate, Propylheptyl Caprylate, Glyceryl Stearate Citrate, Prunus Amygdalus Dulcis (Sweet Almond) Oil, Glycerin, Aloe Barbadensis Leaf Juice, Simmondsia Chinensis (Jojoba) Seed Oil, Sucrose Stearate, Vitis Vinfera (Grape) Seed Oil, Maris Aqua\/Sea Water, Plankton Extract, Spirulina Maxima Extract, Tocopherol, Prunus Persica (Peach) Kernel Oil, Helianthus Annuus (Sunflower) Seed Oil, Sodium Hyaluronate, Panthenol, Propylene Glycol, Xylitylgucoside, Distarch Phosphate, Xanthan Gum, Anhydroxylitol, Xylitol, Glyceryl Caprylate, Ethylhexylglycerin, Tetrasodium Glutamate Diacetate, Glucose, Citric Acid, Sodium Hydroxide, Biosaccharide Gum-1, Phenoxyethanol, Potassium Sorbate, Sodium Benzoate, Parfum\/Fragrance<\/p>\n<p><span style=\"font-size: xx-small;\">465,33\u20ac\/l<\/span><\/p>\n","protected":false},"excerpt":{"rendered":"<p class=\"\" data-start=\"34\" data-end=\"98\">Antioks\u00fcdantne n\u00e4okreem enneaegse vananemise ennetamiseks<\/p>\n<p data-start=\"34\" data-end=\"98\">75 ml<\/p>\n<p class=\"\" data-start=\"100\" data-end=\"120\"><strong data-start=\"100\" data-end=\"118\">Toote eelised:<\/strong><\/p>\n<ul data-start=\"121\" data-end=\"594\">\n<li class=\"\" data-start=\"121\" data-end=\"160\">\n<p class=\"\" data-start=\"123\" data-end=\"160\">Paindlik, kiiresti imenduv n\u00e4okreem<\/p>\n<\/li>\n<li class=\"\" data-start=\"161\" data-end=\"200\">\n<p class=\"\" data-start=\"163\" data-end=\"200\">Suurendab niiskuse taset 46%* v\u00f5rra<\/p>\n<\/li>\n<li class=\"\" data-start=\"201\" data-end=\"229\">\n<p class=\"\" data-start=\"203\" data-end=\"229\">Aeglustab vananemisn\u00e4hte<\/p>\n<\/li>\n<li class=\"\" data-start=\"230\" data-end=\"266\">\n<p class=\"\" data-start=\"232\" data-end=\"266\">Sisaldab spirulina ja aloe verat<\/p>\n<\/li>\n<li class=\"\" data-start=\"267\" data-end=\"335\">\n<p class=\"\" data-start=\"269\" data-end=\"335\">Annab normaalsetele ja kuivadele nahat\u00fc\u00fcpidele s\u00fcgavat niisutust<\/p>\n<\/li>\n<li class=\"\" data-start=\"336\" data-end=\"366\">\n<p class=\"\" data-start=\"338\" data-end=\"366\">Kaitse sinise valguse eest<\/p>\n<\/li>\n<li class=\"\" data-start=\"367\" data-end=\"398\">\n<p class=\"\" data-start=\"369\" data-end=\"398\">93% looduslikud koostisosad<\/p>\n<\/li>\n<li class=\"\" data-start=\"399\" data-end=\"512\">\n<p class=\"\" data-start=\"401\" data-end=\"512\">Ei sisalda allergeenseid l\u00f5hnaaineid, v\u00e4rvaineid, mikroplasti, mineraal\u00f5lisid, parabeene, PEG-i ega silikoone<\/p>\n<\/li>\n<\/ul>\n","protected":false},"featured_media":10151,"template":"","meta":{"om_disable_all_campaigns":false,"_monsterinsights_skip_tracking":false,"_monsterinsights_sitenote_active":false,"_monsterinsights_sitenote_note":"","_monsterinsights_sitenote_category":0,"_uf_show_specific_survey":0,"_uf_disable_surveys":false,"site-sidebar-layout":"default","site-content-layout":"","ast-site-content-layout":"default","site-content-style":"default","site-sidebar-style":"default","ast-global-header-display":"","ast-banner-title-visibility":"","ast-main-header-display":"","ast-hfb-above-header-display":"","ast-hfb-below-header-display":"","ast-hfb-mobile-header-display":"","site-post-title":"","ast-breadcrumbs-content":"","ast-featured-img":"","footer-sml-layout":"","theme-transparent-header-meta":"default","adv-header-id-meta":"","stick-header-meta":"","header-above-stick-meta":"","header-main-stick-meta":"","header-below-stick-meta":"","astra-migrate-meta-layouts":"set","ast-page-background-enabled":"default","ast-page-background-meta":{"desktop":{"background-color":"var(--ast-global-color-4)","background-image":"","background-repeat":"repeat","background-position":"center center","background-size":"auto","background-attachment":"scroll","background-type":"","background-media":"","overlay-type":"","overlay-color":"","overlay-opacity":"","overlay-gradient":""},"tablet":{"background-color":"","background-image":"","background-repeat":"repeat","background-position":"center center","background-size":"auto","background-attachment":"scroll","background-type":"","background-media":"","overlay-type":"","overlay-color":"","overlay-opacity":"","overlay-gradient":""},"mobile":{"background-color":"","background-image":"","background-repeat":"repeat","background-position":"center center","background-size":"auto","background-attachment":"scroll","background-type":"","background-media":"","overlay-type":"","overlay-color":"","overlay-opacity":"","overlay-gradient":""}},"ast-content-background-meta":{"desktop":{"background-color":"var(--ast-global-color-5)","background-image":"","background-repeat":"repeat","background-position":"center center","background-size":"auto","background-attachment":"scroll","background-type":"","background-media":"","overlay-type":"","overlay-color":"","overlay-opacity":"","overlay-gradient":""},"tablet":{"background-color":"var(--ast-global-color-5)","background-image":"","background-repeat":"repeat","background-position":"center center","background-size":"auto","background-attachment":"scroll","background-type":"","background-media":"","overlay-type":"","overlay-color":"","overlay-opacity":"","overlay-gradient":""},"mobile":{"background-color":"var(--ast-global-color-5)","background-image":"","background-repeat":"repeat","background-position":"center center","background-size":"auto","background-attachment":"scroll","background-type":"","background-media":"","overlay-type":"","overlay-color":"","overlay-opacity":"","overlay-gradient":""}}},"product_brand":[],"product_cat":[75,15,426],"product_tag":[],"class_list":{"0":"post-10144","1":"product","2":"type-product","3":"status-publish","4":"has-post-thumbnail","6":"product_cat-kreemid-naole","7":"product_cat-naole","8":"product_cat-uued-tooted","9":"desktop-align-center","10":"tablet-align-left","11":"mobile-align-left","13":"first","14":"instock","15":"taxable","16":"shipping-taxable","17":"purchasable","18":"product-type-simple","19":"add-to-wishlist-before_image"},"aioseo_notices":[],"_links":{"self":[{"href":"https:\/\/kosmeetika24.eu\/et\/wp-json\/wp\/v2\/product\/10144","targetHints":{"allow":["GET"]}}],"collection":[{"href":"https:\/\/kosmeetika24.eu\/et\/wp-json\/wp\/v2\/product"}],"about":[{"href":"https:\/\/kosmeetika24.eu\/et\/wp-json\/wp\/v2\/types\/product"}],"version-history":[{"count":4,"href":"https:\/\/kosmeetika24.eu\/et\/wp-json\/wp\/v2\/product\/10144\/revisions"}],"predecessor-version":[{"id":10499,"href":"https:\/\/kosmeetika24.eu\/et\/wp-json\/wp\/v2\/product\/10144\/revisions\/10499"}],"wp:featuredmedia":[{"embeddable":true,"href":"https:\/\/kosmeetika24.eu\/et\/wp-json\/wp\/v2\/media\/10151"}],"wp:attachment":[{"href":"https:\/\/kosmeetika24.eu\/et\/wp-json\/wp\/v2\/media?parent=10144"}],"wp:term":[{"taxonomy":"product_brand","embeddable":true,"href":"https:\/\/kosmeetika24.eu\/et\/wp-json\/wp\/v2\/product_brand?post=10144"},{"taxonomy":"product_cat","embeddable":true,"href":"https:\/\/kosmeetika24.eu\/et\/wp-json\/wp\/v2\/product_cat?post=10144"},{"taxonomy":"product_tag","embeddable":true,"href":"https:\/\/kosmeetika24.eu\/et\/wp-json\/wp\/v2\/product_tag?post=10144"}],"curies":[{"name":"wp","href":"https:\/\/api.w.org\/{rel}","templated":true}]}}