{"id":10138,"date":"2025-04-11T16:30:22","date_gmt":"2025-04-11T13:30:22","guid":{"rendered":"https:\/\/kosmeetika24.eu\/?post_type=product&#038;p=10138"},"modified":"2025-09-30T14:49:35","modified_gmt":"2025-09-30T11:49:35","slug":"dalton-ocean-elements-soft-focus-gel-cream","status":"publish","type":"product","link":"https:\/\/kosmeetika24.eu\/et\/toode\/dalton-ocean-elements-soft-focus-gel-cream\/","title":{"rendered":"Dalton &#8211; Ocean Elements &#8211; Soft Focus Gel Cream"},"content":{"rendered":"<p><span style=\"font-size: 16px;\">Vegan-geelkreem planktoni, niatsiinamiidi ja tsingiga matistab naha, ilma et see kaotaks niiskust, reguleerib rasu tootmist ja viimistleb jume. Kaks erinevat t\u00fc\u00fcpi planktonit pakuvad antioks\u00fcdantset kasu ja kaitsevad nahka sinise valguse eest, mis aitab ennetada oks\u00fcdatiivset stressi ja enneaegset vananemist.<\/span><\/p>\n<p>Meremineraalid varustavad nahka oluliste toitainetega, suurendavad toimeainete imendumist ja edendavad k\u00f5rget taluvustaset.<\/p>\n<p>Gl\u00fctseriin niisutab nahka ja taastab selle loomuliku niiskustaseme, samas kui pantenool rahustab nahka. Skvalaan pakub niisutust ja toimib antioks\u00fcdandina, neutraliseerides vabade radikaalide m\u00f5ju.<\/p>\n<p>Kerge, mitte rasvane kreemjas geel imendub kiiresti ja j\u00e4tab nahale siidiselt pehme tunde. <span style=\"font-size: 16px;\">See kreem pakub k\u00f5ike, et toetada naha tasakaalu.<\/span><\/p>\n<p>Matistav n\u00e4okreem sobib rasusele ja kombineeritud nahale.<\/p>\n<p><strong data-start=\"621\" data-end=\"636\">Kasutamine:<\/strong><br data-start=\"636\" data-end=\"639\" \/>Kanna geelkreem hommikul ja \u00f5htul n\u00e4ole, kaelale ja dekolteele ning masseeri \u00f5rnalt nahka.<\/p>\n<p><strong>KOOSTIS:<br \/>\n<\/strong>Aqua (Water), Glycerin, Butylene Glycol, Prunus Amygdalus Dulcis (Sweet) Almond Oil, Squalane, Maris Aqua (Sea Water), Plankton Extract, Niacinamide, Panthenol, Saccharide Isomerate, Xylitylglucoside, Anhydroxylitol, Xylitol, Xanthan Gum, Carrageenan (Chondrus Crispus), Sclerotium Gum, Hydroxyethylcellulose, Caprylyl Glycol, Zinc Gluconate, Arachidyl Alcohol, Behenyl Alcohol, Arachidyl Glucoside, Glucose, Lactic Acid, Citric Acid, Phenethyl Alcohol, Phenoxyethanol, Ethylhexylglycerin, Parfum (Fragrance)<\/p>\n<p><strong><span style=\"font-size: xx-small;\">465,33\u20ac\/l<\/span><\/strong><\/p>\n","protected":false},"excerpt":{"rendered":"<p class=\"\" data-start=\"34\" data-end=\"135\">Matistav kerge geelkreem segat\u00fc\u00fcpi nahale<\/p>\n<p data-start=\"34\" data-end=\"135\">75 ml<\/p>\n<p class=\"\" data-start=\"137\" data-end=\"157\"><strong data-start=\"137\" data-end=\"155\">Toote eelised:<\/strong><\/p>\n<ul data-start=\"158\" data-end=\"619\">\n<li class=\"\" data-start=\"158\" data-end=\"192\">\n<p class=\"\" data-start=\"160\" data-end=\"192\">Kiiresti imenduv kreemjas geel<\/p>\n<\/li>\n<li class=\"\" data-start=\"193\" data-end=\"243\">\n<p class=\"\" data-start=\"195\" data-end=\"243\">J\u00e4tab kohese ja pikaajalise matistava tulemuse<\/p>\n<\/li>\n<li class=\"\" data-start=\"268\" data-end=\"316\">\n<p class=\"\" data-start=\"270\" data-end=\"316\">Sisaldab planktoni, niatsiinamiidi ja tsinki<\/p>\n<\/li>\n<li class=\"\" data-start=\"317\" data-end=\"360\">\n<p class=\"\" data-start=\"319\" data-end=\"360\">Kaitseb nahka enneaegse vananemise eest<\/p>\n<\/li>\n<li class=\"\" data-start=\"361\" data-end=\"391\">\n<p class=\"\" data-start=\"363\" data-end=\"391\">Kaitseb sinise valguse eest<\/p>\n<\/li>\n<li class=\"\" data-start=\"392\" data-end=\"423\">\n<p class=\"\" data-start=\"394\" data-end=\"423\">94% looduslikud koostisosad<\/p>\n<\/li>\n<li class=\"\" data-start=\"424\" data-end=\"537\">\n<p class=\"\" data-start=\"426\" data-end=\"537\">Ei sisalda allergeenseid l\u00f5hnaaineid, v\u00e4rvaineid, mikroplasti, mineraal\u00f5lisid, parabeene, PEG-i ega silikoone<\/p>\n<\/li>\n<\/ul>\n","protected":false},"featured_media":10139,"template":"","meta":{"om_disable_all_campaigns":false,"_monsterinsights_skip_tracking":false,"_monsterinsights_sitenote_active":false,"_monsterinsights_sitenote_note":"","_monsterinsights_sitenote_category":0,"_uf_show_specific_survey":0,"_uf_disable_surveys":false,"site-sidebar-layout":"default","site-content-layout":"","ast-site-content-layout":"default","site-content-style":"default","site-sidebar-style":"default","ast-global-header-display":"","ast-banner-title-visibility":"","ast-main-header-display":"","ast-hfb-above-header-display":"","ast-hfb-below-header-display":"","ast-hfb-mobile-header-display":"","site-post-title":"","ast-breadcrumbs-content":"","ast-featured-img":"","footer-sml-layout":"","theme-transparent-header-meta":"default","adv-header-id-meta":"","stick-header-meta":"","header-above-stick-meta":"","header-main-stick-meta":"","header-below-stick-meta":"","astra-migrate-meta-layouts":"set","ast-page-background-enabled":"default","ast-page-background-meta":{"desktop":{"background-color":"var(--ast-global-color-4)","background-image":"","background-repeat":"repeat","background-position":"center center","background-size":"auto","background-attachment":"scroll","background-type":"","background-media":"","overlay-type":"","overlay-color":"","overlay-opacity":"","overlay-gradient":""},"tablet":{"background-color":"","background-image":"","background-repeat":"repeat","background-position":"center center","background-size":"auto","background-attachment":"scroll","background-type":"","background-media":"","overlay-type":"","overlay-color":"","overlay-opacity":"","overlay-gradient":""},"mobile":{"background-color":"","background-image":"","background-repeat":"repeat","background-position":"center center","background-size":"auto","background-attachment":"scroll","background-type":"","background-media":"","overlay-type":"","overlay-color":"","overlay-opacity":"","overlay-gradient":""}},"ast-content-background-meta":{"desktop":{"background-color":"var(--ast-global-color-5)","background-image":"","background-repeat":"repeat","background-position":"center center","background-size":"auto","background-attachment":"scroll","background-type":"","background-media":"","overlay-type":"","overlay-color":"","overlay-opacity":"","overlay-gradient":""},"tablet":{"background-color":"var(--ast-global-color-5)","background-image":"","background-repeat":"repeat","background-position":"center center","background-size":"auto","background-attachment":"scroll","background-type":"","background-media":"","overlay-type":"","overlay-color":"","overlay-opacity":"","overlay-gradient":""},"mobile":{"background-color":"var(--ast-global-color-5)","background-image":"","background-repeat":"repeat","background-position":"center center","background-size":"auto","background-attachment":"scroll","background-type":"","background-media":"","overlay-type":"","overlay-color":"","overlay-opacity":"","overlay-gradient":""}}},"product_brand":[],"product_cat":[75,15,426],"product_tag":[],"class_list":{"0":"post-10138","1":"product","2":"type-product","3":"status-publish","4":"has-post-thumbnail","6":"product_cat-kreemid-naole","7":"product_cat-naole","8":"product_cat-uued-tooted","9":"desktop-align-center","10":"tablet-align-left","11":"mobile-align-left","13":"first","14":"instock","15":"taxable","16":"shipping-taxable","17":"purchasable","18":"product-type-simple","19":"add-to-wishlist-before_image"},"aioseo_notices":[],"_links":{"self":[{"href":"https:\/\/kosmeetika24.eu\/et\/wp-json\/wp\/v2\/product\/10138","targetHints":{"allow":["GET"]}}],"collection":[{"href":"https:\/\/kosmeetika24.eu\/et\/wp-json\/wp\/v2\/product"}],"about":[{"href":"https:\/\/kosmeetika24.eu\/et\/wp-json\/wp\/v2\/types\/product"}],"version-history":[{"count":6,"href":"https:\/\/kosmeetika24.eu\/et\/wp-json\/wp\/v2\/product\/10138\/revisions"}],"predecessor-version":[{"id":10498,"href":"https:\/\/kosmeetika24.eu\/et\/wp-json\/wp\/v2\/product\/10138\/revisions\/10498"}],"wp:featuredmedia":[{"embeddable":true,"href":"https:\/\/kosmeetika24.eu\/et\/wp-json\/wp\/v2\/media\/10139"}],"wp:attachment":[{"href":"https:\/\/kosmeetika24.eu\/et\/wp-json\/wp\/v2\/media?parent=10138"}],"wp:term":[{"taxonomy":"product_brand","embeddable":true,"href":"https:\/\/kosmeetika24.eu\/et\/wp-json\/wp\/v2\/product_brand?post=10138"},{"taxonomy":"product_cat","embeddable":true,"href":"https:\/\/kosmeetika24.eu\/et\/wp-json\/wp\/v2\/product_cat?post=10138"},{"taxonomy":"product_tag","embeddable":true,"href":"https:\/\/kosmeetika24.eu\/et\/wp-json\/wp\/v2\/product_tag?post=10138"}],"curies":[{"name":"wp","href":"https:\/\/api.w.org\/{rel}","templated":true}]}}