{"id":10130,"date":"2025-04-11T16:27:05","date_gmt":"2025-04-11T13:27:05","guid":{"rendered":"https:\/\/kosmeetika24.eu\/?post_type=product&#038;p=10130"},"modified":"2026-03-27T14:41:57","modified_gmt":"2026-03-27T11:41:57","slug":"dalton-ocean-elements-dark-circle-eye-cream","status":"publish","type":"product","link":"https:\/\/kosmeetika24.eu\/et\/toode\/dalton-ocean-elements-dark-circle-eye-cream\/","title":{"rendered":"Dalton &#8211; Ocean Elements &#8211; Dark Circle Eye Cream"},"content":{"rendered":"<p class=\"\" data-start=\"0\" data-end=\"277\">\u2b50<strong>!BUDUAAR ILULEMMIK 2026!<\/strong>\u2b50<\/p>\n<p>See silmakreem annab v\u00e4rskendava m\u00f5ju. Vegan-silmakreem punaste ja pruunvetikate ning niatsiinamiidiga helendab tumedaid silmaaluseid, kaitseb nahka sinise valguse ja oks\u00fcdatiivse stressi eest ning aeglustab vananemisn\u00e4hte.<\/p>\n<p class=\"\" data-start=\"279\" data-end=\"566\">Meremineraalid varustavad nahka oluliste toitainetega, suurendavad kasulike koostisosade imendumist ja tagavad k\u00f5rge taluvuse. Silmakreem imenbdub koheselt nahka. Sheav\u00f5i, oliivi\u00f5li ja avokaado\u00f5li toidavad silma\u00fcmbruse piirkonda, samas kui pantenool pakub rahustavaid omadusi.<\/p>\n<p class=\"\" data-start=\"568\" data-end=\"862\">Lisaks silmakreemi pikaajalisele heledavale toimele katab v\u00e4rvi parandav imetoode pigmendi koheselt tumedad silmaalused.<br \/>\nSilmaaluseid kotte saab v\u00e4hendada kuni 16%* p\u00e4rast vaid \u00fchte kasutamist. Gl\u00fctseriin niisutab nahka ja ennetab kuivusest tingitud peente joonte ja kortsude tekkimist.<\/p>\n<p class=\"\" data-start=\"864\" data-end=\"914\">Toob v\u00e4rske ja s\u00e4rava ilme silma\u00fcmbruse piirkonda.<\/p>\n<p><strong data-start=\"639\" data-end=\"654\">Kasutamine:<\/strong><br data-start=\"654\" data-end=\"657\" \/>Kanna kreem silmade \u00fcmber kaks korda p\u00e4evas ja patsuta \u00f5rnalt nahka.<\/p>\n","protected":false},"excerpt":{"rendered":"<p><strong>\u2b50!BUDUAAR ILULEMMIK 2026!\u2b50<\/strong><\/p>\n<p>Helendav silmakreem niatsiinamiidiga tumedate silmaaluste v\u00e4hendamiseks<\/p>\n<p>Toote eelised:<\/p>\n<ul>\n<li>Sulandub koheselt nahka<\/li>\n<li>Heledab tumedaid silmaaluseid ringe<\/li>\n<li>V\u00e4hendab paistetust<\/li>\n<li>Punased ja pruunvetikad kaitsevad nahka oks\u00fcdatiivse stressi eest<\/li>\n<li>Sisaldab niatsiinamiidi ja avokaado\u00f5li<\/li>\n<li>Efektiivne v\u00e4rskendaja v\u00e4sinud silmadele<\/li>\n<li>88% looduslikud koostisosad<\/li>\n<li>Ei sisalda mineraal\u00f5lisid, parabeene, PEG-i ega silikoone<\/li>\n<\/ul>\n","protected":false},"featured_media":10869,"template":"","meta":{"om_disable_all_campaigns":false,"_monsterinsights_skip_tracking":false,"_monsterinsights_sitenote_active":false,"_monsterinsights_sitenote_note":"","_monsterinsights_sitenote_category":0,"_uf_show_specific_survey":0,"_uf_disable_surveys":false,"site-sidebar-layout":"default","site-content-layout":"","ast-site-content-layout":"default","site-content-style":"default","site-sidebar-style":"default","ast-global-header-display":"","ast-banner-title-visibility":"","ast-main-header-display":"","ast-hfb-above-header-display":"","ast-hfb-below-header-display":"","ast-hfb-mobile-header-display":"","site-post-title":"","ast-breadcrumbs-content":"","ast-featured-img":"","footer-sml-layout":"","theme-transparent-header-meta":"default","adv-header-id-meta":"","stick-header-meta":"","header-above-stick-meta":"","header-main-stick-meta":"","header-below-stick-meta":"","astra-migrate-meta-layouts":"set","ast-page-background-enabled":"default","ast-page-background-meta":{"desktop":{"background-color":"var(--ast-global-color-4)","background-image":"","background-repeat":"repeat","background-position":"center center","background-size":"auto","background-attachment":"scroll","background-type":"","background-media":"","overlay-type":"","overlay-color":"","overlay-opacity":"","overlay-gradient":""},"tablet":{"background-color":"","background-image":"","background-repeat":"repeat","background-position":"center center","background-size":"auto","background-attachment":"scroll","background-type":"","background-media":"","overlay-type":"","overlay-color":"","overlay-opacity":"","overlay-gradient":""},"mobile":{"background-color":"","background-image":"","background-repeat":"repeat","background-position":"center center","background-size":"auto","background-attachment":"scroll","background-type":"","background-media":"","overlay-type":"","overlay-color":"","overlay-opacity":"","overlay-gradient":""}},"ast-content-background-meta":{"desktop":{"background-color":"var(--ast-global-color-5)","background-image":"","background-repeat":"repeat","background-position":"center center","background-size":"auto","background-attachment":"scroll","background-type":"","background-media":"","overlay-type":"","overlay-color":"","overlay-opacity":"","overlay-gradient":""},"tablet":{"background-color":"var(--ast-global-color-5)","background-image":"","background-repeat":"repeat","background-position":"center center","background-size":"auto","background-attachment":"scroll","background-type":"","background-media":"","overlay-type":"","overlay-color":"","overlay-opacity":"","overlay-gradient":""},"mobile":{"background-color":"var(--ast-global-color-5)","background-image":"","background-repeat":"repeat","background-position":"center center","background-size":"auto","background-attachment":"scroll","background-type":"","background-media":"","overlay-type":"","overlay-color":"","overlay-opacity":"","overlay-gradient":""}}},"product_brand":[],"product_cat":[431,340,15,81,112,86,426,85],"product_tag":[],"class_list":{"0":"post-10130","1":"product","2":"type-product","3":"status-publish","4":"has-post-thumbnail","6":"product_cat-buduaari-ilulemmik","7":"product_cat-nahatuubid","8":"product_cat-naole","9":"product_cat-silmahooldus","10":"product_cat-silmahooldus-profitooted","11":"product_cat-tuhmile-nahale","12":"product_cat-uued-tooted","13":"product_cat-vananemisilmingutega-nahale","14":"desktop-align-center","15":"tablet-align-left","16":"mobile-align-left","18":"first","19":"instock","20":"taxable","21":"shipping-taxable","22":"purchasable","23":"product-type-simple","24":"add-to-wishlist-before_image"},"aioseo_notices":[],"_links":{"self":[{"href":"https:\/\/kosmeetika24.eu\/et\/wp-json\/wp\/v2\/product\/10130","targetHints":{"allow":["GET"]}}],"collection":[{"href":"https:\/\/kosmeetika24.eu\/et\/wp-json\/wp\/v2\/product"}],"about":[{"href":"https:\/\/kosmeetika24.eu\/et\/wp-json\/wp\/v2\/types\/product"}],"version-history":[{"count":5,"href":"https:\/\/kosmeetika24.eu\/et\/wp-json\/wp\/v2\/product\/10130\/revisions"}],"predecessor-version":[{"id":10870,"href":"https:\/\/kosmeetika24.eu\/et\/wp-json\/wp\/v2\/product\/10130\/revisions\/10870"}],"wp:featuredmedia":[{"embeddable":true,"href":"https:\/\/kosmeetika24.eu\/et\/wp-json\/wp\/v2\/media\/10869"}],"wp:attachment":[{"href":"https:\/\/kosmeetika24.eu\/et\/wp-json\/wp\/v2\/media?parent=10130"}],"wp:term":[{"taxonomy":"product_brand","embeddable":true,"href":"https:\/\/kosmeetika24.eu\/et\/wp-json\/wp\/v2\/product_brand?post=10130"},{"taxonomy":"product_cat","embeddable":true,"href":"https:\/\/kosmeetika24.eu\/et\/wp-json\/wp\/v2\/product_cat?post=10130"},{"taxonomy":"product_tag","embeddable":true,"href":"https:\/\/kosmeetika24.eu\/et\/wp-json\/wp\/v2\/product_tag?post=10130"}],"curies":[{"name":"wp","href":"https:\/\/api.w.org\/{rel}","templated":true}]}}