{"id":10122,"date":"2025-04-11T16:31:24","date_gmt":"2025-04-11T13:31:24","guid":{"rendered":"https:\/\/kosmeetika24.eu\/?post_type=product&#038;p=10122"},"modified":"2025-09-30T15:09:41","modified_gmt":"2025-09-30T12:09:41","slug":"dalton-ocean-elements-aloe-vera-gel-mask","status":"publish","type":"product","link":"https:\/\/kosmeetika24.eu\/et\/toode\/dalton-ocean-elements-aloe-vera-gel-mask\/","title":{"rendered":"Dalton &#8211; Ocean Elements &#8211; Aloe Vera Gel Mask"},"content":{"rendered":"<p class=\"\" data-start=\"0\" data-end=\"302\">Jahedav\u00f5itu ja elavdav n\u00e4omask aloe vera, spirulina ja pruuni vetikaga varustab naha hapnikuga ja toetab rakuhingamist. Mask on rikastatud merest p\u00e4rit antioks\u00fcdantide koostisosadega, mis kaitsevad oks\u00fcdatiivse stressi eest ja aitavad ennetada enneaegset vananemist.<\/p>\n<p class=\"\" data-start=\"304\" data-end=\"642\">Meremineraalid varustavad nahka oluliste toitainetega, suurendavad toimeainete imendumist ja tagavad k\u00f5rge taluvuse. Aloe vera ja gl\u00fctseriin annavad nahale intensiivset niisutust ning tagavad p\u00e4rast esimest kasutamist loomuliku s\u00e4ra. Pantenool rahustab nahka, muutes maski t\u00f5husaks SOS ravimiks p\u00e4ikesep\u00f5letuse korral \u2013 nii n\u00e4ol kui kehal.<\/p>\n<p><strong data-start=\"622\" data-end=\"637\">Kasutamine:<\/strong><br data-start=\"637\" data-end=\"640\" \/>Kanna rikkalik kogus nahale, lase m\u00f5juda 10-15 minutit ja pese j\u00e4\u00e4gid maha. Kasuta 1-3 korda n\u00e4dalas.<\/p>\n<p class=\"\" data-start=\"745\" data-end=\"869\"><strong data-start=\"745\" data-end=\"754\">Nipp:<\/strong><br data-start=\"754\" data-end=\"757\" \/>Jahedav\u00f5itu, rahustav ja niisutav mask aloe vera ja pantenooliga on suurep\u00e4rane SOS ravi p\u00e4ikesep\u00f5letuse korral.<\/p>\n<p><strong>KOOSTIS:<\/strong><br \/>\nAqua\/Water, Aloe Barbadensis Leaf Juice, Glycerin, Propandediol, Prunus Amygdalus Dulcis (Sweet Almond) Oil, Methylpropanediol, Helianthus Annuus (Sunflower) Hybrid Oil, Caprylic\/Capric Triglyceride, Xanthan Gum, Maris Aqua\/Water, Laminaria Digitata Extract, Spirulina Maxima Extract, Butyrsopermum Parkii (Shea) Butter, Tocopherol, Panthenol, Hydrogenated Rapeseed Oil, Pullulan, Lactic Acid, Citric Acid, Helianthus Annuus (Sunflower) Seed Oil, Xylitylglucoside, Xylitol, Ethylhexylglycerin, Lysolecithin, Sclerotium Gum, Tetrasodium Glutamate Diacetate, Glucose, Sodium Lactate, Anhydroxylitol, Propylene Glycol, Sodium Hydroxide, Phenoxyethanol, Potassium Sorbate, Sodium Benzoate, Parfum\/Fragrance.<\/p>\n<p><span style=\"font-size: xx-small;\">398.66\u20ac\/l<\/span><\/p>\n","protected":false},"excerpt":{"rendered":"<p class=\"\" data-start=\"34\" data-end=\"144\">Jahedav\u00f5itu, niisutav geelmask v\u00e4rske jume saavutamiseks<\/p>\n<p data-start=\"34\" data-end=\"144\">75 ml<\/p>\n<p class=\"\" data-start=\"146\" data-end=\"166\"><strong data-start=\"146\" data-end=\"164\">Toote eelised:<\/strong><\/p>\n<ul data-start=\"167\" data-end=\"620\">\n<li class=\"\" data-start=\"167\" data-end=\"194\">\n<p class=\"\" data-start=\"169\" data-end=\"194\">Jahedav\u00f5itu, kerge geel<\/p>\n<\/li>\n<li class=\"\" data-start=\"195\" data-end=\"249\">\n<p class=\"\" data-start=\"197\" data-end=\"249\">Varustab nahka hapnikuga, et toetada rakuhingamist<\/p>\n<\/li>\n<li class=\"\" data-start=\"250\" data-end=\"290\">\n<p class=\"\" data-start=\"252\" data-end=\"290\">Aitab ennetada enneaegset vananemist<\/p>\n<\/li>\n<li class=\"\" data-start=\"291\" data-end=\"343\">\n<p class=\"\" data-start=\"293\" data-end=\"343\">Sisaldab spirulina, pruuni vetikat ja aloe verat<\/p>\n<\/li>\n<li class=\"\" data-start=\"344\" data-end=\"392\">\n<p class=\"\" data-start=\"346\" data-end=\"392\">Annab intensiivse v\u00e4rskenduse v\u00e4sinud nahale<\/p>\n<\/li>\n<li class=\"\" data-start=\"393\" data-end=\"424\">\n<p class=\"\" data-start=\"395\" data-end=\"424\">95% looduslikud koostisosad<\/p>\n<\/li>\n<li class=\"\" data-start=\"425\" data-end=\"538\">\n<p class=\"\" data-start=\"427\" data-end=\"538\">Ei sisalda allergeenseid l\u00f5hnaaineid, v\u00e4rvaineid, mikroplasti, mineraal\u00f5lisid, parabeene, PEG-i ega silikoone<\/p>\n<\/li>\n<\/ul>\n","protected":false},"featured_media":10127,"template":"","meta":{"om_disable_all_campaigns":false,"_monsterinsights_skip_tracking":false,"_monsterinsights_sitenote_active":false,"_monsterinsights_sitenote_note":"","_monsterinsights_sitenote_category":0,"_uf_show_specific_survey":0,"_uf_disable_surveys":false,"site-sidebar-layout":"default","site-content-layout":"","ast-site-content-layout":"default","site-content-style":"default","site-sidebar-style":"default","ast-global-header-display":"","ast-banner-title-visibility":"","ast-main-header-display":"","ast-hfb-above-header-display":"","ast-hfb-below-header-display":"","ast-hfb-mobile-header-display":"","site-post-title":"","ast-breadcrumbs-content":"","ast-featured-img":"","footer-sml-layout":"","theme-transparent-header-meta":"default","adv-header-id-meta":"","stick-header-meta":"","header-above-stick-meta":"","header-main-stick-meta":"","header-below-stick-meta":"","astra-migrate-meta-layouts":"set","ast-page-background-enabled":"default","ast-page-background-meta":{"desktop":{"background-color":"var(--ast-global-color-4)","background-image":"","background-repeat":"repeat","background-position":"center center","background-size":"auto","background-attachment":"scroll","background-type":"","background-media":"","overlay-type":"","overlay-color":"","overlay-opacity":"","overlay-gradient":""},"tablet":{"background-color":"","background-image":"","background-repeat":"repeat","background-position":"center center","background-size":"auto","background-attachment":"scroll","background-type":"","background-media":"","overlay-type":"","overlay-color":"","overlay-opacity":"","overlay-gradient":""},"mobile":{"background-color":"","background-image":"","background-repeat":"repeat","background-position":"center center","background-size":"auto","background-attachment":"scroll","background-type":"","background-media":"","overlay-type":"","overlay-color":"","overlay-opacity":"","overlay-gradient":""}},"ast-content-background-meta":{"desktop":{"background-color":"var(--ast-global-color-5)","background-image":"","background-repeat":"repeat","background-position":"center center","background-size":"auto","background-attachment":"scroll","background-type":"","background-media":"","overlay-type":"","overlay-color":"","overlay-opacity":"","overlay-gradient":""},"tablet":{"background-color":"var(--ast-global-color-5)","background-image":"","background-repeat":"repeat","background-position":"center center","background-size":"auto","background-attachment":"scroll","background-type":"","background-media":"","overlay-type":"","overlay-color":"","overlay-opacity":"","overlay-gradient":""},"mobile":{"background-color":"var(--ast-global-color-5)","background-image":"","background-repeat":"repeat","background-position":"center center","background-size":"auto","background-attachment":"scroll","background-type":"","background-media":"","overlay-type":"","overlay-color":"","overlay-opacity":"","overlay-gradient":""}}},"product_brand":[],"product_cat":[116,15,426],"product_tag":[],"class_list":{"0":"post-10122","1":"product","2":"type-product","3":"status-publish","4":"has-post-thumbnail","6":"product_cat-maskid-profitooted","7":"product_cat-naole","8":"product_cat-uued-tooted","9":"desktop-align-center","10":"tablet-align-left","11":"mobile-align-left","13":"first","14":"instock","15":"taxable","16":"shipping-taxable","17":"purchasable","18":"product-type-simple","19":"add-to-wishlist-before_image"},"aioseo_notices":[],"_links":{"self":[{"href":"https:\/\/kosmeetika24.eu\/et\/wp-json\/wp\/v2\/product\/10122","targetHints":{"allow":["GET"]}}],"collection":[{"href":"https:\/\/kosmeetika24.eu\/et\/wp-json\/wp\/v2\/product"}],"about":[{"href":"https:\/\/kosmeetika24.eu\/et\/wp-json\/wp\/v2\/types\/product"}],"version-history":[{"count":7,"href":"https:\/\/kosmeetika24.eu\/et\/wp-json\/wp\/v2\/product\/10122\/revisions"}],"predecessor-version":[{"id":10500,"href":"https:\/\/kosmeetika24.eu\/et\/wp-json\/wp\/v2\/product\/10122\/revisions\/10500"}],"wp:featuredmedia":[{"embeddable":true,"href":"https:\/\/kosmeetika24.eu\/et\/wp-json\/wp\/v2\/media\/10127"}],"wp:attachment":[{"href":"https:\/\/kosmeetika24.eu\/et\/wp-json\/wp\/v2\/media?parent=10122"}],"wp:term":[{"taxonomy":"product_brand","embeddable":true,"href":"https:\/\/kosmeetika24.eu\/et\/wp-json\/wp\/v2\/product_brand?post=10122"},{"taxonomy":"product_cat","embeddable":true,"href":"https:\/\/kosmeetika24.eu\/et\/wp-json\/wp\/v2\/product_cat?post=10122"},{"taxonomy":"product_tag","embeddable":true,"href":"https:\/\/kosmeetika24.eu\/et\/wp-json\/wp\/v2\/product_tag?post=10122"}],"curies":[{"name":"wp","href":"https:\/\/api.w.org\/{rel}","templated":true}]}}