{"id":10113,"date":"2025-04-11T16:32:04","date_gmt":"2025-04-11T13:32:04","guid":{"rendered":"https:\/\/kosmeetika24.eu\/?post_type=product&#038;p=10113"},"modified":"2026-03-27T13:40:50","modified_gmt":"2026-03-27T10:40:50","slug":"dalton-slow-aging-retinol-cream","status":"publish","type":"product","link":"https:\/\/kosmeetika24.eu\/et\/toode\/dalton-slow-aging-retinol-cream\/","title":{"rendered":"Dalton &#8211; Ocean Elements &#8211; Retinol Cream"},"content":{"rendered":"<p data-start=\"0\" data-end=\"282\">Kreemil on v\u00e4ga rikkalik tekstuur, mis j\u00e4tab meeldiva tunde, ilma et nahk oleks kleepuv v\u00f5i rasvane. Annab s\u00e4rava naha ja kaitseb n\u00e4htavate vananemisilmingute, nagu peened jooned ja kortsud, eest.<\/p>\n<p class=\"\" data-start=\"0\" data-end=\"282\">Vegan <strong data-start=\"6\" data-end=\"23\">retinool kreem<\/strong> parandab naha \u00fcldist toimivust ja avab naha t\u00e4ieliku potentsiaali.<\/p>\n<ul>\n<li data-start=\"0\" data-end=\"282\"><em>Retinool<\/em> ja <em>merep\u00f5hine A-vitamiin (<\/em>mis on saadud meriseenist) ergutavad naha uuenemist.<\/li>\n<li data-start=\"0\" data-end=\"282\"><em>Plankton<\/em> kaitseb nahka oks\u00fcdatiivse stressi, enneaegse vananemise ja sinise valguse kahjustuste eest.<\/li>\n<li data-start=\"284\" data-end=\"593\">Meremineraalid varustavad nahka oluliste toitainetega, suurendavad toimeainete imendumist ja tagavad k\u00f5rge taluvuse.<\/li>\n<li data-start=\"284\" data-end=\"593\">E-vitamiin, teine antioks\u00fcdant, toimib t\u00e4iendava radikaalide p\u00fc\u00fcdjana.<\/li>\n<li data-start=\"284\" data-end=\"593\">Sheav\u00f5i, jojoobi\u00f5li ja avokaado\u00f5li toidavad stressis nahka ja kaitsevad seda kuivamise eest.<\/li>\n<li data-start=\"284\" data-end=\"593\">Gl\u00fctseriin niisutab nahka.<\/li>\n<\/ul>\n<p class=\"\" data-start=\"793\" data-end=\"901\"><strong data-start=\"793\" data-end=\"853\">Retinoolkreemi ei soovitata raseduse ega imetamise ajal.<\/strong><\/p>\n<p class=\"\" data-start=\"793\" data-end=\"901\">!!!Kasuta p\u00e4eval p\u00e4ikesekaitset (v\u00e4hemalt SPF 30)!!!<\/p>\n<p class=\"\" data-start=\"793\" data-end=\"901\"><strong data-start=\"628\" data-end=\"643\">KASUTAMINE<\/strong><br data-start=\"643\" data-end=\"646\" \/>Kanna kreem hommikul ja \u00f5htul n\u00e4ole, kaelale ja dekolteele ning masseeri \u00f5rnalt nahka.<\/p>\n<p class=\"\" data-start=\"736\" data-end=\"818\"><strong data-start=\"736\" data-end=\"745\">Nipp:<\/strong><br data-start=\"745\" data-end=\"748\" \/>Lipiididerikas koostis sobib suurep\u00e4raselt ka \u00f6\u00f6kreemina kasutamiseks.<\/p>\n<p><strong>KOOSTIS<\/strong><br \/>\n<span style=\"font-size: 16px;\">Aqua\/Water, Olea Europaea (Olive) Fruit Oil, Cetearyl Alcohol, Dicaprylyl Carbonate, Glyceryl Stearate Citrate, Prunus Amygdalus Dulcis (Sweet Almond) Oil, Persea Gratissima (Avocado) Oil, Glycerin, Aloe Barbadensis Leaf Juice, Caprylic\/Capric Triglyceride, Retinol, Maris Aqua\/Sea Water, Crithmum Maritimum Extract, Plankton Extract, Butyrospermum Parkii (Shea Butter), Simmondsia Chinensis (Jojoba) Seed Oil, Tocopherol, Helianthus Annuus (Sunflower) Seed Oil, Citric Acid, Glycine Soja (Soybean) Oil, Glyceryl Caprylate, Ethylhexylglycerin, Hydrogenated Rapeseed Oil, Sodium Cetearyl Sulfate, Distarch Phosphate, Xanthan Gum, Biosaccharide Gum-1, Sucrose Stearate, Tetrasodium Glutamate Diacetate, Propanediol, Cetyl Palmitate, Lactic Acid, Lauryl Glucoside, Sorbitan Stearate, Hydrogenated Vegetable Oil, Hydrogenated Lecithin, Sodium Hydroxide, Caprylyl Glycol, Phenoxyethanol, Potassium Sorbate, Sodium Benzoate, Parfum\/Fragrance<\/span><\/p>\n<p><span style=\"font-size: xx-small;\">465,33\u20ac\/l<\/span><\/p>\n","protected":false},"excerpt":{"rendered":"<p class=\"\" data-start=\"34\" data-end=\"152\">Retinooli ja toitvate \u00f5lidega nahauuendust stimuleeriv kreem<\/p>\n<p class=\"\" data-start=\"154\" data-end=\"174\"><strong data-start=\"154\" data-end=\"172\">Toote eelised:<\/strong><\/p>\n<ul data-start=\"175\" data-end=\"626\">\n<li class=\"\" data-start=\"175\" data-end=\"217\">\n<p class=\"\" data-start=\"177\" data-end=\"217\">Lipiididerikas ja meeldiva tekstuuriga<\/p>\n<\/li>\n<li class=\"\" data-start=\"218\" data-end=\"246\">\n<p class=\"\" data-start=\"220\" data-end=\"246\">Kiirendab naha uuenemist<\/p>\n<\/li>\n<li class=\"\" data-start=\"247\" data-end=\"283\">\n<p class=\"\" data-start=\"249\" data-end=\"283\">Aeglustab vananemism\u00e4rkide teket<\/p>\n<\/li>\n<li class=\"\" data-start=\"284\" data-end=\"332\">\n<p class=\"\" data-start=\"286\" data-end=\"332\">Sisaldab retinooli ja merep\u00f5hist A-vitamiini<\/p>\n<\/li>\n<li class=\"\" data-start=\"333\" data-end=\"366\">\n<p class=\"\" data-start=\"335\" data-end=\"366\">Toidab ja taastab kuiva nahka<\/p>\n<\/li>\n<li class=\"\" data-start=\"367\" data-end=\"398\">\n<p class=\"\" data-start=\"369\" data-end=\"398\">Kaitseb sinise valguse eest<\/p>\n<\/li>\n<li class=\"\" data-start=\"399\" data-end=\"430\">\n<p class=\"\" data-start=\"401\" data-end=\"430\">98% looduslikud koostisosad<\/p>\n<\/li>\n<li class=\"\" data-start=\"431\" data-end=\"544\">\n<p class=\"\" data-start=\"433\" data-end=\"544\">Ei sisalda allergeenseid l\u00f5hnaaineid, v\u00e4rvaineid, mikroplasti, mineraal\u00f5lisid, parabeene, PEG-i ega silikoone<\/p>\n<\/li>\n<\/ul>\n<p>75 ml<\/p>\n","protected":false},"featured_media":10114,"template":"","meta":{"om_disable_all_campaigns":false,"_monsterinsights_skip_tracking":false,"_monsterinsights_sitenote_active":false,"_monsterinsights_sitenote_note":"","_monsterinsights_sitenote_category":0,"_uf_show_specific_survey":0,"_uf_disable_surveys":false,"site-sidebar-layout":"default","site-content-layout":"","ast-site-content-layout":"default","site-content-style":"default","site-sidebar-style":"default","ast-global-header-display":"","ast-banner-title-visibility":"","ast-main-header-display":"","ast-hfb-above-header-display":"","ast-hfb-below-header-display":"","ast-hfb-mobile-header-display":"","site-post-title":"","ast-breadcrumbs-content":"","ast-featured-img":"","footer-sml-layout":"","theme-transparent-header-meta":"default","adv-header-id-meta":"","stick-header-meta":"","header-above-stick-meta":"","header-main-stick-meta":"","header-below-stick-meta":"","astra-migrate-meta-layouts":"set","ast-page-background-enabled":"default","ast-page-background-meta":{"desktop":{"background-color":"var(--ast-global-color-4)","background-image":"","background-repeat":"repeat","background-position":"center center","background-size":"auto","background-attachment":"scroll","background-type":"","background-media":"","overlay-type":"","overlay-color":"","overlay-opacity":"","overlay-gradient":""},"tablet":{"background-color":"","background-image":"","background-repeat":"repeat","background-position":"center center","background-size":"auto","background-attachment":"scroll","background-type":"","background-media":"","overlay-type":"","overlay-color":"","overlay-opacity":"","overlay-gradient":""},"mobile":{"background-color":"","background-image":"","background-repeat":"repeat","background-position":"center center","background-size":"auto","background-attachment":"scroll","background-type":"","background-media":"","overlay-type":"","overlay-color":"","overlay-opacity":"","overlay-gradient":""}},"ast-content-background-meta":{"desktop":{"background-color":"var(--ast-global-color-5)","background-image":"","background-repeat":"repeat","background-position":"center center","background-size":"auto","background-attachment":"scroll","background-type":"","background-media":"","overlay-type":"","overlay-color":"","overlay-opacity":"","overlay-gradient":""},"tablet":{"background-color":"var(--ast-global-color-5)","background-image":"","background-repeat":"repeat","background-position":"center center","background-size":"auto","background-attachment":"scroll","background-type":"","background-media":"","overlay-type":"","overlay-color":"","overlay-opacity":"","overlay-gradient":""},"mobile":{"background-color":"var(--ast-global-color-5)","background-image":"","background-repeat":"repeat","background-position":"center center","background-size":"auto","background-attachment":"scroll","background-type":"","background-media":"","overlay-type":"","overlay-color":"","overlay-opacity":"","overlay-gradient":""}}},"product_brand":[],"product_cat":[75,15,426],"product_tag":[],"class_list":{"0":"post-10113","1":"product","2":"type-product","3":"status-publish","4":"has-post-thumbnail","6":"product_cat-kreemid-naole","7":"product_cat-naole","8":"product_cat-uued-tooted","9":"desktop-align-center","10":"tablet-align-left","11":"mobile-align-left","13":"first","14":"instock","15":"taxable","16":"shipping-taxable","17":"purchasable","18":"product-type-simple","19":"add-to-wishlist-before_image"},"aioseo_notices":[],"_links":{"self":[{"href":"https:\/\/kosmeetika24.eu\/et\/wp-json\/wp\/v2\/product\/10113","targetHints":{"allow":["GET"]}}],"collection":[{"href":"https:\/\/kosmeetika24.eu\/et\/wp-json\/wp\/v2\/product"}],"about":[{"href":"https:\/\/kosmeetika24.eu\/et\/wp-json\/wp\/v2\/types\/product"}],"version-history":[{"count":11,"href":"https:\/\/kosmeetika24.eu\/et\/wp-json\/wp\/v2\/product\/10113\/revisions"}],"predecessor-version":[{"id":10199,"href":"https:\/\/kosmeetika24.eu\/et\/wp-json\/wp\/v2\/product\/10113\/revisions\/10199"}],"wp:featuredmedia":[{"embeddable":true,"href":"https:\/\/kosmeetika24.eu\/et\/wp-json\/wp\/v2\/media\/10114"}],"wp:attachment":[{"href":"https:\/\/kosmeetika24.eu\/et\/wp-json\/wp\/v2\/media?parent=10113"}],"wp:term":[{"taxonomy":"product_brand","embeddable":true,"href":"https:\/\/kosmeetika24.eu\/et\/wp-json\/wp\/v2\/product_brand?post=10113"},{"taxonomy":"product_cat","embeddable":true,"href":"https:\/\/kosmeetika24.eu\/et\/wp-json\/wp\/v2\/product_cat?post=10113"},{"taxonomy":"product_tag","embeddable":true,"href":"https:\/\/kosmeetika24.eu\/et\/wp-json\/wp\/v2\/product_tag?post=10113"}],"curies":[{"name":"wp","href":"https:\/\/api.w.org\/{rel}","templated":true}]}}