{"id":10109,"date":"2025-04-11T16:33:20","date_gmt":"2025-04-11T13:33:20","guid":{"rendered":"https:\/\/kosmeetika24.eu\/?post_type=product&#038;p=10109"},"modified":"2025-09-30T14:46:55","modified_gmt":"2025-09-30T11:46:55","slug":"dalton-hand-care-vananemis-vastane-katekreem","status":"publish","type":"product","link":"https:\/\/kosmeetika24.eu\/et\/toode\/dalton-hand-care-vananemis-vastane-katekreem\/","title":{"rendered":"Dalton &#8211; Hand Care &#8211; Anti-Aging Hand Cream"},"content":{"rendered":"<p class=\"\" data-start=\"0\" data-end=\"281\">P\u00e4ev-p\u00e4evalt j\u00e4tab aeg oma j\u00e4lje meie nahale \u2013 mitte ainult n\u00e4ole, vaid ka k\u00e4tele.<br data-start=\"82\" data-end=\"85\" \/>Niisutav vananemisvastane k\u00e4tekreem pruunvetika ja B3-vitamiiniga v\u00e4hendab tumedate ja vanuselaikude n\u00e4htavust, ennetab uue h\u00fcperpigmentatsiooni teket ning muudab naha \u00fchtlasemaks ja siledamaks.<\/p>\n<p class=\"\" data-start=\"283\" data-end=\"531\">Kreem on rikastatud meie ainulaadse <strong data-start=\"319\" data-end=\"346\">Celumer mereekstraktiga<\/strong>, mis ergutab rakkude ainevahetust ning silub jooni ja kortse.<br data-start=\"408\" data-end=\"411\" \/>Toitev trio \u2013 <strong data-start=\"425\" data-end=\"472\">sheav\u00f5i, nurmenuku seemne\u00f5li ja avokaado\u00f5li<\/strong> \u2013 aitab pehmendada ning kaitsta l\u00f5henenud ja kuivi k\u00e4si.<\/p>\n<p class=\"\" data-start=\"533\" data-end=\"624\">See kortsudevastane k\u00e4tekreem imendub kiiresti, j\u00e4tmata nahale rasvast ega kleepuvat kihti.<\/p>\n<p class=\"\" data-start=\"351\" data-end=\"630\"><strong data-start=\"351\" data-end=\"366\">Kasutamine:<\/strong><br data-start=\"366\" data-end=\"369\" \/>Kanna herne- kuni sarapuup\u00e4hkli suurune kogus kreemi k\u00e4tele ja masseeri \u00f5rnalt nahka. T\u00f5husaks vanuselaikude ja h\u00fcperpigmentatsiooni hoolduseks v\u00f5ib kasutada ka k\u00e4emaskina: kanna nahale paksem kiht, t\u00f5mba k\u00e4tte puuvillased kindad ja lase m\u00f5juda 15\u201320 minutit.<\/p>\n<p class=\"\" data-start=\"632\" data-end=\"825\"><strong data-start=\"632\" data-end=\"641\">Nipp:<\/strong><br data-start=\"641\" data-end=\"644\" \/>Sage k\u00e4tepesu ja desinfitseerimine v\u00f5ivad nahka kurnata. Kiiresti imenduv vananemisvastane k\u00e4tekreem aitab taastada naha loomuliku kaitsebarj\u00e4\u00e4ri ning j\u00e4tab kauakestva mugavustunde.<\/p>\n<p><strong>KOOSTIS:<br \/>\n<\/strong>Aqua\/Water, Pentylene Glycol, Glycerin, Isopropyl Myristate, Persea Gratissima Avocado) Oil, Butyrospermum Parkii (Shea) Butter, Cetearyl Alcohol, Limnanthes Alba (Meadowfoam) Seed Oil, Chondrus Crispus Powder, Niacinamide, Caviar Extract, Maris Aqua\/Sea Water, Maris Limus Extract\/Sea Silt Extract, Ostrea Shell Extract\/Oyster Shell Extract, Saccharide Isomerate, Spirulina Maxima Extract, Algae Extract\/Alaria Esculenta Extract, Dictyopteris Polypodioides Extract, Sodium Ascorbyl Phosphate, Caprylic\/Capric Triglyceride, Xanthan Gum, Sodium Stearoyl Glutamate, Propylene Glycol, Phenoxyethanol, Citric Acid, Hydroxyacetophenone, Potassium Sorbate, Parfum\/Fragrance, Linalool, Citronellol, Limonene, Benzyl Salicylate, Geraniol.<\/p>\n<p><span style=\"font-size: xx-small;\">265.33 \u20ac\/l<\/span><\/p>\n","protected":false},"excerpt":{"rendered":"<p class=\"\" data-start=\"34\" data-end=\"171\">Silendav k\u00e4tekreem niatsiinamiidiga tumedate laikude v\u00e4hendamiseks<\/p>\n<p class=\"\" data-start=\"173\" data-end=\"193\"><strong data-start=\"173\" data-end=\"191\">Toote eelised:<\/strong><\/p>\n<ul data-start=\"194\" data-end=\"349\">\n<li class=\"\" data-start=\"194\" data-end=\"242\">\n<p class=\"\" data-start=\"196\" data-end=\"242\">Aitab v\u00e4hendada pigmendilaike ja vanuselaike<\/p>\n<\/li>\n<li class=\"\" data-start=\"243\" data-end=\"269\">\n<p class=\"\" data-start=\"245\" data-end=\"269\">Kiiresti imenduv kreem<\/p>\n<\/li>\n<li class=\"\" data-start=\"270\" data-end=\"313\">\n<p class=\"\" data-start=\"272\" data-end=\"313\">Sisaldab niatsiinamiidi ja pruunvetikat<\/p>\n<\/li>\n<li class=\"\" data-start=\"314\" data-end=\"330\">\n<p class=\"\" data-start=\"316\" data-end=\"330\">Silub kortse<\/p>\n<\/li>\n<li class=\"\" data-start=\"331\" data-end=\"349\">\n<p class=\"\" data-start=\"333\" data-end=\"349\">Niisutab nahka<\/p>\n<\/li>\n<\/ul>\n<p>75 ml<\/p>\n","protected":false},"featured_media":10110,"template":"","meta":{"om_disable_all_campaigns":false,"_monsterinsights_skip_tracking":false,"_monsterinsights_sitenote_active":false,"_monsterinsights_sitenote_note":"","_monsterinsights_sitenote_category":0,"_uf_show_specific_survey":0,"_uf_disable_surveys":false,"site-sidebar-layout":"default","site-content-layout":"","ast-site-content-layout":"default","site-content-style":"default","site-sidebar-style":"default","ast-global-header-display":"","ast-banner-title-visibility":"","ast-main-header-display":"","ast-hfb-above-header-display":"","ast-hfb-below-header-display":"","ast-hfb-mobile-header-display":"","site-post-title":"","ast-breadcrumbs-content":"","ast-featured-img":"","footer-sml-layout":"","theme-transparent-header-meta":"default","adv-header-id-meta":"","stick-header-meta":"","header-above-stick-meta":"","header-main-stick-meta":"","header-below-stick-meta":"","astra-migrate-meta-layouts":"set","ast-page-background-enabled":"default","ast-page-background-meta":{"desktop":{"background-color":"var(--ast-global-color-4)","background-image":"","background-repeat":"repeat","background-position":"center center","background-size":"auto","background-attachment":"scroll","background-type":"","background-media":"","overlay-type":"","overlay-color":"","overlay-opacity":"","overlay-gradient":""},"tablet":{"background-color":"","background-image":"","background-repeat":"repeat","background-position":"center center","background-size":"auto","background-attachment":"scroll","background-type":"","background-media":"","overlay-type":"","overlay-color":"","overlay-opacity":"","overlay-gradient":""},"mobile":{"background-color":"","background-image":"","background-repeat":"repeat","background-position":"center center","background-size":"auto","background-attachment":"scroll","background-type":"","background-media":"","overlay-type":"","overlay-color":"","overlay-opacity":"","overlay-gradient":""}},"ast-content-background-meta":{"desktop":{"background-color":"var(--ast-global-color-5)","background-image":"","background-repeat":"repeat","background-position":"center center","background-size":"auto","background-attachment":"scroll","background-type":"","background-media":"","overlay-type":"","overlay-color":"","overlay-opacity":"","overlay-gradient":""},"tablet":{"background-color":"var(--ast-global-color-5)","background-image":"","background-repeat":"repeat","background-position":"center center","background-size":"auto","background-attachment":"scroll","background-type":"","background-media":"","overlay-type":"","overlay-color":"","overlay-opacity":"","overlay-gradient":""},"mobile":{"background-color":"var(--ast-global-color-5)","background-image":"","background-repeat":"repeat","background-position":"center center","background-size":"auto","background-attachment":"scroll","background-type":"","background-media":"","overlay-type":"","overlay-color":"","overlay-opacity":"","overlay-gradient":""}}},"product_brand":[],"product_cat":[343,46,426],"product_tag":[],"class_list":{"0":"post-10109","1":"product","2":"type-product","3":"status-publish","4":"has-post-thumbnail","6":"product_cat-katekreemid","7":"product_cat-kehale","8":"product_cat-uued-tooted","9":"desktop-align-center","10":"tablet-align-left","11":"mobile-align-left","13":"first","14":"instock","15":"taxable","16":"shipping-taxable","17":"purchasable","18":"product-type-simple","19":"add-to-wishlist-before_image"},"aioseo_notices":[],"_links":{"self":[{"href":"https:\/\/kosmeetika24.eu\/et\/wp-json\/wp\/v2\/product\/10109","targetHints":{"allow":["GET"]}}],"collection":[{"href":"https:\/\/kosmeetika24.eu\/et\/wp-json\/wp\/v2\/product"}],"about":[{"href":"https:\/\/kosmeetika24.eu\/et\/wp-json\/wp\/v2\/types\/product"}],"version-history":[{"count":5,"href":"https:\/\/kosmeetika24.eu\/et\/wp-json\/wp\/v2\/product\/10109\/revisions"}],"predecessor-version":[{"id":10496,"href":"https:\/\/kosmeetika24.eu\/et\/wp-json\/wp\/v2\/product\/10109\/revisions\/10496"}],"wp:featuredmedia":[{"embeddable":true,"href":"https:\/\/kosmeetika24.eu\/et\/wp-json\/wp\/v2\/media\/10110"}],"wp:attachment":[{"href":"https:\/\/kosmeetika24.eu\/et\/wp-json\/wp\/v2\/media?parent=10109"}],"wp:term":[{"taxonomy":"product_brand","embeddable":true,"href":"https:\/\/kosmeetika24.eu\/et\/wp-json\/wp\/v2\/product_brand?post=10109"},{"taxonomy":"product_cat","embeddable":true,"href":"https:\/\/kosmeetika24.eu\/et\/wp-json\/wp\/v2\/product_cat?post=10109"},{"taxonomy":"product_tag","embeddable":true,"href":"https:\/\/kosmeetika24.eu\/et\/wp-json\/wp\/v2\/product_tag?post=10109"}],"curies":[{"name":"wp","href":"https:\/\/api.w.org\/{rel}","templated":true}]}}