{"id":10103,"date":"2025-04-11T16:34:06","date_gmt":"2025-04-11T13:34:06","guid":{"rendered":"https:\/\/kosmeetika24.eu\/?post_type=product&#038;p=10103"},"modified":"2025-09-18T16:09:18","modified_gmt":"2025-09-18T13:09:18","slug":"dalton-mineral-care-kehapiim-surnumere-soolaga","status":"publish","type":"product","link":"https:\/\/kosmeetika24.eu\/et\/toode\/dalton-mineral-care-kehapiim-surnumere-soolaga\/","title":{"rendered":"Dalton &#8211; Mineral Care &#8211; Dead Sea Salt Body Lotion"},"content":{"rendered":"<p><span style=\"font-size: 16px;\">Kas oled tuttav kuivade, kestendavate nahal\u00f6\u00f6vetega, millega kaasneb s\u00fcgelus ja ebameeldiv pingulolekutunne? Daltoni <\/span><strong style=\"font-size: 16px;\">kerge kehapiim Surnumere soolaga<\/strong><span style=\"font-size: 16px;\"> toetab nahka hoolikalt valitud kaitsvate toimeainete kombinatsiooniga.<\/span><\/p>\n<p>Surnumere soolas sisalduv k\u00f5rge magneesiumkloriidi sisaldus ja meremineraalide kaltsium ergutavad rakkude aktiivsust. See merep\u00e4ritolu duo tugevdab nahabarj\u00e4\u00e4ri, soodustab naha uuenemist, leevendab s\u00fcgelust ning sobib suurep\u00e4raselt ka tundlikule nahale.<\/p>\n<p>Uurea ja pantenool rahustavad ja niisutavad nahka s\u00fcgavuti. Gl\u00fctseriin tugevdab niisutavat toimet ja parandab naha elastsust. Jojoobi\u00f5list ja sheav\u00f5ist p\u00e4rit toitvad lipiidid hoiavad naha pehme ja elastsena, samas kui allantoiin ja bisabolool toetavad naha taastumist.<\/p>\n<p><strong>Kerge kehapiim Surnumere soolaga sobib suurep\u00e4raselt kuivale, ekseemile kalduvale nahale ning ka psoriaasi korral.<\/strong><\/p>\n<p class=\"\" data-start=\"682\" data-end=\"788\"><strong data-start=\"682\" data-end=\"697\">Kasutamine:<\/strong><br data-start=\"697\" data-end=\"700\" \/>Kanna kehapiim peale pesemist v\u00f5i vastavalt vajadusele ning masseeri \u00fchtlaselt nahale.<\/p>\n<p class=\"\" data-start=\"790\" data-end=\"874\"><strong data-start=\"790\" data-end=\"799\">Nipp:<\/strong><br data-start=\"799\" data-end=\"802\" \/>See kehakreem pakub kiiret leevendust raseerimisj\u00e4rgsele naha\u00e4rritusele.<\/p>\n<p><strong>KOOSTIS:<\/strong><br \/>\nAqua\/Water, Glycerin, Octyldodecanol, Butyrospermum Parkii (Shea) Butter, Decyl Oleate, Glyceryl Stearate Citrate, Cetearyl Alcohol, Simmmondsia Chinensis (Jojoba) Seed Oil, Urea, Coco-Caprylate\/Caprate, Maris Sal\/Sea Salt, Panthenol, Maris Aqua\/Sea Water, Allantoin, Tocopheryl Acetate, Bisabolol, Xanthan Gum, Glyceryl Stearate, Hydroxyacetophenone, 1,2-Hexanediol, Caprylyl Glycol, Tocopherol, Phenoxyethanol, Sodium Hydroxide, Hydrogenated Palm Glycerides<\/p>\n<p>99.50 \u20ac\/l<\/p>\n","protected":false},"excerpt":{"rendered":"<p class=\"\" data-start=\"34\" data-end=\"190\">Niisutav kehapiim v\u00e4ga kuivale, ekseemile v\u00f5i psoriaasile kalduvale nahale<\/p>\n<p class=\"\" data-start=\"192\" data-end=\"212\"><strong data-start=\"192\" data-end=\"210\">Toote eelised:<\/strong><\/p>\n<ul data-start=\"213\" data-end=\"680\">\n<li class=\"\" data-start=\"213\" data-end=\"258\">\n<p class=\"\" data-start=\"215\" data-end=\"258\">Nahka rahustav kehapiim Surnumere soolaga<\/p>\n<\/li>\n<li class=\"\" data-start=\"259\" data-end=\"309\">\n<p class=\"\" data-start=\"261\" data-end=\"309\">Leevendab s\u00fcgelevat nahka ja niisutab s\u00fcgavuti<\/p>\n<\/li>\n<li class=\"\" data-start=\"310\" data-end=\"353\">\n<p class=\"\" data-start=\"312\" data-end=\"353\">Imendub kiiresti ega j\u00e4ta rasvast kihti<\/p>\n<\/li>\n<li class=\"\" data-start=\"354\" data-end=\"399\">\n<p class=\"\" data-start=\"356\" data-end=\"399\">Uurea kaitseb kuiva nahka niiskuskao eest<\/p>\n<\/li>\n<li class=\"\" data-start=\"400\" data-end=\"438\">\n<p class=\"\" data-start=\"402\" data-end=\"438\">Pantenool rahustab \u00e4rritunud nahka<\/p>\n<\/li>\n<li class=\"\" data-start=\"439\" data-end=\"493\">\n<p class=\"\" data-start=\"441\" data-end=\"493\">Dermatoloogiliselt testitud, hinnang \u201eSuurep\u00e4rane\u201c<\/p>\n<\/li>\n<li class=\"\" data-start=\"494\" data-end=\"525\">\n<p class=\"\" data-start=\"496\" data-end=\"525\">95% looduslikud koostisosad<\/p>\n<\/li>\n<li class=\"\" data-start=\"526\" data-end=\"624\">\n<p class=\"\" data-start=\"528\" data-end=\"624\">L\u00f5hna- ja v\u00e4rvainetevaba, ei sisalda kortisooni, mikroplasti, PEG-i, mineraal\u00f5li ega parabeene<\/p>\n<\/li>\n<li class=\"\" data-start=\"625\" data-end=\"680\">\n<p class=\"\" data-start=\"627\" data-end=\"680\">Hooli keskkonnast! Kreemipump on 100% taaskasutatav<\/p>\n<\/li>\n<\/ul>\n<p>200 ml<\/p>\n<p class=\"\" data-start=\"790\" data-end=\"874\">\n","protected":false},"featured_media":10105,"template":"","meta":{"om_disable_all_campaigns":false,"_monsterinsights_skip_tracking":false,"_monsterinsights_sitenote_active":false,"_monsterinsights_sitenote_note":"","_monsterinsights_sitenote_category":0,"_uf_show_specific_survey":0,"_uf_disable_surveys":false,"site-sidebar-layout":"default","site-content-layout":"","ast-site-content-layout":"default","site-content-style":"default","site-sidebar-style":"default","ast-global-header-display":"","ast-banner-title-visibility":"","ast-main-header-display":"","ast-hfb-above-header-display":"","ast-hfb-below-header-display":"","ast-hfb-mobile-header-display":"","site-post-title":"","ast-breadcrumbs-content":"","ast-featured-img":"","footer-sml-layout":"","theme-transparent-header-meta":"default","adv-header-id-meta":"","stick-header-meta":"","header-above-stick-meta":"","header-main-stick-meta":"","header-below-stick-meta":"","astra-migrate-meta-layouts":"set","ast-page-background-enabled":"default","ast-page-background-meta":{"desktop":{"background-color":"var(--ast-global-color-4)","background-image":"","background-repeat":"repeat","background-position":"center center","background-size":"auto","background-attachment":"scroll","background-type":"","background-media":"","overlay-type":"","overlay-color":"","overlay-opacity":"","overlay-gradient":""},"tablet":{"background-color":"","background-image":"","background-repeat":"repeat","background-position":"center center","background-size":"auto","background-attachment":"scroll","background-type":"","background-media":"","overlay-type":"","overlay-color":"","overlay-opacity":"","overlay-gradient":""},"mobile":{"background-color":"","background-image":"","background-repeat":"repeat","background-position":"center center","background-size":"auto","background-attachment":"scroll","background-type":"","background-media":"","overlay-type":"","overlay-color":"","overlay-opacity":"","overlay-gradient":""}},"ast-content-background-meta":{"desktop":{"background-color":"var(--ast-global-color-5)","background-image":"","background-repeat":"repeat","background-position":"center center","background-size":"auto","background-attachment":"scroll","background-type":"","background-media":"","overlay-type":"","overlay-color":"","overlay-opacity":"","overlay-gradient":""},"tablet":{"background-color":"var(--ast-global-color-5)","background-image":"","background-repeat":"repeat","background-position":"center center","background-size":"auto","background-attachment":"scroll","background-type":"","background-media":"","overlay-type":"","overlay-color":"","overlay-opacity":"","overlay-gradient":""},"mobile":{"background-color":"var(--ast-global-color-5)","background-image":"","background-repeat":"repeat","background-position":"center center","background-size":"auto","background-attachment":"scroll","background-type":"","background-media":"","overlay-type":"","overlay-color":"","overlay-opacity":"","overlay-gradient":""}}},"product_brand":[],"product_cat":[46,354,426],"product_tag":[],"class_list":{"0":"post-10103","1":"product","2":"type-product","3":"status-publish","4":"has-post-thumbnail","6":"product_cat-kehale","7":"product_cat-kreemid-kehale","8":"product_cat-uued-tooted","9":"desktop-align-center","10":"tablet-align-left","11":"mobile-align-left","13":"first","14":"instock","15":"taxable","16":"shipping-taxable","17":"purchasable","18":"product-type-simple","19":"add-to-wishlist-before_image"},"aioseo_notices":[],"_links":{"self":[{"href":"https:\/\/kosmeetika24.eu\/et\/wp-json\/wp\/v2\/product\/10103","targetHints":{"allow":["GET"]}}],"collection":[{"href":"https:\/\/kosmeetika24.eu\/et\/wp-json\/wp\/v2\/product"}],"about":[{"href":"https:\/\/kosmeetika24.eu\/et\/wp-json\/wp\/v2\/types\/product"}],"version-history":[{"count":6,"href":"https:\/\/kosmeetika24.eu\/et\/wp-json\/wp\/v2\/product\/10103\/revisions"}],"predecessor-version":[{"id":10467,"href":"https:\/\/kosmeetika24.eu\/et\/wp-json\/wp\/v2\/product\/10103\/revisions\/10467"}],"wp:featuredmedia":[{"embeddable":true,"href":"https:\/\/kosmeetika24.eu\/et\/wp-json\/wp\/v2\/media\/10105"}],"wp:attachment":[{"href":"https:\/\/kosmeetika24.eu\/et\/wp-json\/wp\/v2\/media?parent=10103"}],"wp:term":[{"taxonomy":"product_brand","embeddable":true,"href":"https:\/\/kosmeetika24.eu\/et\/wp-json\/wp\/v2\/product_brand?post=10103"},{"taxonomy":"product_cat","embeddable":true,"href":"https:\/\/kosmeetika24.eu\/et\/wp-json\/wp\/v2\/product_cat?post=10103"},{"taxonomy":"product_tag","embeddable":true,"href":"https:\/\/kosmeetika24.eu\/et\/wp-json\/wp\/v2\/product_tag?post=10103"}],"curies":[{"name":"wp","href":"https:\/\/api.w.org\/{rel}","templated":true}]}}