{"id":10100,"date":"2025-04-11T16:22:08","date_gmt":"2025-04-11T13:22:08","guid":{"rendered":"https:\/\/kosmeetika24.eu\/?post_type=product&#038;p=10100"},"modified":"2025-09-30T15:10:23","modified_gmt":"2025-09-30T12:10:23","slug":"dalton-mineral-care-dead-sea-salt-intense-lipid-cream","status":"publish","type":"product","link":"https:\/\/kosmeetika24.eu\/et\/toode\/dalton-mineral-care-dead-sea-salt-intense-lipid-cream\/","title":{"rendered":"Dalton &#8211; Mineral Care &#8211; Dead Sea Salt Intense Lipid Cream"},"content":{"rendered":"<p class=\"\" data-start=\"0\" data-end=\"242\">Kas Sind vaevab kuiv, s\u00fcgelev nahk v\u00f5i kaldus nahaprobleemidele nagu ekseem, dermatiit v\u00f5i psoriaas? Daltoni <strong data-start=\"111\" data-end=\"156\">Surnumere soolaga intensiivne lipiidkreem<\/strong> v\u00e4ga kuivale ja kestendavale nahale p\u00f5hineb kahel t\u00f5husal merep\u00e4ritolu koostisosal.<\/p>\n<p class=\"\" data-start=\"244\" data-end=\"589\">Surnumere soolas sisalduv k\u00f5rge magneesiumkloriidi sisaldus ning meremineraalides leiduv oluline kaltsium aitavad leevendada \u00e4rritunud naha erinevaid s\u00fcmptomeid. Need koostisosad on nahale v\u00e4ga \u00f5rnad ning sisaldavad olulisi mineraale, mis ergutavad rakkude tegevust, tugevdavad nahabarj\u00e4\u00e4ri, soodustavad naha uuenemist ja leevendavad s\u00fcgelust.<\/p>\n<p class=\"\" data-start=\"591\" data-end=\"940\"><em>Uurea<\/em> ja pantenool niisutavad nahka, toetavad loomulikku kestenduse reguleerimist ja rahustavad tundlikku nahka.<\/p>\n<p class=\"\" data-start=\"591\" data-end=\"940\"><em>Mesilasvaha<\/em> moodustab kaitsva barj\u00e4\u00e4ri, koormamata nahka, ja varustab seda toitvate lipiididega.<\/p>\n<p class=\"\" data-start=\"591\" data-end=\"940\"><em>Jojoobi\u00f5li<\/em> v\u00e4hendab pingulolekut ja silub nahapinda<em> E-vitamiin<\/em> neutraliseerib vabu radikaale ning <em>bisabolool<\/em> tugevdab rahustavat toimet.<\/p>\n<p class=\"\" data-start=\"942\" data-end=\"1091\"><strong data-start=\"942\" data-end=\"1089\">Intensiivne lipiidkreem sobib suurep\u00e4raselt ka ekseemi \u00e4genemise ajal toetavaks nahahoolduseks ning atoopilisele dermatiidile kalduvale nahale.<br \/>\n<\/strong><\/p>\n<p class=\"\" data-start=\"942\" data-end=\"1091\"><strong data-start=\"942\" data-end=\"1089\">KASUTAMINE<br data-start=\"742\" data-end=\"745\" \/><\/strong>Intensiivset lipiidkreemi v\u00f5ib kasutada n\u00e4okreemina v\u00f5i teistel probleemsetel piirkondadel, n\u00e4iteks k\u00fc\u00fcnarnukkidel, k\u00e4sivartel ja p\u00f5lve\u00f5ndlates.<br \/>\n<strong><br \/>\nKOOSTIS<br \/>\n<\/strong>Aqua\/Water, Caprylic\/Capric Triglyceride, Decyl Oleate, Tocopherol, Hydrogenated Palm Glycerides Citrate, Octyldodecanol, Polyglyceryl-4 Diisostearate\/Polyhydroxystearate\/Sebacate, Dipropylheptyl Carbonate, Tocopherol, Glycerin, Urea, Cera Alba\/Beeswax, Zinc Oxide (CI 77947), Simmondsia Chinensis (Jojoba) Seed Oil, Magnesium Sulfate, Maris Sal\/Sea Salt, Panthenol, Maris Aqua\/Sea Water, Allantoin, Bisabolol, Tocopheryl Acetate, Tocopherol, Zinc Stearate, Caprylyl Glycol, Sodium Hydroxide, 1,2-Hexanediol, Phenoxyethanol, Hydroxyacetophenone<\/p>\n<p data-start=\"942\" data-end=\"1091\"><span style=\"font-size: xx-small;\">498.-\u20ac\/l<\/span><\/p>\n","protected":false},"excerpt":{"rendered":"<p class=\"\" data-start=\"34\" data-end=\"223\">Lipiidide rikas, s\u00fcgelust leevendav kreem v\u00e4ga kuivale, ekseemile v\u00f5i psoriaasile kalduvale nahale<\/p>\n<p data-start=\"34\" data-end=\"223\">50 ml<\/p>\n<p class=\"\" data-start=\"225\" data-end=\"245\"><strong data-start=\"225\" data-end=\"243\">Toote eelised:<\/strong><\/p>\n<ul data-start=\"246\" data-end=\"725\">\n<li class=\"\" data-start=\"246\" data-end=\"317\">\n<p class=\"\" data-start=\"248\" data-end=\"317\">V\u00e4ga rikkalik, salvitaoline emulsioon originaalse Surnumere soolaga<\/p>\n<\/li>\n<li class=\"\" data-start=\"318\" data-end=\"363\">\n<p class=\"\" data-start=\"320\" data-end=\"363\">Leevendab s\u00fcgelevat ja pingulolevat nahka<\/p>\n<\/li>\n<li class=\"\" data-start=\"364\" data-end=\"416\">\n<p class=\"\" data-start=\"366\" data-end=\"416\">Mesilasvaha toetab terve nahabarj\u00e4\u00e4ri taastumist<\/p>\n<\/li>\n<li class=\"\" data-start=\"417\" data-end=\"456\">\n<p class=\"\" data-start=\"419\" data-end=\"456\">Uurea kaitseb nahka niiskuskao eest<\/p>\n<\/li>\n<li class=\"\" data-start=\"457\" data-end=\"485\">\n<p class=\"\" data-start=\"459\" data-end=\"485\">Pantenool rahustab nahka<\/p>\n<\/li>\n<li class=\"\" data-start=\"486\" data-end=\"540\">\n<p class=\"\" data-start=\"488\" data-end=\"540\">Dermatoloogiliselt testitud, hinnang \u201eSuurep\u00e4rane\u201c<\/p>\n<\/li>\n<li class=\"\" data-start=\"541\" data-end=\"572\">\n<p class=\"\" data-start=\"543\" data-end=\"572\">89% looduslikud koostisosad<\/p>\n<\/li>\n<li class=\"\" data-start=\"573\" data-end=\"671\">\n<p class=\"\" data-start=\"575\" data-end=\"671\">L\u00f5hna- ja v\u00e4rvainetevaba, ei sisalda kortisooni, mikroplasti, PEG-i, mineraal\u00f5li ega parabeene<\/p>\n<\/li>\n<\/ul>\n","protected":false},"featured_media":10101,"template":"","meta":{"om_disable_all_campaigns":false,"_monsterinsights_skip_tracking":false,"_monsterinsights_sitenote_active":false,"_monsterinsights_sitenote_note":"","_monsterinsights_sitenote_category":0,"_uf_show_specific_survey":0,"_uf_disable_surveys":false,"site-sidebar-layout":"default","site-content-layout":"","ast-site-content-layout":"default","site-content-style":"default","site-sidebar-style":"default","ast-global-header-display":"","ast-banner-title-visibility":"","ast-main-header-display":"","ast-hfb-above-header-display":"","ast-hfb-below-header-display":"","ast-hfb-mobile-header-display":"","site-post-title":"","ast-breadcrumbs-content":"","ast-featured-img":"","footer-sml-layout":"","theme-transparent-header-meta":"default","adv-header-id-meta":"","stick-header-meta":"","header-above-stick-meta":"","header-main-stick-meta":"","header-below-stick-meta":"","astra-migrate-meta-layouts":"set","ast-page-background-enabled":"default","ast-page-background-meta":{"desktop":{"background-color":"var(--ast-global-color-4)","background-image":"","background-repeat":"repeat","background-position":"center center","background-size":"auto","background-attachment":"scroll","background-type":"","background-media":"","overlay-type":"","overlay-color":"","overlay-opacity":"","overlay-gradient":""},"tablet":{"background-color":"","background-image":"","background-repeat":"repeat","background-position":"center center","background-size":"auto","background-attachment":"scroll","background-type":"","background-media":"","overlay-type":"","overlay-color":"","overlay-opacity":"","overlay-gradient":""},"mobile":{"background-color":"","background-image":"","background-repeat":"repeat","background-position":"center center","background-size":"auto","background-attachment":"scroll","background-type":"","background-media":"","overlay-type":"","overlay-color":"","overlay-opacity":"","overlay-gradient":""}},"ast-content-background-meta":{"desktop":{"background-color":"var(--ast-global-color-5)","background-image":"","background-repeat":"repeat","background-position":"center center","background-size":"auto","background-attachment":"scroll","background-type":"","background-media":"","overlay-type":"","overlay-color":"","overlay-opacity":"","overlay-gradient":""},"tablet":{"background-color":"var(--ast-global-color-5)","background-image":"","background-repeat":"repeat","background-position":"center center","background-size":"auto","background-attachment":"scroll","background-type":"","background-media":"","overlay-type":"","overlay-color":"","overlay-opacity":"","overlay-gradient":""},"mobile":{"background-color":"var(--ast-global-color-5)","background-image":"","background-repeat":"repeat","background-position":"center center","background-size":"auto","background-attachment":"scroll","background-type":"","background-media":"","overlay-type":"","overlay-color":"","overlay-opacity":"","overlay-gradient":""}}},"product_brand":[],"product_cat":[75,426],"product_tag":[],"class_list":{"0":"post-10100","1":"product","2":"type-product","3":"status-publish","4":"has-post-thumbnail","6":"product_cat-kreemid-naole","7":"product_cat-uued-tooted","8":"desktop-align-center","9":"tablet-align-left","10":"mobile-align-left","12":"first","13":"instock","14":"taxable","15":"shipping-taxable","16":"purchasable","17":"product-type-simple","18":"add-to-wishlist-before_image"},"aioseo_notices":[],"_links":{"self":[{"href":"https:\/\/kosmeetika24.eu\/et\/wp-json\/wp\/v2\/product\/10100","targetHints":{"allow":["GET"]}}],"collection":[{"href":"https:\/\/kosmeetika24.eu\/et\/wp-json\/wp\/v2\/product"}],"about":[{"href":"https:\/\/kosmeetika24.eu\/et\/wp-json\/wp\/v2\/types\/product"}],"version-history":[{"count":9,"href":"https:\/\/kosmeetika24.eu\/et\/wp-json\/wp\/v2\/product\/10100\/revisions"}],"predecessor-version":[{"id":10501,"href":"https:\/\/kosmeetika24.eu\/et\/wp-json\/wp\/v2\/product\/10100\/revisions\/10501"}],"wp:featuredmedia":[{"embeddable":true,"href":"https:\/\/kosmeetika24.eu\/et\/wp-json\/wp\/v2\/media\/10101"}],"wp:attachment":[{"href":"https:\/\/kosmeetika24.eu\/et\/wp-json\/wp\/v2\/media?parent=10100"}],"wp:term":[{"taxonomy":"product_brand","embeddable":true,"href":"https:\/\/kosmeetika24.eu\/et\/wp-json\/wp\/v2\/product_brand?post=10100"},{"taxonomy":"product_cat","embeddable":true,"href":"https:\/\/kosmeetika24.eu\/et\/wp-json\/wp\/v2\/product_cat?post=10100"},{"taxonomy":"product_tag","embeddable":true,"href":"https:\/\/kosmeetika24.eu\/et\/wp-json\/wp\/v2\/product_tag?post=10100"}],"curies":[{"name":"wp","href":"https:\/\/api.w.org\/{rel}","templated":true}]}}