{"id":10095,"date":"2025-04-11T16:34:31","date_gmt":"2025-04-11T13:34:31","guid":{"rendered":"https:\/\/kosmeetika24.eu\/?post_type=product&#038;p=10095"},"modified":"2025-09-30T14:40:03","modified_gmt":"2025-09-30T11:40:03","slug":"dalton-mineral-care-rahustav-kreem-surnumere-soolaga","status":"publish","type":"product","link":"https:\/\/kosmeetika24.eu\/et\/toode\/dalton-mineral-care-rahustav-kreem-surnumere-soolaga\/","title":{"rendered":"Dalton &#8211; Mineral Care &#8211; Dead Sea Salt Moisturizing Cream"},"content":{"rendered":"<p class=\"\" data-start=\"0\" data-end=\"322\">Daltoni niisutav, s\u00fcgelust leevendav ja rahustav kreem sobib ideaalselt kuivale, kestendavale ja ekseemile kalduvale nahale.<\/p>\n<p class=\"\" data-start=\"0\" data-end=\"322\"><em>Surnumere soolas<\/em> sisalduv magneesiumkloriid ja meremineraalide koostises olev kaltsium moodustavad \u00fcletamatu aktiivainete duo, mis hooldab t\u00f5husalt atoopilise dermatiidi ja psoriaasi korral esinevat kuiva nahka.<\/p>\n<p class=\"\" data-start=\"487\" data-end=\"636\"><em>Uurea<\/em> ja <em>pantenool<\/em> hoiavad naha niisutatuna, reguleerivad kestendust ja rahustavad tundlikku nahka. Gl\u00fctseriin niisutab ja parandab naha elastsust.<\/p>\n<p class=\"\" data-start=\"638\" data-end=\"873\">Toitev <em>sheav\u00f5i<\/em> ja <em>jojoobi\u00f5li<\/em> kooslus silub nahka, v\u00e4hendab ebameeldivat pingulolekutunnet, j\u00e4tmata nahale rasvast kihti.<\/p>\n<p class=\"\" data-start=\"638\" data-end=\"873\"><em>Allantoiin<\/em> ja <em>bisabolool<\/em> tugevdavad rahustavat toimet ning muudavad kuivad nahalaigud taas pehmeks ja elastseks.<\/p>\n<p data-start=\"638\" data-end=\"873\">Kreem on v\u00e4ga \u00f5rn ning sisaldab olulisi mineraale, mis ergutavad rakkude tegevust, tugevdavad nahabarj\u00e4\u00e4ri, soodustavad naha uuenemist ja leevendavad s\u00fcgelust.<\/p>\n<p><strong>KASUTAMINE<\/strong><br \/>\nKanna hommikul ja \u00f5htul p\u00e4rast puhastamist n\u00e4ole, kaelale ja dekolteele ning masseeri \u00f5rnalt nahka.<\/p>\n<p><strong>KOOSTIS<br \/>\n<\/strong>Aqua\/Water, Decyl Oleate, Glycerin, Cetearyl Alcohol, Octyldodecanol, Glyceryl Stearate Citrate, Pentylene Glycol, Urea, Butyrospermum Parkii (Shea)Butter, Simmondsia Chinensis (Jojoba) Seed Oil, Panthenol, Maris Sal\/Sea Salt, Bisabolol, Maris Aqua\/Sea Water, Xanthan Gum, Allantoin, Tocopheryl Acetate, Glyceryl Stearate, Hydroxyacetophenone, Tocopherol, Hydrogenated Palm Glycerides Citrate, Phenoxyethanol, Sodium Hydroxide<\/p>\n<p><span style=\"font-size: xx-small;\">498.-\u20ac\/l<\/span><\/p>\n","protected":false},"excerpt":{"rendered":"<p class=\"\" data-start=\"43\" data-end=\"210\">KUIVALE JA \u00c4RRITUNUD NAHALE<br data-start=\"126\" data-end=\"129\" \/>Rahustav kreem v\u00e4ga kuivale nahale, mis on kalduv ekseemile v\u00f5i psoriaasile<\/p>\n<p data-start=\"43\" data-end=\"210\">50 ml<\/p>\n<p class=\"\" data-start=\"212\" data-end=\"232\"><strong data-start=\"212\" data-end=\"230\">Toote eelised:<\/strong><\/p>\n<ul data-start=\"233\" data-end=\"674\">\n<li class=\"\" data-start=\"233\" data-end=\"281\">\n<p class=\"\" data-start=\"235\" data-end=\"281\">Rahustav kreem originaalse Surnumere soolaga<\/p>\n<\/li>\n<li class=\"\" data-start=\"282\" data-end=\"325\">\n<p class=\"\" data-start=\"284\" data-end=\"325\">Leevendab s\u00fcgelust ja pingulolekutunnet<\/p>\n<\/li>\n<li class=\"\" data-start=\"326\" data-end=\"354\">\n<p class=\"\" data-start=\"328\" data-end=\"354\">Soodustab naha uuenemist<\/p>\n<\/li>\n<li class=\"\" data-start=\"355\" data-end=\"387\">\n<p class=\"\" data-start=\"357\" data-end=\"387\">Uurea hoiab naha niisutatuna<\/p>\n<\/li>\n<li class=\"\" data-start=\"388\" data-end=\"434\">\n<p class=\"\" data-start=\"390\" data-end=\"434\">Pantenool rahustab stressis ja kuiva nahka<\/p>\n<\/li>\n<li class=\"\" data-start=\"435\" data-end=\"489\">\n<p class=\"\" data-start=\"437\" data-end=\"489\">Dermatoloogiliselt testitud, hinnang \u201eSuurep\u00e4rane\u201c<\/p>\n<\/li>\n<li class=\"\" data-start=\"490\" data-end=\"521\">\n<p class=\"\" data-start=\"492\" data-end=\"521\">94% looduslikud koostisosad<\/p>\n<\/li>\n<li class=\"\" data-start=\"522\" data-end=\"620\">\n<p class=\"\" data-start=\"524\" data-end=\"620\">L\u00f5hna- ja v\u00e4rvainetevaba, ei sisalda kortisooni, mikroplasti, PEG-i, mineraal\u00f5li ega parabeene<\/p>\n<\/li>\n<\/ul>\n","protected":false},"featured_media":10096,"template":"","meta":{"om_disable_all_campaigns":false,"_monsterinsights_skip_tracking":false,"_monsterinsights_sitenote_active":false,"_monsterinsights_sitenote_note":"","_monsterinsights_sitenote_category":0,"_uf_show_specific_survey":0,"_uf_disable_surveys":false,"site-sidebar-layout":"default","site-content-layout":"","ast-site-content-layout":"default","site-content-style":"default","site-sidebar-style":"default","ast-global-header-display":"","ast-banner-title-visibility":"","ast-main-header-display":"","ast-hfb-above-header-display":"","ast-hfb-below-header-display":"","ast-hfb-mobile-header-display":"","site-post-title":"","ast-breadcrumbs-content":"","ast-featured-img":"","footer-sml-layout":"","theme-transparent-header-meta":"default","adv-header-id-meta":"","stick-header-meta":"","header-above-stick-meta":"","header-main-stick-meta":"","header-below-stick-meta":"","astra-migrate-meta-layouts":"set","ast-page-background-enabled":"default","ast-page-background-meta":{"desktop":{"background-color":"var(--ast-global-color-4)","background-image":"","background-repeat":"repeat","background-position":"center center","background-size":"auto","background-attachment":"scroll","background-type":"","background-media":"","overlay-type":"","overlay-color":"","overlay-opacity":"","overlay-gradient":""},"tablet":{"background-color":"","background-image":"","background-repeat":"repeat","background-position":"center center","background-size":"auto","background-attachment":"scroll","background-type":"","background-media":"","overlay-type":"","overlay-color":"","overlay-opacity":"","overlay-gradient":""},"mobile":{"background-color":"","background-image":"","background-repeat":"repeat","background-position":"center center","background-size":"auto","background-attachment":"scroll","background-type":"","background-media":"","overlay-type":"","overlay-color":"","overlay-opacity":"","overlay-gradient":""}},"ast-content-background-meta":{"desktop":{"background-color":"var(--ast-global-color-5)","background-image":"","background-repeat":"repeat","background-position":"center center","background-size":"auto","background-attachment":"scroll","background-type":"","background-media":"","overlay-type":"","overlay-color":"","overlay-opacity":"","overlay-gradient":""},"tablet":{"background-color":"var(--ast-global-color-5)","background-image":"","background-repeat":"repeat","background-position":"center center","background-size":"auto","background-attachment":"scroll","background-type":"","background-media":"","overlay-type":"","overlay-color":"","overlay-opacity":"","overlay-gradient":""},"mobile":{"background-color":"var(--ast-global-color-5)","background-image":"","background-repeat":"repeat","background-position":"center center","background-size":"auto","background-attachment":"scroll","background-type":"","background-media":"","overlay-type":"","overlay-color":"","overlay-opacity":"","overlay-gradient":""}}},"product_brand":[],"product_cat":[75,15,426],"product_tag":[],"class_list":{"0":"post-10095","1":"product","2":"type-product","3":"status-publish","4":"has-post-thumbnail","6":"product_cat-kreemid-naole","7":"product_cat-naole","8":"product_cat-uued-tooted","9":"desktop-align-center","10":"tablet-align-left","11":"mobile-align-left","13":"first","14":"instock","15":"taxable","16":"shipping-taxable","17":"purchasable","18":"product-type-simple","19":"add-to-wishlist-before_image"},"aioseo_notices":[],"_links":{"self":[{"href":"https:\/\/kosmeetika24.eu\/et\/wp-json\/wp\/v2\/product\/10095","targetHints":{"allow":["GET"]}}],"collection":[{"href":"https:\/\/kosmeetika24.eu\/et\/wp-json\/wp\/v2\/product"}],"about":[{"href":"https:\/\/kosmeetika24.eu\/et\/wp-json\/wp\/v2\/types\/product"}],"version-history":[{"count":8,"href":"https:\/\/kosmeetika24.eu\/et\/wp-json\/wp\/v2\/product\/10095\/revisions"}],"predecessor-version":[{"id":10495,"href":"https:\/\/kosmeetika24.eu\/et\/wp-json\/wp\/v2\/product\/10095\/revisions\/10495"}],"wp:featuredmedia":[{"embeddable":true,"href":"https:\/\/kosmeetika24.eu\/et\/wp-json\/wp\/v2\/media\/10096"}],"wp:attachment":[{"href":"https:\/\/kosmeetika24.eu\/et\/wp-json\/wp\/v2\/media?parent=10095"}],"wp:term":[{"taxonomy":"product_brand","embeddable":true,"href":"https:\/\/kosmeetika24.eu\/et\/wp-json\/wp\/v2\/product_brand?post=10095"},{"taxonomy":"product_cat","embeddable":true,"href":"https:\/\/kosmeetika24.eu\/et\/wp-json\/wp\/v2\/product_cat?post=10095"},{"taxonomy":"product_tag","embeddable":true,"href":"https:\/\/kosmeetika24.eu\/et\/wp-json\/wp\/v2\/product_tag?post=10095"}],"curies":[{"name":"wp","href":"https:\/\/api.w.org\/{rel}","templated":true}]}}