{"id":10033,"date":"2025-03-21T14:07:44","date_gmt":"2025-03-21T11:07:44","guid":{"rendered":"https:\/\/kosmeetika24.eu\/?post_type=product&#038;p=10033"},"modified":"2026-04-01T16:10:28","modified_gmt":"2026-04-01T13:10:28","slug":"reveel-c-vitamiini-6-nadalane-komplekt","status":"publish","type":"product","link":"https:\/\/kosmeetika24.eu\/et\/toode\/reveel-c-vitamiini-6-nadalane-komplekt\/","title":{"rendered":"Reveel C Vitamiini 6 n\u00e4dalane komplekt"},"content":{"rendered":"<p>C-vitamiini kontsentraat koosneb L-askorbiinhappest, C-vitamiini algsest ja t\u00f5husaimast vormist.<\/p>\n<div id=\"s-c33c2126-a265-4d09-b091-c7c10f2be079\" class=\"shg-c \">\n<div class=\"shg-rich-text shg-theme-text-content\">\n<p>Aja jooksul, kui nahk kaotab loomulikult kollageeni, v\u00f5ib jume tunduda eba\u00fchtlane, muutes jooned ja kortsud silmatorkavamaks. N\u00e4htavaid vananemisilminguid ja naha kontuuri saab parandada C-vitamiiniga. Kontsentraat v\u00e4hendab peenete joonte ja kortsude silmatorkavust ning muudab naha tooni \u00fchtlasemaks.<\/p>\n<\/div>\n<\/div>\n<div id=\"s-4b56fa97-5c28-41f8-b602-4f567cb52488\" class=\"shg-c \">\n<div class=\"shg-rich-text shg-theme-text-content\">\n<p>Teaduslikult on t\u00f5estatud, et C-vitamiin parandab t\u00f5husalt naha enda kollageeni tootmist.<\/p>\n<\/div>\n<\/div>\n<p>T\u00e4nu ainulaadsele tehnoloogiale s\u00e4ilib C-vitamiin k\u00f5ige aktiivsemal kujul ohutult kuni pealekandmiseni ja selle t\u00e4ielik toime avaldub alles siis, kui see k\u00e4es v\u00e4rskelt aktiveeritakse \u2013 vahetult enne nahka imendumist.<\/p>\n<p>Tooed on m\u00f5eldud igap\u00e4evaseks kasutamiseks 6 n\u00e4dala jooksul.<\/p>\n<p><strong>KASUTAMINE<\/strong><\/p>\n<div id=\"s-17b84f79-7465-48ad-9936-6aec6f927e50\" class=\"shg-c \">\n<div class=\"shg-rich-text shg-theme-text-content\">\n<p>1. Asetage \u00fcks C-vitamiini kontsentraadi &#8220;helmes&#8221; peopesasse, aktiveerige see \u00fche aktivaatori pumbaga.<br \/>\n2. Segage m\u00f5lema k\u00e4e peopesade vahel ja kandke n\u00e4ole.<br \/>\n3. Kandke oma tavalist niisutajat.<br \/>\n4. Kasuta peal p\u00e4ikesekaitsekreemi.<\/p>\n<p><strong><span style=\"font-size: 16px;\">KOOSTIS<\/span><\/strong><\/p>\n<p><span style=\"font-size: 16px;\">Vitamiin- C: Ascorbic Acid, Polyquaternium-10, Simmondsia Chinensis (Jojoba) Seed Oil.<\/span><\/p>\n<\/div>\n<\/div>\n<div id=\"s-e8177715-318e-4940-9a9a-45545310786c\" class=\"shg-c \">\n<div class=\"shg-rich-text shg-theme-text-content\">\n<p>Aktiveeriv vedelik: <span style=\"font-size: 16px;\">\u00a0Aqua (Water), Glycerin, 1,5-Pentanediol, Sodium Lactate, Lactobacillus Ferment.<\/span><\/p>\n<\/div>\n<\/div>\n","protected":false},"excerpt":{"rendered":"<p>6-n\u00e4dalane rutiin vananemisilmingute v\u00e4hendamiseks.<\/p>\n<ul>\n<li>Pakub antioks\u00fcdatiivset kaitset naha enneaegse vananemisevastu.<\/li>\n<li>Aitab pinguldada nahakontuuri ja \u00fchtlustada naha tooni.<\/li>\n<li>V\u00e4hendab n\u00e4htavaid vananemise m\u00e4rke: peened jooned ja kortsud<\/li>\n<li>Iga C-vitamiini kontsentraadi viaal sisaldab 7 helmest<\/li>\n<\/ul>\n<p>Komplekt koosneb aktivaatorist ja 6 vitamiini viaalist.<\/p>\n","protected":false},"featured_media":10034,"template":"","meta":{"om_disable_all_campaigns":false,"_monsterinsights_skip_tracking":false,"_monsterinsights_sitenote_active":false,"_monsterinsights_sitenote_note":"","_monsterinsights_sitenote_category":0,"_uf_show_specific_survey":0,"_uf_disable_surveys":false,"site-sidebar-layout":"default","site-content-layout":"","ast-site-content-layout":"default","site-content-style":"default","site-sidebar-style":"default","ast-global-header-display":"","ast-banner-title-visibility":"","ast-main-header-display":"","ast-hfb-above-header-display":"","ast-hfb-below-header-display":"","ast-hfb-mobile-header-display":"","site-post-title":"","ast-breadcrumbs-content":"","ast-featured-img":"","footer-sml-layout":"","theme-transparent-header-meta":"default","adv-header-id-meta":"","stick-header-meta":"","header-above-stick-meta":"","header-main-stick-meta":"","header-below-stick-meta":"","astra-migrate-meta-layouts":"set","ast-page-background-enabled":"default","ast-page-background-meta":{"desktop":{"background-color":"var(--ast-global-color-4)","background-image":"","background-repeat":"repeat","background-position":"center center","background-size":"auto","background-attachment":"scroll","background-type":"","background-media":"","overlay-type":"","overlay-color":"","overlay-opacity":"","overlay-gradient":""},"tablet":{"background-color":"","background-image":"","background-repeat":"repeat","background-position":"center center","background-size":"auto","background-attachment":"scroll","background-type":"","background-media":"","overlay-type":"","overlay-color":"","overlay-opacity":"","overlay-gradient":""},"mobile":{"background-color":"","background-image":"","background-repeat":"repeat","background-position":"center center","background-size":"auto","background-attachment":"scroll","background-type":"","background-media":"","overlay-type":"","overlay-color":"","overlay-opacity":"","overlay-gradient":""}},"ast-content-background-meta":{"desktop":{"background-color":"var(--ast-global-color-5)","background-image":"","background-repeat":"repeat","background-position":"center center","background-size":"auto","background-attachment":"scroll","background-type":"","background-media":"","overlay-type":"","overlay-color":"","overlay-opacity":"","overlay-gradient":""},"tablet":{"background-color":"var(--ast-global-color-5)","background-image":"","background-repeat":"repeat","background-position":"center center","background-size":"auto","background-attachment":"scroll","background-type":"","background-media":"","overlay-type":"","overlay-color":"","overlay-opacity":"","overlay-gradient":""},"mobile":{"background-color":"var(--ast-global-color-5)","background-image":"","background-repeat":"repeat","background-position":"center center","background-size":"auto","background-attachment":"scroll","background-type":"","background-media":"","overlay-type":"","overlay-color":"","overlay-opacity":"","overlay-gradient":""}}},"product_brand":[],"product_cat":[50,80,426],"product_tag":[],"class_list":{"0":"post-10033","1":"product","2":"type-product","3":"status-publish","4":"has-post-thumbnail","6":"product_cat-kampaaniad","7":"product_cat-kontsentraadid","8":"product_cat-uued-tooted","9":"desktop-align-center","10":"tablet-align-left","11":"mobile-align-left","13":"first","14":"instock","15":"sale","16":"taxable","17":"shipping-taxable","18":"purchasable","19":"product-type-simple","20":"add-to-wishlist-before_image"},"aioseo_notices":[],"_links":{"self":[{"href":"https:\/\/kosmeetika24.eu\/et\/wp-json\/wp\/v2\/product\/10033","targetHints":{"allow":["GET"]}}],"collection":[{"href":"https:\/\/kosmeetika24.eu\/et\/wp-json\/wp\/v2\/product"}],"about":[{"href":"https:\/\/kosmeetika24.eu\/et\/wp-json\/wp\/v2\/types\/product"}],"version-history":[{"count":6,"href":"https:\/\/kosmeetika24.eu\/et\/wp-json\/wp\/v2\/product\/10033\/revisions"}],"predecessor-version":[{"id":10042,"href":"https:\/\/kosmeetika24.eu\/et\/wp-json\/wp\/v2\/product\/10033\/revisions\/10042"}],"wp:featuredmedia":[{"embeddable":true,"href":"https:\/\/kosmeetika24.eu\/et\/wp-json\/wp\/v2\/media\/10034"}],"wp:attachment":[{"href":"https:\/\/kosmeetika24.eu\/et\/wp-json\/wp\/v2\/media?parent=10033"}],"wp:term":[{"taxonomy":"product_brand","embeddable":true,"href":"https:\/\/kosmeetika24.eu\/et\/wp-json\/wp\/v2\/product_brand?post=10033"},{"taxonomy":"product_cat","embeddable":true,"href":"https:\/\/kosmeetika24.eu\/et\/wp-json\/wp\/v2\/product_cat?post=10033"},{"taxonomy":"product_tag","embeddable":true,"href":"https:\/\/kosmeetika24.eu\/et\/wp-json\/wp\/v2\/product_tag?post=10033"}],"curies":[{"name":"wp","href":"https:\/\/api.w.org\/{rel}","templated":true}]}}