{"id":3,"date":"2019-07-23T10:00:36","date_gmt":"2019-07-23T10:00:36","guid":{"rendered":"https:\/\/kosmeetika24.eu\/?page_id=3"},"modified":"2020-01-08T12:24:59","modified_gmt":"2020-01-08T12:24:59","slug":"privaatsuspoliitika","status":"publish","type":"page","link":"https:\/\/kosmeetika24.eu\/et\/privaatsuspoliitika\/","title":{"rendered":"Privaatsuspoliitika"},"content":{"rendered":"\r\n<p>K\u00f5iki Allerbeste O\u00dc e-poe k\u00fclastamise ja ostude sooritamise k\u00e4igus teatavaks saanud kliendi isikuandmeid k\u00e4sitleb Allerbeste O\u00dc\u00a0 kui konfidentsiaalset infot ja seda ei avaldata kolmandatele osapooltele.<\/p>\r\n<p>Kr\u00fcptitud andmesidekanal pankadega tagab ostu sooritaja isikuandmete ja pangarekvisiitide turvalisuse. Ka Allerbeste O\u00dc\u00a0-l puudub neile juurdep\u00e4\u00e4s.<\/p>\r\n<p>Allerbeste O\u00dc kogub isikuandmeid \u00fcksikisikuga s\u00f5lmitud lepingu t\u00e4itmisel v\u00f5i temaga \u00fchenduse v\u00f5tmiseks.<\/p>\r\n<p>Isikuandmete kogumine v\u00f5ib toimuda allj\u00e4rgnevatel viisidel:<\/p>\r\n<ul>\r\n<li>kontaktandmete (sh sinu nimi, postiaadress, telefoninumber, e-posti aadress) esitamisel meie veebisaidil.<\/li>\r\n<li>veebisaidi kasutamisel kliendi kontoinfo v\u00f5i k\u00fcpsiste (cookies) kaudu.<\/li>\r\n<li>ostu v\u00f5i tellimuse sooritamisel meie e-poes isiku kontaktandmete v\u00f5i ostueelistusi puudutavate andmete talletamisel.<\/li>\r\n<\/ul>\r\n<p>Allerbeste O\u00dc t\u00f6\u00f6tleb isikuandmeid j\u00e4rgmistel eesm\u00e4rkidel: ostuanal\u00fc\u00fcside ja kokkuv\u00f5tete tegemiseks, Kliendile pakkumiste tegemiseks ja ka Kliendi rahulolu k\u00fcsitluste korraldamiseks.<\/p>\r\n<p>Kliendi isikuandmeid t\u00f6\u00f6tlebAllerbeste O\u00dc\u00a0vastavalt isikuandmete kaitse seaduse n\u00f5uetele.<\/p>\r\n<p>Maksete t\u00f6\u00f6tlemiseks edastatakse andmed Maksekeskus ASile.<\/p>\r\n<p>Isikuandmete vastutav t\u00f6\u00f6tleja on Allerbeste O\u00dc\u00a0. Maksete teostamiseks vajalikud isikuandmed edastatakse volitatud t\u00f6\u00f6tleja Maksekeskus AS-le.<\/p>\r\n","protected":false},"excerpt":{"rendered":"<p>K\u00f5iki Allerbeste O\u00dc e-poe k\u00fclastamise ja ostude sooritamise k\u00e4igus teatavaks saanud kliendi isikuandmeid k\u00e4sitleb Allerbeste O\u00dc\u00a0 kui konfidentsiaalset infot ja [&hellip;]<\/p>\n","protected":false},"author":3,"featured_media":0,"parent":0,"menu_order":0,"comment_status":"closed","ping_status":"closed","template":"","meta":{"om_disable_all_campaigns":false,"_monsterinsights_skip_tracking":false,"_monsterinsights_sitenote_active":false,"_monsterinsights_sitenote_note":"","_monsterinsights_sitenote_category":0,"_uf_show_specific_survey":0,"_uf_disable_surveys":false,"site-sidebar-layout":"default","site-content-layout":"","ast-site-content-layout":"","site-content-style":"default","site-sidebar-style":"default","ast-global-header-display":"","ast-banner-title-visibility":"","ast-main-header-display":"","ast-hfb-above-header-display":"","ast-hfb-below-header-display":"","ast-hfb-mobile-header-display":"","site-post-title":"","ast-breadcrumbs-content":"","ast-featured-img":"","footer-sml-layout":"","theme-transparent-header-meta":"","adv-header-id-meta":"","stick-header-meta":"","header-above-stick-meta":"","header-main-stick-meta":"","header-below-stick-meta":"","astra-migrate-meta-layouts":"default","ast-page-background-enabled":"default","ast-page-background-meta":{"desktop":{"background-color":"var(--ast-global-color-4)","background-image":"","background-repeat":"repeat","background-position":"center center","background-size":"auto","background-attachment":"scroll","background-type":"","background-media":"","overlay-type":"","overlay-color":"","overlay-opacity":"","overlay-gradient":""},"tablet":{"background-color":"","background-image":"","background-repeat":"repeat","background-position":"center center","background-size":"auto","background-attachment":"scroll","background-type":"","background-media":"","overlay-type":"","overlay-color":"","overlay-opacity":"","overlay-gradient":""},"mobile":{"background-color":"","background-image":"","background-repeat":"repeat","background-position":"center center","background-size":"auto","background-attachment":"scroll","background-type":"","background-media":"","overlay-type":"","overlay-color":"","overlay-opacity":"","overlay-gradient":""}},"ast-content-background-meta":{"desktop":{"background-color":"var(--ast-global-color-5)","background-image":"","background-repeat":"repeat","background-position":"center center","background-size":"auto","background-attachment":"scroll","background-type":"","background-media":"","overlay-type":"","overlay-color":"","overlay-opacity":"","overlay-gradient":""},"tablet":{"background-color":"var(--ast-global-color-5)","background-image":"","background-repeat":"repeat","background-position":"center center","background-size":"auto","background-attachment":"scroll","background-type":"","background-media":"","overlay-type":"","overlay-color":"","overlay-opacity":"","overlay-gradient":""},"mobile":{"background-color":"var(--ast-global-color-5)","background-image":"","background-repeat":"repeat","background-position":"center center","background-size":"auto","background-attachment":"scroll","background-type":"","background-media":"","overlay-type":"","overlay-color":"","overlay-opacity":"","overlay-gradient":""}},"footnotes":""},"class_list":["post-3","page","type-page","status-publish","hentry"],"aioseo_notices":[],"_links":{"self":[{"href":"https:\/\/kosmeetika24.eu\/et\/wp-json\/wp\/v2\/pages\/3","targetHints":{"allow":["GET"]}}],"collection":[{"href":"https:\/\/kosmeetika24.eu\/et\/wp-json\/wp\/v2\/pages"}],"about":[{"href":"https:\/\/kosmeetika24.eu\/et\/wp-json\/wp\/v2\/types\/page"}],"author":[{"embeddable":true,"href":"https:\/\/kosmeetika24.eu\/et\/wp-json\/wp\/v2\/users\/3"}],"replies":[{"embeddable":true,"href":"https:\/\/kosmeetika24.eu\/et\/wp-json\/wp\/v2\/comments?post=3"}],"version-history":[{"count":3,"href":"https:\/\/kosmeetika24.eu\/et\/wp-json\/wp\/v2\/pages\/3\/revisions"}],"predecessor-version":[{"id":2901,"href":"https:\/\/kosmeetika24.eu\/et\/wp-json\/wp\/v2\/pages\/3\/revisions\/2901"}],"wp:attachment":[{"href":"https:\/\/kosmeetika24.eu\/et\/wp-json\/wp\/v2\/media?parent=3"}],"curies":[{"name":"wp","href":"https:\/\/api.w.org\/{rel}","templated":true}]}}