{"id":1384,"date":"2018-06-22T09:41:12","date_gmt":"2018-06-22T09:41:12","guid":{"rendered":"http:\/\/sw-themes.com\/porto_dummy\/?page_id=1384"},"modified":"2024-01-30T12:42:26","modified_gmt":"2024-01-30T12:42:26","slug":"ettevottest","status":"publish","type":"page","link":"https:\/\/kosmeetika24.eu\/et\/ettevottest\/","title":{"rendered":"Ettev\u00f5ttest"},"content":{"rendered":"<p>Sinu nahk muutub ajas koos sinuga. Ta talletab endasse kogemusi, t\u00e4iustub, n\u00f5rgeneb, paraneb. Aja kulgu ei saa peatada, k\u00fcll aga on v\u00f5imalik ise valida, millist m\u00f5ju aeg sulle avaldab. <strong>Kosmeetika24.eu<\/strong> taastab sinu naha kauni jume ja siidpehme sileduse, et tunneksid end taas noorena.<\/p>\n<p><strong>Kosmeetika24.eu<\/strong> meeskond koosneb kosmeetilise haridusega diagnostikutest ja kosmeetikutest. \u00a0Teeme k\u00f5ik selleks, et meie t\u00f6\u00f6tajad saaksid enda oskusi pidevalt t\u00e4iendada ning pakkuda teile parimaid kosmeetikatooteid Eestis.<\/p>\n","protected":false},"excerpt":{"rendered":"<p>Sinu nahk muutub ajas koos sinuga. Ta talletab endasse kogemusi, t\u00e4iustub, n\u00f5rgeneb, paraneb. Aja kulgu ei saa peatada, k\u00fcll aga [&hellip;]<\/p>\n","protected":false},"author":3,"featured_media":0,"parent":0,"menu_order":0,"comment_status":"closed","ping_status":"closed","template":"","meta":{"om_disable_all_campaigns":false,"_monsterinsights_skip_tracking":false,"_monsterinsights_sitenote_active":false,"_monsterinsights_sitenote_note":"","_monsterinsights_sitenote_category":0,"_uf_show_specific_survey":0,"_uf_disable_surveys":false,"site-sidebar-layout":"no-sidebar","site-content-layout":"","ast-site-content-layout":"normal-width-container","site-content-style":"default","site-sidebar-style":"default","ast-global-header-display":"","ast-banner-title-visibility":"","ast-main-header-display":"","ast-hfb-above-header-display":"","ast-hfb-below-header-display":"","ast-hfb-mobile-header-display":"","site-post-title":"","ast-breadcrumbs-content":"","ast-featured-img":"","footer-sml-layout":"","theme-transparent-header-meta":"disabled","adv-header-id-meta":"","stick-header-meta":"","header-above-stick-meta":"","header-main-stick-meta":"","header-below-stick-meta":"","astra-migrate-meta-layouts":"set","ast-page-background-enabled":"default","ast-page-background-meta":{"desktop":{"background-color":"var(--ast-global-color-4)","background-image":"","background-repeat":"repeat","background-position":"center center","background-size":"auto","background-attachment":"scroll","background-type":"","background-media":"","overlay-type":"","overlay-color":"","overlay-opacity":"","overlay-gradient":""},"tablet":{"background-color":"","background-image":"","background-repeat":"repeat","background-position":"center center","background-size":"auto","background-attachment":"scroll","background-type":"","background-media":"","overlay-type":"","overlay-color":"","overlay-opacity":"","overlay-gradient":""},"mobile":{"background-color":"","background-image":"","background-repeat":"repeat","background-position":"center center","background-size":"auto","background-attachment":"scroll","background-type":"","background-media":"","overlay-type":"","overlay-color":"","overlay-opacity":"","overlay-gradient":""}},"ast-content-background-meta":{"desktop":{"background-color":"var(--ast-global-color-5)","background-image":"","background-repeat":"repeat","background-position":"center center","background-size":"auto","background-attachment":"scroll","background-type":"","background-media":"","overlay-type":"","overlay-color":"","overlay-opacity":"","overlay-gradient":""},"tablet":{"background-color":"var(--ast-global-color-5)","background-image":"","background-repeat":"repeat","background-position":"center center","background-size":"auto","background-attachment":"scroll","background-type":"","background-media":"","overlay-type":"","overlay-color":"","overlay-opacity":"","overlay-gradient":""},"mobile":{"background-color":"var(--ast-global-color-5)","background-image":"","background-repeat":"repeat","background-position":"center center","background-size":"auto","background-attachment":"scroll","background-type":"","background-media":"","overlay-type":"","overlay-color":"","overlay-opacity":"","overlay-gradient":""}},"footnotes":""},"class_list":["post-1384","page","type-page","status-publish","hentry"],"aioseo_notices":[],"_links":{"self":[{"href":"https:\/\/kosmeetika24.eu\/et\/wp-json\/wp\/v2\/pages\/1384","targetHints":{"allow":["GET"]}}],"collection":[{"href":"https:\/\/kosmeetika24.eu\/et\/wp-json\/wp\/v2\/pages"}],"about":[{"href":"https:\/\/kosmeetika24.eu\/et\/wp-json\/wp\/v2\/types\/page"}],"author":[{"embeddable":true,"href":"https:\/\/kosmeetika24.eu\/et\/wp-json\/wp\/v2\/users\/3"}],"replies":[{"embeddable":true,"href":"https:\/\/kosmeetika24.eu\/et\/wp-json\/wp\/v2\/comments?post=1384"}],"version-history":[{"count":7,"href":"https:\/\/kosmeetika24.eu\/et\/wp-json\/wp\/v2\/pages\/1384\/revisions"}],"predecessor-version":[{"id":6958,"href":"https:\/\/kosmeetika24.eu\/et\/wp-json\/wp\/v2\/pages\/1384\/revisions\/6958"}],"wp:attachment":[{"href":"https:\/\/kosmeetika24.eu\/et\/wp-json\/wp\/v2\/media?parent=1384"}],"curies":[{"name":"wp","href":"https:\/\/api.w.org\/{rel}","templated":true}]}}